{"id":2166,"date":"2018-06-12T15:04:47","date_gmt":"2018-06-12T13:04:47","guid":{"rendered":"https:\/\/varosun.com\/?page_id=2166"},"modified":"2025-12-18T22:09:16","modified_gmt":"2025-12-18T21:09:16","slug":"ueber-uns","status":"publish","type":"page","link":"https:\/\/dev.varosun.com\/en\/ueber-uns\/","title":{"rendered":"\u00dcber VaroSun"},"content":{"rendered":"\t\t<div data-elementor-type=\"wp-page\" data-elementor-id=\"2166\" class=\"elementor elementor-2166\" data-elementor-post-type=\"page\">\n\t\t\t\t<div class=\"wd-negative-gap elementor-element elementor-element-441369d e-flex e-con-boxed e-con e-parent\" data-id=\"441369d\" data-element_type=\"container\" data-e-type=\"container\">\n\t\t\t\t\t<div class=\"e-con-inner\">\n\t\t<div class=\"elementor-element elementor-element-2c63d1d e-con-full e-flex e-con e-child\" data-id=\"2c63d1d\" data-element_type=\"container\" data-e-type=\"container\">\n\t\t\t\t<div class=\"elementor-element elementor-element-d5b6404 elementor-widget elementor-widget-heading\" data-id=\"d5b6404\" data-element_type=\"widget\" data-e-type=\"widget\" data-widget_type=\"heading.default\">\n\t\t\t\t\t<h2 class=\"elementor-heading-title elementor-size-default\">VaroSun wurde f\u00fcr einen\neinfachen Zweck erfunden<\/h2>\t\t\t\t<\/div>\n\t\t\t\t<div class=\"elementor-element elementor-element-c3ccdf7 color-scheme-inherit text-left elementor-widget elementor-widget-text-editor\" data-id=\"c3ccdf7\" data-element_type=\"widget\" data-e-type=\"widget\" data-widget_type=\"text-editor.default\">\n\t\t\t\t\t\t\t\t\t<p>Die Idee ist 2015 aus der extremen Hitze in der Dachgeschosswohnung des Gr\u00fcnders, Carlo Siebert, entstanden. Da die meisten Wohnungen im Dachgeschoss sehr warm werden, wenn es Sommer ist, musste eine L\u00f6sung her. Dabei f\u00e4llt eine D\u00e4mmung des Daches aus &#8211; es bleiben die Fenster, die die meiste Hitze in die Wohnung transportieren.\u00a0<\/p>\t\t\t\t\t\t\t\t<\/div>\n\t\t\t\t<div class=\"elementor-element elementor-element-0345309 elementor-align-center elementor-widget elementor-widget-lottie\" data-id=\"0345309\" data-element_type=\"widget\" data-e-type=\"widget\" data-settings=\"{&quot;source&quot;:&quot;external_url&quot;,&quot;source_external_url&quot;:{&quot;url&quot;:&quot;https:\\\/\\\/lottie.host\\\/aa767280-ad6a-40fc-a503-097326c3d889\\\/E7e3KGBpf9.json&quot;,&quot;is_external&quot;:&quot;&quot;,&quot;nofollow&quot;:&quot;&quot;,&quot;custom_attributes&quot;:&quot;&quot;},&quot;link_to&quot;:&quot;none&quot;,&quot;trigger&quot;:&quot;arriving_to_viewport&quot;,&quot;viewport&quot;:{&quot;unit&quot;:&quot;%&quot;,&quot;size&quot;:&quot;&quot;,&quot;sizes&quot;:{&quot;start&quot;:0,&quot;end&quot;:100}},&quot;play_speed&quot;:{&quot;unit&quot;:&quot;px&quot;,&quot;size&quot;:1,&quot;sizes&quot;:[]},&quot;start_point&quot;:{&quot;unit&quot;:&quot;%&quot;,&quot;size&quot;:0,&quot;sizes&quot;:[]},&quot;end_point&quot;:{&quot;unit&quot;:&quot;%&quot;,&quot;size&quot;:100,&quot;sizes&quot;:[]},&quot;renderer&quot;:&quot;svg&quot;}\" data-widget_type=\"lottie.default\">\n\t\t\t\t\t<div class=\"e-lottie__container\"><div class=\"e-lottie__animation\"><\/div><\/div>\t\t\t\t<\/div>\n\t\t\t\t<div class=\"elementor-element elementor-element-cd29585 color-scheme-inherit text-left elementor-widget elementor-widget-text-editor\" data-id=\"cd29585\" data-element_type=\"widget\" data-e-type=\"widget\" data-widget_type=\"text-editor.default\">\n\t\t\t\t\t\t\t\t\t<p>Plissees erf\u00fcllen hierbei leider keinen Zweck, da die Hitze bereits in der Wohnung ist, wenn sie vom Plissee reflektiert wird. Zus\u00e4tzlich wird das Plissee selbst warm und gibt entsprechend W\u00e4rme ab.\u00a0 Weiterhin bestand das Problem, dass er kein Eigent\u00fcmer der Wohnung war und deshalb auch die Fenster nicht besch\u00e4digen durfte (Bohren und Nageln ist bspw. Sachbesch\u00e4digung, da Fenster Eigentum des Vermieters ist). Somit sind auch diese L\u00f6sungen nicht im Bereich des M\u00f6glichen gewesen.\u00a0<\/p>\n<p>Nach einem Jahr T\u00fcfteln wurde die erste Version von VaroSun im Sommer 2016 getestet. Da ein echter Test immer nur im Sommer funktioniert, war die Entwicklungszeit entsprechend lange. Mittlerweile gibt es eine eigene Abteilung f\u00fcr Produktentwicklung, aber 2016 war dies noch Zukunftsmusik.\u00a0 Nach etlichen Jahren in verschiedenen Dachgeschosswohnungen und dem st\u00e4ndigen Wechseln der Fenstergr\u00f6\u00dfen musste eine einfache, flexible L\u00f6sung her.<\/p>\n<p>Durch einen Umzug Ende 2018 in eine regul\u00e4re Wohnung musste das Produkt komplett \u00fcberdacht werden. Weil auch normale Wohnungen mit S\u00fcdausrichtung extrem hei\u00df werden. Somit wurde 2017 auch f\u00fcr dieses Problem ein angepasstes VaroSun hergestellt.\u00a0 Seit dem Jahr 2018 existiert dieser Onlineshop und der regul\u00e4re Verkauf, da die Nachfrage von Freunden und G\u00e4sten 2017 den Ansto\u00df gegeben haben. Seitdem ist die Firma von 1 Mitarbeiter auf 15 gewachsen und w\u00e4chst j\u00e4hrlich stark dazu.\u00a0 Mittlerweile hat VaroSun seinen Einsatz bereits in hunderten Wohnungen erprobt, wovon ca. 40 % Wiederk\u00e4ufer (nach Testbestellung oder Weiterempfehlung) sind.<\/p>\n<p>Unser Hitzeschutz wurde nicht nur in Deutschland entwickelt, sondern wird auch hier handgefertigt. Jeder von uns produzierte Hitzeschutz wird individuell gefertigt, wodurch wir nicht nur Passgenauigkeit garantieren k\u00f6nnen, sondern auch unserem hohen Qualit\u00e4tsstandard gerecht werden.<\/p>\n<p>Wir sind ein kleines Team und haben die Mission von den knapp 42 Mio. Wohnungen in Deutschland wenigstens 1 Mio. Wohnungen zu einem k\u00fchlen Sommer zu verhelfen.<\/p>\n<div id=\"gtx-trans\">\u00a0<\/div>\t\t\t\t\t\t\t\t<\/div>\n\t\t\t\t<\/div>\n\t\t<div class=\"elementor-element elementor-element-eac5cba e-con-full e-flex e-con e-child\" data-id=\"eac5cba\" data-element_type=\"container\" data-e-type=\"container\" data-settings=\"{&quot;sticky&quot;:&quot;top&quot;,&quot;sticky_offset&quot;:50,&quot;sticky_parent&quot;:&quot;yes&quot;,&quot;sticky_on&quot;:[&quot;desktop&quot;,&quot;tablet&quot;,&quot;mobile&quot;],&quot;sticky_effects_offset&quot;:0,&quot;sticky_anchor_link_offset&quot;:0}\">\n\t\t\t\t<div class=\"elementor-element elementor-element-fb00947 elementor-widget elementor-widget-image\" data-id=\"fb00947\" data-element_type=\"widget\" data-e-type=\"widget\" data-widget_type=\"image.default\">\n\t\t\t\t\t\t\t\t\t\t\t\t\t\t\t<img loading=\"lazy\" decoding=\"async\" width=\"501\" height=\"998\" src=\"https:\/\/dev.varosun.com\/wp-content\/uploads\/2024\/07\/Group-2325.png\" class=\"attachment-full size-full wp-image-10390\" alt=\"Varosun Diagramm Unternehmenshistorie\" srcset=\"https:\/\/dev.varosun.com\/wp-content\/uploads\/2024\/07\/Group-2325.png 501w, https:\/\/dev.varosun.com\/wp-content\/uploads\/2024\/07\/Group-2325-430x857.png 430w, https:\/\/dev.varosun.com\/wp-content\/uploads\/2024\/07\/Group-2325-200x398.png 200w, https:\/\/dev.varosun.com\/wp-content\/uploads\/2024\/07\/Group-2325-151x300.png 151w\" sizes=\"auto, (max-width: 501px) 100vw, 501px\" \/>\t\t\t\t\t\t\t\t\t\t\t\t\t\t\t<\/div>\n\t\t\t\t<\/div>\n\t\t\t\t\t<\/div>\n\t\t\t\t<\/div>\n\t\t<div class=\"wd-negative-gap elementor-element elementor-element-0180b6f e-flex e-con-boxed e-con e-parent\" data-id=\"0180b6f\" data-element_type=\"container\" data-e-type=\"container\">\n\t\t\t\t\t<div class=\"e-con-inner\">\n\t\t<div class=\"elementor-element elementor-element-d8db7ff e-con-full e-flex e-con e-child\" data-id=\"d8db7ff\" data-element_type=\"container\" data-e-type=\"container\" data-settings=\"{&quot;background_background&quot;:&quot;classic&quot;}\">\n\t\t\t\t<div class=\"elementor-element elementor-element-a027bb4 elementor-widget elementor-widget-heading\" data-id=\"a027bb4\" data-element_type=\"widget\" data-e-type=\"widget\" data-widget_type=\"heading.default\">\n\t\t\t\t\t<h2 class=\"elementor-heading-title elementor-size-default\">Handgefertigt in Deutschland\n<\/h2>\t\t\t\t<\/div>\n\t\t\t\t<div class=\"elementor-element elementor-element-ff1f9ec elementor-widget elementor-widget-heading\" data-id=\"ff1f9ec\" data-element_type=\"widget\" data-e-type=\"widget\" data-widget_type=\"heading.default\">\n\t\t\t\t\t<h2 class=\"elementor-heading-title elementor-size-default\">Handgefertigt in Deutschland\n<\/h2>\t\t\t\t<\/div>\n\t\t\t\t<\/div>\n\t\t\t\t\t<\/div>\n\t\t\t\t<\/div>\n\t\t<div class=\"elementor-element elementor-element-7e74845 e-transform e-flex e-con-boxed e-con e-parent\" data-id=\"7e74845\" data-element_type=\"container\" data-e-type=\"container\" data-settings=\"{&quot;background_background&quot;:&quot;classic&quot;,&quot;_transform_scale_effect_hover&quot;:{&quot;unit&quot;:&quot;px&quot;,&quot;size&quot;:1.100000000000000088817841970012523233890533447265625,&quot;sizes&quot;:[]},&quot;_transform_scale_effect_hover_tablet&quot;:{&quot;unit&quot;:&quot;px&quot;,&quot;size&quot;:&quot;&quot;,&quot;sizes&quot;:[]},&quot;_transform_scale_effect_hover_mobile&quot;:{&quot;unit&quot;:&quot;px&quot;,&quot;size&quot;:&quot;&quot;,&quot;sizes&quot;:[]}}\">\n\t\t\t\t\t<div class=\"e-con-inner\">\n\t\t<div class=\"elementor-element elementor-element-d450286 e-con-full e-flex e-con e-child\" data-id=\"d450286\" data-element_type=\"container\" data-e-type=\"container\">\n\t\t\t\t<div class=\"elementor-element elementor-element-13a5597 elementor-align-center elementor-widget elementor-widget-lottie\" data-id=\"13a5597\" data-element_type=\"widget\" data-e-type=\"widget\" data-settings=\"{&quot;source&quot;:&quot;external_url&quot;,&quot;source_external_url&quot;:{&quot;url&quot;:&quot;https:\\\/\\\/lottie.host\\\/97b954fe-ed81-440e-af67-685a8454a9cd\\\/4Nv6xV8EAs.json&quot;,&quot;is_external&quot;:&quot;&quot;,&quot;nofollow&quot;:&quot;&quot;,&quot;custom_attributes&quot;:&quot;&quot;},&quot;link_to&quot;:&quot;none&quot;,&quot;trigger&quot;:&quot;arriving_to_viewport&quot;,&quot;viewport&quot;:{&quot;unit&quot;:&quot;%&quot;,&quot;size&quot;:&quot;&quot;,&quot;sizes&quot;:{&quot;start&quot;:0,&quot;end&quot;:100}},&quot;play_speed&quot;:{&quot;unit&quot;:&quot;px&quot;,&quot;size&quot;:1,&quot;sizes&quot;:[]},&quot;start_point&quot;:{&quot;unit&quot;:&quot;%&quot;,&quot;size&quot;:0,&quot;sizes&quot;:[]},&quot;end_point&quot;:{&quot;unit&quot;:&quot;%&quot;,&quot;size&quot;:100,&quot;sizes&quot;:[]},&quot;renderer&quot;:&quot;svg&quot;}\" data-widget_type=\"lottie.default\">\n\t\t\t\t\t<div class=\"e-lottie__container\"><div class=\"e-lottie__animation\"><\/div><\/div>\t\t\t\t<\/div>\n\t\t\t\t<\/div>\n\t\t<div class=\"elementor-element elementor-element-44bf030 e-con-full e-flex e-con e-child\" data-id=\"44bf030\" data-element_type=\"container\" data-e-type=\"container\">\n\t\t\t\t<div class=\"elementor-element elementor-element-66c31a6 elementor-widget elementor-widget-heading\" data-id=\"66c31a6\" data-element_type=\"widget\" data-e-type=\"widget\" data-widget_type=\"heading.default\">\n\t\t\t\t\t<h2 class=\"elementor-heading-title elementor-size-default\"> Kundenservice<\/h2>\t\t\t\t<\/div>\n\t\t\t\t<div class=\"elementor-element elementor-element-c191c1c color-scheme-inherit text-left elementor-widget elementor-widget-text-editor\" data-id=\"c191c1c\" data-element_type=\"widget\" data-e-type=\"widget\" data-widget_type=\"text-editor.default\">\n\t\t\t\t\t\t\t\t\t<div id=\"_rich_text-1806-31\" class=\"oxy-rich-text\"><p>Wir sind jederzeit per\u00a0<strong><a href=\"mailto:info@varosun.com\">E-Mail<\/a><\/strong>\u00a0oder \u00fcber unser Kontaktformular f\u00fcr Sie erreichbar.\u00a0<\/p><\/div>\t\t\t\t\t\t\t\t<\/div>\n\t\t\t\t<div class=\"elementor-element elementor-element-0b135d5 elementor-widget elementor-widget-wd_button\" data-id=\"0b135d5\" data-element_type=\"widget\" data-e-type=\"widget\" data-widget_type=\"wd_button.default\">\n\t\t\t\t<div class=\"elementor-widget-container\">\n\t\t\t\t\t\t\t<div class=\"wd-button-wrapper text-left\" >\n\t\t\t<a class=\"btn btn-style-default btn-shape-semi-round btn-size-extra-large btn-color-primary btn-icon-pos-right\"  href=\"https:\/\/dev.varosun.com\/kontakt\/\">\n\t\t\t\t<span class=\"wd-btn-text\" data-elementor-setting-key=\"text\">\n\t\t\t\t\tKontaktieren Sie uns\t\t\t\t<\/span>\n\n\t\t\t\t\t\t\t\t\t<span class=\"wd-btn-icon\">\n\t\t\t\t\t\t<svg class=\"wd-icon e-font-icon-svg e-fas-arrow-right\" viewBox=\"0 0 448 512\" xmlns=\"http:\/\/www.w3.org\/2000\/svg\"><path d=\"M190.5 66.9l22.2-22.2c9.4-9.4 24.6-9.4 33.9 0L441 239c9.4 9.4 9.4 24.6 0 33.9L246.6 467.3c-9.4 9.4-24.6 9.4-33.9 0l-22.2-22.2c-9.5-9.5-9.3-25 .4-34.3L311.4 296H24c-13.3 0-24-10.7-24-24v-32c0-13.3 10.7-24 24-24h287.4L190.9 101.2c-9.8-9.3-10-24.8-.4-34.3z\"><\/path><\/svg>\t\t\t\t\t<\/span>\n\t\t\t\t\t\t\t<\/a>\n\t\t<\/div>\n\t\t\t\t\t\t<\/div>\n\t\t\t\t<\/div>\n\t\t\t\t<\/div>\n\t\t\t\t\t<\/div>\n\t\t\t\t<\/div>\n\t\t\t\t<\/div>\n\t\t","protected":false},"excerpt":{"rendered":"<p>VaroSun wurde f\u00fcr einen einfachen Zweck erfunden Die Idee ist 2015 aus der extremen Hitze in der Dachgeschosswohnung des Gr\u00fcnders,<\/p>","protected":false},"author":160,"featured_media":0,"parent":0,"menu_order":0,"comment_status":"closed","ping_status":"closed","template":"","meta":{"footnotes":""},"categories":[],"tags":[],"class_list":["post-2166","page","type-page","status-publish","hentry"],"yoast_head":"<!-- This site is optimized with the Yoast SEO plugin v27.2 - https:\/\/yoast.com\/product\/yoast-seo-wordpress\/ -->\n<title>\u00dcber VaroSun | Unsere Geschichte und unsere Mission<\/title>\n<meta name=\"description\" content=\"Was ist VaroSun? Und wer steckt dahinter? Erfahre mehr \u00fcber das Team, unsere Mission und die Entstehung von VaroSun.\" \/>\n<meta name=\"robots\" content=\"index, follow, max-snippet:-1, max-image-preview:large, max-video-preview:-1\" \/>\n<link rel=\"canonical\" href=\"https:\/\/dev.varosun.com\/en\/ueber-uns\/\" \/>\n<meta property=\"og:locale\" content=\"en_US\" \/>\n<meta property=\"og:type\" content=\"article\" \/>\n<meta property=\"og:title\" content=\"\u00dcber VaroSun | Unsere Geschichte und unsere Mission\" \/>\n<meta property=\"og:description\" content=\"Was ist VaroSun? Und wer steckt dahinter? Erfahre mehr \u00fcber das Team, unsere Mission und die Entstehung von VaroSun.\" \/>\n<meta property=\"og:url\" content=\"https:\/\/dev.varosun.com\/en\/ueber-uns\/\" \/>\n<meta property=\"og:site_name\" content=\"varosun\" \/>\n<meta property=\"article:publisher\" content=\"https:\/\/www.facebook.com\/p\/VaroSun-100066662166188\/\" \/>\n<meta property=\"article:modified_time\" content=\"2025-12-18T21:09:16+00:00\" \/>\n<meta property=\"og:image\" content=\"https:\/\/dev.varosun.com\/wp-content\/uploads\/2024\/07\/Group-2325.png\" \/>\n\t<meta property=\"og:image:width\" content=\"501\" \/>\n\t<meta property=\"og:image:height\" content=\"998\" \/>\n\t<meta property=\"og:image:type\" content=\"image\/png\" \/>\n<meta name=\"twitter:card\" content=\"summary_large_image\" \/>\n<meta name=\"twitter:label1\" content=\"Est. reading time\" \/>\n\t<meta name=\"twitter:data1\" content=\"1 minute\" \/>\n<script type=\"application\/ld+json\" class=\"yoast-schema-graph\">{\"@context\":\"https:\/\/schema.org\",\"@graph\":[{\"@type\":\"WebPage\",\"@id\":\"https:\/\/dev.varosun.com\/ueber-uns\/\",\"url\":\"https:\/\/dev.varosun.com\/ueber-uns\/\",\"name\":\"\u00dcber VaroSun | Unsere Geschichte und unsere Mission\",\"isPartOf\":{\"@id\":\"https:\/\/dev.varosun.com\/#website\"},\"primaryImageOfPage\":{\"@id\":\"https:\/\/dev.varosun.com\/ueber-uns\/#primaryimage\"},\"image\":{\"@id\":\"https:\/\/dev.varosun.com\/ueber-uns\/#primaryimage\"},\"thumbnailUrl\":\"https:\/\/dev.varosun.com\/wp-content\/uploads\/2024\/07\/Group-2325.png\",\"datePublished\":\"2018-06-12T13:04:47+00:00\",\"dateModified\":\"2025-12-18T21:09:16+00:00\",\"description\":\"Was ist VaroSun? Und wer steckt dahinter? Erfahre mehr \u00fcber das Team, unsere Mission und die Entstehung von VaroSun.\",\"breadcrumb\":{\"@id\":\"https:\/\/dev.varosun.com\/ueber-uns\/#breadcrumb\"},\"inLanguage\":\"en-US\",\"potentialAction\":[{\"@type\":\"ReadAction\",\"target\":[\"https:\/\/dev.varosun.com\/ueber-uns\/\"]}]},{\"@type\":\"ImageObject\",\"inLanguage\":\"en-US\",\"@id\":\"https:\/\/dev.varosun.com\/ueber-uns\/#primaryimage\",\"url\":\"https:\/\/dev.varosun.com\/wp-content\/uploads\/2024\/07\/Group-2325.png\",\"contentUrl\":\"https:\/\/dev.varosun.com\/wp-content\/uploads\/2024\/07\/Group-2325.png\"},{\"@type\":\"BreadcrumbList\",\"@id\":\"https:\/\/dev.varosun.com\/ueber-uns\/#breadcrumb\",\"itemListElement\":[{\"@type\":\"ListItem\",\"position\":1,\"name\":\"Startseite\",\"item\":\"https:\/\/dev.varosun.com\/\"},{\"@type\":\"ListItem\",\"position\":2,\"name\":\"\u00dcber VaroSun\"}]},{\"@type\":\"WebSite\",\"@id\":\"https:\/\/dev.varosun.com\/#website\",\"url\":\"https:\/\/dev.varosun.com\/\",\"name\":\"varosun\",\"description\":\"Der praktische Sonnenschutz f\u00fcr Wohnungen und Gesch\u00e4ftsr\u00e4ume\",\"publisher\":{\"@id\":\"https:\/\/dev.varosun.com\/#organization\"},\"potentialAction\":[{\"@type\":\"SearchAction\",\"target\":{\"@type\":\"EntryPoint\",\"urlTemplate\":\"https:\/\/dev.varosun.com\/?s={search_term_string}\"},\"query-input\":{\"@type\":\"PropertyValueSpecification\",\"valueRequired\":true,\"valueName\":\"search_term_string\"}}],\"inLanguage\":\"en-US\"},{\"@type\":\"Organization\",\"@id\":\"https:\/\/dev.varosun.com\/#organization\",\"name\":\"varosun\",\"url\":\"https:\/\/dev.varosun.com\/\",\"logo\":{\"@type\":\"ImageObject\",\"inLanguage\":\"en-US\",\"@id\":\"https:\/\/dev.varosun.com\/#\/schema\/logo\/image\/\",\"url\":\"https:\/\/varosun.com\/wp-content\/uploads\/2025\/03\/Logo-NEU-e1751556799274.jpg\",\"contentUrl\":\"https:\/\/varosun.com\/wp-content\/uploads\/2025\/03\/Logo-NEU-e1751556799274.jpg\",\"width\":1154,\"height\":210,\"caption\":\"varosun\"},\"image\":{\"@id\":\"https:\/\/dev.varosun.com\/#\/schema\/logo\/image\/\"},\"sameAs\":[\"https:\/\/www.facebook.com\/p\/VaroSun-100066662166188\/\"]}]}<\/script>\n<!-- \/ Yoast SEO plugin. -->","yoast_head_json":{"title":"\u00dcber VaroSun | Unsere Geschichte und unsere Mission","description":"Was ist VaroSun? Und wer steckt dahinter? Erfahre mehr \u00fcber das Team, unsere Mission und die Entstehung von VaroSun.","robots":{"index":"index","follow":"follow","max-snippet":"max-snippet:-1","max-image-preview":"max-image-preview:large","max-video-preview":"max-video-preview:-1"},"canonical":"https:\/\/dev.varosun.com\/en\/ueber-uns\/","og_locale":"en_US","og_type":"article","og_title":"\u00dcber VaroSun | Unsere Geschichte und unsere Mission","og_description":"Was ist VaroSun? Und wer steckt dahinter? Erfahre mehr \u00fcber das Team, unsere Mission und die Entstehung von VaroSun.","og_url":"https:\/\/dev.varosun.com\/en\/ueber-uns\/","og_site_name":"varosun","article_publisher":"https:\/\/www.facebook.com\/p\/VaroSun-100066662166188\/","article_modified_time":"2025-12-18T21:09:16+00:00","og_image":[{"width":501,"height":998,"url":"https:\/\/dev.varosun.com\/wp-content\/uploads\/2024\/07\/Group-2325.png","type":"image\/png"}],"twitter_card":"summary_large_image","twitter_misc":{"Est. reading time":"1 minute"},"schema":{"@context":"https:\/\/schema.org","@graph":[{"@type":"WebPage","@id":"https:\/\/dev.varosun.com\/ueber-uns\/","url":"https:\/\/dev.varosun.com\/ueber-uns\/","name":"\u00dcber VaroSun | Unsere Geschichte und unsere Mission","isPartOf":{"@id":"https:\/\/dev.varosun.com\/#website"},"primaryImageOfPage":{"@id":"https:\/\/dev.varosun.com\/ueber-uns\/#primaryimage"},"image":{"@id":"https:\/\/dev.varosun.com\/ueber-uns\/#primaryimage"},"thumbnailUrl":"https:\/\/dev.varosun.com\/wp-content\/uploads\/2024\/07\/Group-2325.png","datePublished":"2018-06-12T13:04:47+00:00","dateModified":"2025-12-18T21:09:16+00:00","description":"Was ist VaroSun? Und wer steckt dahinter? Erfahre mehr \u00fcber das Team, unsere Mission und die Entstehung von VaroSun.","breadcrumb":{"@id":"https:\/\/dev.varosun.com\/ueber-uns\/#breadcrumb"},"inLanguage":"en-US","potentialAction":[{"@type":"ReadAction","target":["https:\/\/dev.varosun.com\/ueber-uns\/"]}]},{"@type":"ImageObject","inLanguage":"en-US","@id":"https:\/\/dev.varosun.com\/ueber-uns\/#primaryimage","url":"https:\/\/dev.varosun.com\/wp-content\/uploads\/2024\/07\/Group-2325.png","contentUrl":"https:\/\/dev.varosun.com\/wp-content\/uploads\/2024\/07\/Group-2325.png"},{"@type":"BreadcrumbList","@id":"https:\/\/dev.varosun.com\/ueber-uns\/#breadcrumb","itemListElement":[{"@type":"ListItem","position":1,"name":"Startseite","item":"https:\/\/dev.varosun.com\/"},{"@type":"ListItem","position":2,"name":"\u00dcber VaroSun"}]},{"@type":"WebSite","@id":"https:\/\/dev.varosun.com\/#website","url":"https:\/\/dev.varosun.com\/","name":"varosun","description":"Der praktische Sonnenschutz f\u00fcr Wohnungen und Gesch\u00e4ftsr\u00e4ume","publisher":{"@id":"https:\/\/dev.varosun.com\/#organization"},"potentialAction":[{"@type":"SearchAction","target":{"@type":"EntryPoint","urlTemplate":"https:\/\/dev.varosun.com\/?s={search_term_string}"},"query-input":{"@type":"PropertyValueSpecification","valueRequired":true,"valueName":"search_term_string"}}],"inLanguage":"en-US"},{"@type":"Organization","@id":"https:\/\/dev.varosun.com\/#organization","name":"varosun","url":"https:\/\/dev.varosun.com\/","logo":{"@type":"ImageObject","inLanguage":"en-US","@id":"https:\/\/dev.varosun.com\/#\/schema\/logo\/image\/","url":"https:\/\/varosun.com\/wp-content\/uploads\/2025\/03\/Logo-NEU-e1751556799274.jpg","contentUrl":"https:\/\/varosun.com\/wp-content\/uploads\/2025\/03\/Logo-NEU-e1751556799274.jpg","width":1154,"height":210,"caption":"varosun"},"image":{"@id":"https:\/\/dev.varosun.com\/#\/schema\/logo\/image\/"},"sameAs":["https:\/\/www.facebook.com\/p\/VaroSun-100066662166188\/"]}]}},"_links":{"self":[{"href":"https:\/\/dev.varosun.com\/en\/wp-json\/wp\/v2\/pages\/2166","targetHints":{"allow":["GET"]}}],"collection":[{"href":"https:\/\/dev.varosun.com\/en\/wp-json\/wp\/v2\/pages"}],"about":[{"href":"https:\/\/dev.varosun.com\/en\/wp-json\/wp\/v2\/types\/page"}],"author":[{"embeddable":true,"href":"https:\/\/dev.varosun.com\/en\/wp-json\/wp\/v2\/users\/160"}],"replies":[{"embeddable":true,"href":"https:\/\/dev.varosun.com\/en\/wp-json\/wp\/v2\/comments?post=2166"}],"version-history":[{"count":10,"href":"https:\/\/dev.varosun.com\/en\/wp-json\/wp\/v2\/pages\/2166\/revisions"}],"predecessor-version":[{"id":30155,"href":"https:\/\/dev.varosun.com\/en\/wp-json\/wp\/v2\/pages\/2166\/revisions\/30155"}],"wp:attachment":[{"href":"https:\/\/dev.varosun.com\/en\/wp-json\/wp\/v2\/media?parent=2166"}],"wp:term":[{"taxonomy":"category","embeddable":true,"href":"https:\/\/dev.varosun.com\/en\/wp-json\/wp\/v2\/categories?post=2166"},{"taxonomy":"post_tag","embeddable":true,"href":"https:\/\/dev.varosun.com\/en\/wp-json\/wp\/v2\/tags?post=2166"}],"curies":[{"name":"wp","href":"https:\/\/api.w.org\/{rel}","templated":true}]}}