{"id":24,"date":"2017-05-29T19:16:09","date_gmt":"2017-05-29T17:16:09","guid":{"rendered":"https:\/\/varosun.com\/disclaimer\/"},"modified":"2024-08-07T13:32:53","modified_gmt":"2024-08-07T11:32:53","slug":"impressum","status":"publish","type":"page","link":"https:\/\/dev.varosun.com\/en\/impressum\/","title":{"rendered":"Impressum"},"content":{"rendered":"\n<h2 class=\"wp-block-heading\">Impressum<\/h2>\n\n\n\n<p>Angaben gem\u00e4\u00df \u00a7 5 TMG &amp; Verantwortlich f\u00fcr den Inhalt nach \u00a7 55 Abs. 2 RStV:<\/p>\n\n\n\n<p>CS1 Ecommerce GmbH<\/p>\n\n\n\n<p>F\u00fcrstenwalder Stra\u00dfe 22\/23<\/p>\n\n\n\n<p>15234 Frankfurt (Oder)<\/p>\n\n\n\n<p>E-Mail: info[at]varosun.com<\/p>\n\n\n\n<p>Telefon: 0335\/50082061 *<\/p>\n\n\n\n<p>Handelsregisternummer: HRB 19589 FF<br>Registergericht: Amtsgericht Frankfurt (Oder)<br>Gesch\u00e4ftsf\u00fchrer: Carlo Siebert<\/p>\n\n\n\n<p>USt-ID DE355222494<\/p>\n\n\n\n<p>Webdesign der Internetseite realisiert durch carlosiebert.de<\/p>\n\n\n\n<p><sup>*<\/sup> Anfragen zum Produkt oder zu bestehenden Bestellungen bitte \u00fcber unser Kontaktformular oder direkt per Mail an info@varosun.com<\/p>\n\n\n\n<hr class=\"wp-block-separator has-css-opacity\"\/>\n\n\n\n<h3 class=\"wp-block-heading\">Quellennachweis Bilder und Fotos<\/h3>\n\n\n\n<p>Carlo Siebert<\/p>\n\n\n\n<p>www.pixabay.com \u2013 CC0 Public Domain, Freie kommerzielle Nutzung, Kein Bildnachweis n\u00f6tig: \u00a9 cocoparisienne, \u00a9 MikesPhotos, \u00a9 Didgeman, \u00a9 IvyTinne, \u00a9 Detmold, \u00a9 EME, \u00a9 silviarita, \u00a9 Onatcer, \u00a9 stux, \u00a9 Werni, \u00a9 PIRO4D, \u00a9 JotDeWa, \u00a9 ssabyo77, \u00a9 shadowfirearts, \u00a9 47230, \u00a9 422737, \u00a9 PhotoMIX-Company, \u00a9 Marie_Bookwood, \u00a9 geralt, \u00a9 epicioci Venti, \u00a9 MichaelGaida, \u00a9 Pexels, \u00a9 almapapi, \u00a9 Free-Photos, \u00a9 Skitterphoto, \u00a9 falco, \u00a9 Antranis, \u00a9 _Alicja_, \u00a9 jessebridgewater, \u00a9 MabelAmber, \u00a9 triunfadoresgroup, \u00a9 wePH_de, \u00a9 Masson-Wintergarten, \u00a9 informes, \u00a9 marcin049, \u00a9 falconp4, \u00a9 manolofranco, \u00a9 loufre, \u00a9 calimiel, \u00a9 picjumbo_com, \u00a9 SugarGroveLibrary, \u00a9 gbeaty, \u00a9 Hans, \u00a9 PublicDomainArchive, \u00a9 OpenClipart-Vectors, \u00a9 MemoryCatcher, \u00a9 analogicus, \u00a9 flockine, \u00a9 coloringcuties, \u00a9 jhusemannde, \u00a9 kaboompics, \u00a9 asundermeier, \u00a9 TheArkow, \u00a9 JillWellington, \u00a9 Broesis, \u00a9 Carisma-Training, \u00a9 randmdavidson, \u00a9 skeeze, \u00a9 rolfamsee, \u00a9 stevepb, \u00a9 Shutterbug75, \u00a9 image4you, \u00a9 Monfocus, \u00a9 jarmoluk, \u00a9 MAKY_OREL, \u00a9 Alexas_Fotos, \u00a9 StockSnap, \u00a9 Wokandapix, \u00a9 Katrina_S, \u00a9 TheDigitalArtist, \u00a9 RoMonn, \u00a9 ulleo, \u00a9 KRiemer, \u00a9 pasja1000, \u00a9 Bru-nO, \u00a9 Alexas_Fotos, \u00a9 Barni1, \u00a9 djoanis, \u00a9 Domas, \u00a9 stevepb, \u00a9 mstlion, \u00a9 Wokandapix, \u00a9 truthseeker08, \u00a9 jdpereiro, \u00a9 StartupStockPhotos, \u00a9 kirahoffmann, \u00a9 matuska, \u00a9 PublicDomainPictures, \u00a9 SatyaPrem, \u00a9 betexion, \u00a9 chezbeate, \u00a9 Myriams-Fotos, \u00a9 markusmarcinek, \u00a9 StockSnap, \u00a9 YanceTAY, \u00a9 RitaE, \u00a9 blickpixel, \u00a9 CreaPark, \u00a9 miaikransen, \u00a9 bobtheskater, \u00a9 vedatzorluer, \u00a9 marcelkessler, \u00a9 BRRT, \u00a9 glynn424, \u00a9 cmesker, \u00a9 sharonrea, \u00a9 KRiemer, \u00a9 Kolibrik, \u00a9 bapreston, \u00a9 ralphennis99, \u00a9 andreas160578, \u00a9 terimakasih0, \u00a9 KlausHausmann, \u00a9 Tama66, \u00a9 moerschy, \u00a9 distel2610, \u00a9 ErikaWittlieb, \u00a9 Marzena7, \u00a9 Antranias, \u00a9 kampfbox, \u00a9 creative_designer, \u00a9 Muntzir, \u00a9 JESHOOTS-com, \u00a9 jplenio, \u00a9 Foundry, \u00a9 jjduncan19, \u00a9 ivabalk, \u00a9 pixel2013, \u00a9 JerzyGorecki, \u00a9 skeeze, \u00a9 JayMantri, \u00a9 athree23 \u00a9 pixel2013, \u00a9 PellissierJP, \u00a9 mploscar, \u00a9 lapping, \u00a9 Projekt_Kaffeebart, \u00a9 Larsgustav, \u00a9 photosforyou, \u00a9 ArtTower, \u00a9 tiburi, \u00a9 Peggy_Marco, \u00a9 cripi, \u00a9 stux, \u00a9 SarahRichterArt, \u00a9 AlexanderStein, \u00a9 Bru-nO, \u00a9 Efraimstochter, \u00a9 IvyTinne, \u00a9 JoelHuegli, \u00a9 Gellinger, \u00a9 cdu445, \u00a9 USA-Reiseblogger, \u00a9 adege, \u00a9 manfredrichter, \u00a9 TheUjulala<\/p>\n\n\n\n<p>www.fotolia.de: \u00a9 JiSign, \u00a9 Thaut Images, \u00a9 xavier gallego morel, \u00a9 pict rider, \u00a9 ra2 studio, \u00a9 photo 5000, \u00a9 3drenderings, \u00a9 Tom Wang, \u00a9 Creativemarc<\/p>\n\n\n\n<h3 class=\"wp-block-heading\">Haftungsausschluss<\/h3>\n\n\n\n<p><strong>Haftung f\u00fcr Inhalte<\/strong><\/p>\n\n\n\n<p>Die Inhalte unserer Seiten wurden mit gr\u00f6\u00dfter Sorgfalt erstellt. F\u00fcr die Richtigkeit, Vollst\u00e4ndigkeit und Aktualit\u00e4t der Inhalte k\u00f6nnen wir jedoch keine Gew\u00e4hr \u00fcbernehmen. Als Diensteanbieter sind wir gem\u00e4\u00df \u00a7 7 Abs.1 TMG f\u00fcr eigene Inhalte auf diesen Seiten nach den allgemeinen Gesetzen verantwortlich. Nach \u00a7\u00a7 8 bis 10 TMG sind wir als Diensteanbieter jedoch nicht verpflichtet, \u00fcbermittelte oder gespeicherte fremde Informationen zu \u00fcberwachen oder nach Umst\u00e4nden zu forschen, die auf eine rechtswidrige T\u00e4tigkeit hinweisen. Verpflichtungen zur Entfernung oder Sperrung der Nutzung von Informationen nach den allgemeinen Gesetzen bleiben hiervon unber\u00fchrt. Eine diesbez\u00fcgliche Haftung ist jedoch erst ab dem Zeitpunkt der Kenntnis einer konkreten Rechtsverletzung m\u00f6glich. Bei Bekanntwerden von entsprechenden Rechtsverletzungen werden wir diese Inhalte umgehend entfernen.<\/p>\n\n\n\n<p><strong>Haftung f\u00fcr Links<\/strong><\/p>\n\n\n\n<p>Unser Angebot enth\u00e4lt Links zu externen Webseiten Dritter, auf deren Inhalte wir keinen Einfluss haben. Deshalb k\u00f6nnen wir f\u00fcr diese fremden Inhalte auch keine Gew\u00e4hr \u00fcbernehmen. F\u00fcr die Inhalte der verlinkten Seiten ist stets der jeweilige Anbieter oder Betreiber der Seiten verantwortlich. Die verlinkten Seiten wurden zum Zeitpunkt der Verlinkung auf m\u00f6gliche Rechtsverst\u00f6\u00dfe \u00fcberpr\u00fcft. Rechtswidrige Inhalte waren zum Zeitpunkt der Verlinkung nicht erkennbar. Eine permanente inhaltliche Kontrolle der verlinkten Seiten ist jedoch ohne konkrete Anhaltspunkte einer Rechtsverletzung nicht zumutbar. Bei Bekanntwerden von Rechtsverletzungen werden wir derartige Links umgehend entfernen.<\/p>\n\n\n\n<p><strong>Urheberrecht<\/strong><\/p>\n\n\n\n<p>Die durch die Seitenbetreiber erstellten Inhalte und Werke auf diesen Seiten unterliegen dem deutschen Urheberrecht. Die Vervielf\u00e4ltigung, Bearbeitung, Verbreitung und jede Art der Verwertung au\u00dferhalb der Grenzen des Urheberrechtes bed\u00fcrfen der schriftlichen Zustimmung des jeweiligen Autors bzw. Erstellers. Downloads und Kopien dieser Seite sind nur f\u00fcr den privaten, nicht kommerziellen Gebrauch gestattet. Soweit die Inhalte auf dieser Seite nicht vom Betreiber erstellt wurden, werden die Urheberrechte Dritter beachtet. Insbesondere werden Inhalte Dritter als solche gekennzeichnet. Sollten Sie trotzdem auf eine Urheberrechtsverletzung aufmerksam werden, bitten wir um einen entsprechenden Hinweis. Bei Bekanntwerden von Rechtsverletzungen werden wir derartige Inhalte umgehend entfernen.<\/p>\n","protected":false},"excerpt":{"rendered":"<p>Impressum Angaben gem\u00e4\u00df \u00a7 5 TMG &amp; Verantwortlich f\u00fcr den Inhalt nach \u00a7 55 Abs. 2 RStV: CS1 Ecommerce GmbH<\/p>","protected":false},"author":160,"featured_media":0,"parent":0,"menu_order":0,"comment_status":"closed","ping_status":"closed","template":"","meta":{"footnotes":""},"categories":[],"tags":[],"class_list":["post-24","page","type-page","status-publish","hentry"],"yoast_head":"<!-- This site is optimized with the Yoast SEO plugin v27.2 - https:\/\/yoast.com\/product\/yoast-seo-wordpress\/ -->\n<title>Impressum - varosun<\/title>\n<meta name=\"description\" content=\"Impressum und Haftungsausschluss von VaroSun finden Sie hier.\" \/>\n<meta name=\"robots\" content=\"noindex, follow\" \/>\n<meta property=\"og:locale\" content=\"en_US\" \/>\n<meta property=\"og:type\" content=\"article\" \/>\n<meta property=\"og:title\" content=\"Impressum - varosun\" \/>\n<meta property=\"og:description\" content=\"Impressum und Haftungsausschluss von VaroSun finden Sie hier.\" \/>\n<meta property=\"og:url\" content=\"https:\/\/dev.varosun.com\/en\/impressum\/\" \/>\n<meta property=\"og:site_name\" content=\"varosun\" \/>\n<meta property=\"article:publisher\" content=\"https:\/\/www.facebook.com\/p\/VaroSun-100066662166188\/\" \/>\n<meta property=\"article:modified_time\" content=\"2024-08-07T11:32:53+00:00\" \/>\n<meta property=\"og:image\" content=\"https:\/\/dev.varosun.com\/wp-content\/uploads\/2022\/08\/VaroSun-close-up.jpg\" \/>\n\t<meta property=\"og:image:width\" content=\"2048\" \/>\n\t<meta property=\"og:image:height\" content=\"1365\" \/>\n\t<meta property=\"og:image:type\" content=\"image\/jpeg\" \/>\n<meta name=\"twitter:card\" content=\"summary_large_image\" \/>\n<meta name=\"twitter:label1\" content=\"Est. reading time\" \/>\n\t<meta name=\"twitter:data1\" content=\"5 minutes\" \/>\n<script type=\"application\/ld+json\" class=\"yoast-schema-graph\">{\"@context\":\"https:\/\/schema.org\",\"@graph\":[{\"@type\":\"WebPage\",\"@id\":\"https:\/\/dev.varosun.com\/impressum\/\",\"url\":\"https:\/\/dev.varosun.com\/impressum\/\",\"name\":\"Impressum - varosun\",\"isPartOf\":{\"@id\":\"https:\/\/dev.varosun.com\/#website\"},\"datePublished\":\"2017-05-29T17:16:09+00:00\",\"dateModified\":\"2024-08-07T11:32:53+00:00\",\"description\":\"Impressum und Haftungsausschluss von VaroSun finden Sie hier.\",\"breadcrumb\":{\"@id\":\"https:\/\/dev.varosun.com\/impressum\/#breadcrumb\"},\"inLanguage\":\"en-US\",\"potentialAction\":[{\"@type\":\"ReadAction\",\"target\":[\"https:\/\/dev.varosun.com\/impressum\/\"]}]},{\"@type\":\"BreadcrumbList\",\"@id\":\"https:\/\/dev.varosun.com\/impressum\/#breadcrumb\",\"itemListElement\":[{\"@type\":\"ListItem\",\"position\":1,\"name\":\"Startseite\",\"item\":\"https:\/\/dev.varosun.com\/\"},{\"@type\":\"ListItem\",\"position\":2,\"name\":\"Impressum\"}]},{\"@type\":\"WebSite\",\"@id\":\"https:\/\/dev.varosun.com\/#website\",\"url\":\"https:\/\/dev.varosun.com\/\",\"name\":\"varosun\",\"description\":\"Der praktische Sonnenschutz f\u00fcr Wohnungen und Gesch\u00e4ftsr\u00e4ume\",\"publisher\":{\"@id\":\"https:\/\/dev.varosun.com\/#organization\"},\"potentialAction\":[{\"@type\":\"SearchAction\",\"target\":{\"@type\":\"EntryPoint\",\"urlTemplate\":\"https:\/\/dev.varosun.com\/?s={search_term_string}\"},\"query-input\":{\"@type\":\"PropertyValueSpecification\",\"valueRequired\":true,\"valueName\":\"search_term_string\"}}],\"inLanguage\":\"en-US\"},{\"@type\":\"Organization\",\"@id\":\"https:\/\/dev.varosun.com\/#organization\",\"name\":\"varosun\",\"url\":\"https:\/\/dev.varosun.com\/\",\"logo\":{\"@type\":\"ImageObject\",\"inLanguage\":\"en-US\",\"@id\":\"https:\/\/dev.varosun.com\/#\/schema\/logo\/image\/\",\"url\":\"https:\/\/varosun.com\/wp-content\/uploads\/2025\/03\/Logo-NEU-e1751556799274.jpg\",\"contentUrl\":\"https:\/\/varosun.com\/wp-content\/uploads\/2025\/03\/Logo-NEU-e1751556799274.jpg\",\"width\":1154,\"height\":210,\"caption\":\"varosun\"},\"image\":{\"@id\":\"https:\/\/dev.varosun.com\/#\/schema\/logo\/image\/\"},\"sameAs\":[\"https:\/\/www.facebook.com\/p\/VaroSun-100066662166188\/\"]}]}<\/script>\n<!-- \/ Yoast SEO plugin. -->","yoast_head_json":{"title":"Impressum - varosun","description":"Impressum und Haftungsausschluss von VaroSun finden Sie hier.","robots":{"index":"noindex","follow":"follow"},"og_locale":"en_US","og_type":"article","og_title":"Impressum - varosun","og_description":"Impressum und Haftungsausschluss von VaroSun finden Sie hier.","og_url":"https:\/\/dev.varosun.com\/en\/impressum\/","og_site_name":"varosun","article_publisher":"https:\/\/www.facebook.com\/p\/VaroSun-100066662166188\/","article_modified_time":"2024-08-07T11:32:53+00:00","og_image":[{"width":2048,"height":1365,"url":"https:\/\/dev.varosun.com\/wp-content\/uploads\/2022\/08\/VaroSun-close-up.jpg","type":"image\/jpeg"}],"twitter_card":"summary_large_image","twitter_misc":{"Est. reading time":"5 minutes"},"schema":{"@context":"https:\/\/schema.org","@graph":[{"@type":"WebPage","@id":"https:\/\/dev.varosun.com\/impressum\/","url":"https:\/\/dev.varosun.com\/impressum\/","name":"Impressum - varosun","isPartOf":{"@id":"https:\/\/dev.varosun.com\/#website"},"datePublished":"2017-05-29T17:16:09+00:00","dateModified":"2024-08-07T11:32:53+00:00","description":"Impressum und Haftungsausschluss von VaroSun finden Sie hier.","breadcrumb":{"@id":"https:\/\/dev.varosun.com\/impressum\/#breadcrumb"},"inLanguage":"en-US","potentialAction":[{"@type":"ReadAction","target":["https:\/\/dev.varosun.com\/impressum\/"]}]},{"@type":"BreadcrumbList","@id":"https:\/\/dev.varosun.com\/impressum\/#breadcrumb","itemListElement":[{"@type":"ListItem","position":1,"name":"Startseite","item":"https:\/\/dev.varosun.com\/"},{"@type":"ListItem","position":2,"name":"Impressum"}]},{"@type":"WebSite","@id":"https:\/\/dev.varosun.com\/#website","url":"https:\/\/dev.varosun.com\/","name":"varosun","description":"Der praktische Sonnenschutz f\u00fcr Wohnungen und Gesch\u00e4ftsr\u00e4ume","publisher":{"@id":"https:\/\/dev.varosun.com\/#organization"},"potentialAction":[{"@type":"SearchAction","target":{"@type":"EntryPoint","urlTemplate":"https:\/\/dev.varosun.com\/?s={search_term_string}"},"query-input":{"@type":"PropertyValueSpecification","valueRequired":true,"valueName":"search_term_string"}}],"inLanguage":"en-US"},{"@type":"Organization","@id":"https:\/\/dev.varosun.com\/#organization","name":"varosun","url":"https:\/\/dev.varosun.com\/","logo":{"@type":"ImageObject","inLanguage":"en-US","@id":"https:\/\/dev.varosun.com\/#\/schema\/logo\/image\/","url":"https:\/\/varosun.com\/wp-content\/uploads\/2025\/03\/Logo-NEU-e1751556799274.jpg","contentUrl":"https:\/\/varosun.com\/wp-content\/uploads\/2025\/03\/Logo-NEU-e1751556799274.jpg","width":1154,"height":210,"caption":"varosun"},"image":{"@id":"https:\/\/dev.varosun.com\/#\/schema\/logo\/image\/"},"sameAs":["https:\/\/www.facebook.com\/p\/VaroSun-100066662166188\/"]}]}},"_links":{"self":[{"href":"https:\/\/dev.varosun.com\/en\/wp-json\/wp\/v2\/pages\/24","targetHints":{"allow":["GET"]}}],"collection":[{"href":"https:\/\/dev.varosun.com\/en\/wp-json\/wp\/v2\/pages"}],"about":[{"href":"https:\/\/dev.varosun.com\/en\/wp-json\/wp\/v2\/types\/page"}],"author":[{"embeddable":true,"href":"https:\/\/dev.varosun.com\/en\/wp-json\/wp\/v2\/users\/160"}],"replies":[{"embeddable":true,"href":"https:\/\/dev.varosun.com\/en\/wp-json\/wp\/v2\/comments?post=24"}],"version-history":[{"count":10,"href":"https:\/\/dev.varosun.com\/en\/wp-json\/wp\/v2\/pages\/24\/revisions"}],"predecessor-version":[{"id":10610,"href":"https:\/\/dev.varosun.com\/en\/wp-json\/wp\/v2\/pages\/24\/revisions\/10610"}],"wp:attachment":[{"href":"https:\/\/dev.varosun.com\/en\/wp-json\/wp\/v2\/media?parent=24"}],"wp:term":[{"taxonomy":"category","embeddable":true,"href":"https:\/\/dev.varosun.com\/en\/wp-json\/wp\/v2\/categories?post=24"},{"taxonomy":"post_tag","embeddable":true,"href":"https:\/\/dev.varosun.com\/en\/wp-json\/wp\/v2\/tags?post=24"}],"curies":[{"name":"wp","href":"https:\/\/api.w.org\/{rel}","templated":true}]}}