{"id":2523,"date":"2018-09-17T11:13:23","date_gmt":"2018-09-17T09:13:23","guid":{"rendered":"https:\/\/varosun.com\/?page_id=2523"},"modified":"2022-11-22T12:47:33","modified_gmt":"2022-11-22T11:47:33","slug":"widerrufsformular","status":"publish","type":"page","link":"https:\/\/dev.varosun.com\/en\/widerrufsformular\/","title":{"rendered":"Widerrufsformular"},"content":{"rendered":"\n<h4 class=\"wp-block-heading\"><em>Widerrufsformular<\/em><\/h4>\n\n\n\n<p>Wenn Sie den Vertrag widerrufen wollen, dann f\u00fcllen Sie bitte dieses Formular aus und senden Sie es zur\u00fcck.<\/p>\n\n\n\n<p><strong>An <\/strong><\/p>\n\n\n\n<p><strong>Varosun<\/strong><\/p>\n\n\n\n<p><strong>CS1 Ecommerce GmbH<\/strong><\/p>\n\n\n\n<p><strong>F\u00fcrstenwalder Str. 22\/23<\/strong><\/p>\n\n\n\n<p><strong>15234&nbsp; Frankfurt (Oder):<\/strong><\/p>\n\n\n\n<p><strong>Hiermit widerrufe(n) ich\/wir den von mir\/uns abgeschlossenen Vertrag \u00fcber den Kauf der folgenden Waren:<\/strong><\/p>\n\n\n<div class=\"wpforms-container wpforms-container-full wpforms-render-modern\" id=\"wpforms-7855\"><form id=\"wpforms-form-7855\" class=\"wpforms-validate wpforms-form wpforms-ajax-form\" data-formid=\"7855\" method=\"post\" enctype=\"multipart\/form-data\" action=\"\/en\/wp-json\/wp\/v2\/pages\/2523\" data-token=\"2dfabb4cdf5cc2932f36aa86606b560b\" data-token-time=\"1776335738\"><noscript class=\"wpforms-error-noscript\">Please enable JavaScript in your browser to complete this form.<\/noscript><div class=\"wpforms-hidden\" id=\"wpforms-error-noscript\">Please enable JavaScript in your browser to complete this form.<\/div><div class=\"wpforms-field-container\"><div id=\"wpforms-7855-field_3-container\" class=\"wpforms-field wpforms-field-text\" data-field-id=\"3\"><label class=\"wpforms-field-label\" for=\"wpforms-7855-field_3\">Ware <span class=\"wpforms-required-label\" aria-hidden=\"true\">*<\/span><\/label><input type=\"text\" id=\"wpforms-7855-field_3\" class=\"wpforms-field-medium wpforms-field-required\" name=\"wpforms[fields][3]\" aria-errormessage=\"wpforms-7855-field_3-error\" required><\/div><div id=\"wpforms-7855-field_4-container\" class=\"wpforms-field wpforms-field-text\" data-field-id=\"4\"><label class=\"wpforms-field-label\" for=\"wpforms-7855-field_4\">Bestellt am\/ erhalten am <span class=\"wpforms-required-label\" aria-hidden=\"true\">*<\/span><\/label><input type=\"text\" id=\"wpforms-7855-field_4\" class=\"wpforms-field-medium wpforms-field-required\" name=\"wpforms[fields][4]\" aria-errormessage=\"wpforms-7855-field_4-error\" required><\/div><div id=\"wpforms-7855-field_5-container\" class=\"wpforms-field wpforms-field-text\" data-field-id=\"5\"><label class=\"wpforms-field-label\" for=\"wpforms-7855-field_5\">Name des\/der Verbraucher(s) <span class=\"wpforms-required-label\" aria-hidden=\"true\">*<\/span><\/label><input type=\"text\" id=\"wpforms-7855-field_5\" class=\"wpforms-field-medium wpforms-field-required\" name=\"wpforms[fields][5]\" aria-errormessage=\"wpforms-7855-field_5-error\" required><\/div><div id=\"wpforms-7855-field_9-container\" class=\"wpforms-field wpforms-field-email\" data-field-id=\"9\"><label class=\"wpforms-field-label\" for=\"wpforms-7855-field_9\">E-Mail <span class=\"wpforms-required-label\" aria-hidden=\"true\">*<\/span><\/label><input type=\"email\" id=\"wpforms-7855-field_9\" class=\"wpforms-field-medium wpforms-field-required\" name=\"wpforms[fields][9]\" spellcheck=\"false\" aria-errormessage=\"wpforms-7855-field_9-error\" required><\/div><div id=\"wpforms-7855-field_6-container\" class=\"wpforms-field wpforms-field-text\" data-field-id=\"6\"><label class=\"wpforms-field-label\" for=\"wpforms-7855-field_6\">Anschrift des\/der Verbraucher(s) <span class=\"wpforms-required-label\" aria-hidden=\"true\">*<\/span><\/label><input type=\"text\" id=\"wpforms-7855-field_6\" class=\"wpforms-field-medium wpforms-field-required\" name=\"wpforms[fields][6]\" aria-errormessage=\"wpforms-7855-field_6-error\" required><\/div><div id=\"wpforms-7855-field_8-container\" class=\"wpforms-field wpforms-field-date-time\" data-field-id=\"8\"><label class=\"wpforms-field-label\" for=\"wpforms-7855-field_8\">Datum <span class=\"wpforms-required-label\" aria-hidden=\"true\">*<\/span><\/label><div class=\"wpforms-datepicker-wrap\"><input type=\"text\" id=\"wpforms-7855-field_8\" class=\"wpforms-field-date-time-date wpforms-datepicker wpforms-field-required wpforms-field-medium\" data-date-format=\"d\/m\/Y\" data-disable-past-dates=\"0\" data-input=\"true\" name=\"wpforms[fields][8][date]\" aria-errormessage=\"wpforms-7855-field_8-error\" required><a title=\"Clear Date\" data-clear class=\"wpforms-datepicker-clear\" style=\"display:none;\"><\/a><\/div><\/div><\/div><!-- .wpforms-field-container --><div class=\"wpforms-recaptcha-container wpforms-is-recaptcha wpforms-is-recaptcha-type-v3\" ><input type=\"hidden\" name=\"wpforms[recaptcha]\" value=\"\"><\/div><div class=\"wpforms-submit-container\" ><input type=\"hidden\" name=\"wpforms[id]\" value=\"7855\"><input type=\"hidden\" name=\"page_title\" value=\"\"><input type=\"hidden\" name=\"page_url\" value=\"https:\/\/dev.varosun.com\/en\/wp-json\/wp\/v2\/pages\/2523\"><button type=\"submit\" name=\"wpforms[submit]\" id=\"wpforms-submit-7855\" class=\"wpforms-submit\" data-alt-text=\"Senden\u2026\" data-submit-text=\"Absenden\" aria-live=\"assertive\" value=\"wpforms-submit\">Absenden<\/button><img loading=\"lazy\" decoding=\"async\" src=\"https:\/\/dev.varosun.com\/wp-content\/plugins\/wpforms\/assets\/images\/submit-spin.svg\" class=\"wpforms-submit-spinner\" style=\"display: none;\" width=\"26\" height=\"26\" alt=\"Loading\"><\/div><\/form><\/div>  <!-- .wpforms-container -->\n","protected":false},"excerpt":{"rendered":"<p>Widerrufsformular Wenn Sie den Vertrag widerrufen wollen, dann f\u00fcllen Sie bitte dieses Formular aus und senden Sie es zur\u00fcck. An<\/p>","protected":false},"author":160,"featured_media":0,"parent":0,"menu_order":0,"comment_status":"closed","ping_status":"closed","template":"","meta":{"footnotes":""},"categories":[],"tags":[],"class_list":["post-2523","page","type-page","status-publish","hentry"],"yoast_head":"<!-- This site is optimized with the Yoast SEO plugin v27.2 - https:\/\/yoast.com\/product\/yoast-seo-wordpress\/ -->\n<title>Widerrufsformular - varosun<\/title>\n<meta name=\"description\" content=\"Hier finden Sie das Widerrufsformular, um den Kaufvertrag zu widerrufen.\" \/>\n<meta name=\"robots\" content=\"noindex, follow\" \/>\n<meta property=\"og:locale\" content=\"en_US\" \/>\n<meta property=\"og:type\" content=\"article\" \/>\n<meta property=\"og:title\" content=\"Widerrufsformular - varosun\" \/>\n<meta property=\"og:description\" content=\"Hier finden Sie das Widerrufsformular, um den Kaufvertrag zu widerrufen.\" \/>\n<meta property=\"og:url\" content=\"https:\/\/dev.varosun.com\/en\/widerrufsformular\/\" \/>\n<meta property=\"og:site_name\" content=\"varosun\" \/>\n<meta property=\"article:publisher\" content=\"https:\/\/www.facebook.com\/p\/VaroSun-100066662166188\/\" \/>\n<meta property=\"article:modified_time\" content=\"2022-11-22T11:47:33+00:00\" \/>\n<meta property=\"og:image\" content=\"https:\/\/dev.varosun.com\/wp-content\/uploads\/2022\/08\/VaroSun-close-up.jpg\" \/>\n\t<meta property=\"og:image:width\" content=\"2048\" \/>\n\t<meta property=\"og:image:height\" content=\"1365\" \/>\n\t<meta property=\"og:image:type\" content=\"image\/jpeg\" \/>\n<meta name=\"twitter:card\" content=\"summary_large_image\" \/>\n<meta name=\"twitter:label1\" content=\"Est. reading time\" \/>\n\t<meta name=\"twitter:data1\" content=\"1 minute\" \/>\n<script type=\"application\/ld+json\" class=\"yoast-schema-graph\">{\"@context\":\"https:\/\/schema.org\",\"@graph\":[{\"@type\":\"WebPage\",\"@id\":\"https:\/\/dev.varosun.com\/widerrufsformular\/\",\"url\":\"https:\/\/dev.varosun.com\/widerrufsformular\/\",\"name\":\"Widerrufsformular - varosun\",\"isPartOf\":{\"@id\":\"https:\/\/dev.varosun.com\/#website\"},\"datePublished\":\"2018-09-17T09:13:23+00:00\",\"dateModified\":\"2022-11-22T11:47:33+00:00\",\"description\":\"Hier finden Sie das Widerrufsformular, um den Kaufvertrag zu widerrufen.\",\"breadcrumb\":{\"@id\":\"https:\/\/dev.varosun.com\/widerrufsformular\/#breadcrumb\"},\"inLanguage\":\"en-US\",\"potentialAction\":[{\"@type\":\"ReadAction\",\"target\":[\"https:\/\/dev.varosun.com\/widerrufsformular\/\"]}]},{\"@type\":\"BreadcrumbList\",\"@id\":\"https:\/\/dev.varosun.com\/widerrufsformular\/#breadcrumb\",\"itemListElement\":[{\"@type\":\"ListItem\",\"position\":1,\"name\":\"Startseite\",\"item\":\"https:\/\/dev.varosun.com\/\"},{\"@type\":\"ListItem\",\"position\":2,\"name\":\"Widerrufsformular\"}]},{\"@type\":\"WebSite\",\"@id\":\"https:\/\/dev.varosun.com\/#website\",\"url\":\"https:\/\/dev.varosun.com\/\",\"name\":\"varosun\",\"description\":\"Der praktische Sonnenschutz f\u00fcr Wohnungen und Gesch\u00e4ftsr\u00e4ume\",\"publisher\":{\"@id\":\"https:\/\/dev.varosun.com\/#organization\"},\"potentialAction\":[{\"@type\":\"SearchAction\",\"target\":{\"@type\":\"EntryPoint\",\"urlTemplate\":\"https:\/\/dev.varosun.com\/?s={search_term_string}\"},\"query-input\":{\"@type\":\"PropertyValueSpecification\",\"valueRequired\":true,\"valueName\":\"search_term_string\"}}],\"inLanguage\":\"en-US\"},{\"@type\":\"Organization\",\"@id\":\"https:\/\/dev.varosun.com\/#organization\",\"name\":\"varosun\",\"url\":\"https:\/\/dev.varosun.com\/\",\"logo\":{\"@type\":\"ImageObject\",\"inLanguage\":\"en-US\",\"@id\":\"https:\/\/dev.varosun.com\/#\/schema\/logo\/image\/\",\"url\":\"https:\/\/varosun.com\/wp-content\/uploads\/2025\/03\/Logo-NEU-e1751556799274.jpg\",\"contentUrl\":\"https:\/\/varosun.com\/wp-content\/uploads\/2025\/03\/Logo-NEU-e1751556799274.jpg\",\"width\":1154,\"height\":210,\"caption\":\"varosun\"},\"image\":{\"@id\":\"https:\/\/dev.varosun.com\/#\/schema\/logo\/image\/\"},\"sameAs\":[\"https:\/\/www.facebook.com\/p\/VaroSun-100066662166188\/\"]}]}<\/script>\n<!-- \/ Yoast SEO plugin. -->","yoast_head_json":{"title":"Widerrufsformular - varosun","description":"Hier finden Sie das Widerrufsformular, um den Kaufvertrag zu widerrufen.","robots":{"index":"noindex","follow":"follow"},"og_locale":"en_US","og_type":"article","og_title":"Widerrufsformular - varosun","og_description":"Hier finden Sie das Widerrufsformular, um den Kaufvertrag zu widerrufen.","og_url":"https:\/\/dev.varosun.com\/en\/widerrufsformular\/","og_site_name":"varosun","article_publisher":"https:\/\/www.facebook.com\/p\/VaroSun-100066662166188\/","article_modified_time":"2022-11-22T11:47:33+00:00","og_image":[{"width":2048,"height":1365,"url":"https:\/\/dev.varosun.com\/wp-content\/uploads\/2022\/08\/VaroSun-close-up.jpg","type":"image\/jpeg"}],"twitter_card":"summary_large_image","twitter_misc":{"Est. reading time":"1 minute"},"schema":{"@context":"https:\/\/schema.org","@graph":[{"@type":"WebPage","@id":"https:\/\/dev.varosun.com\/widerrufsformular\/","url":"https:\/\/dev.varosun.com\/widerrufsformular\/","name":"Widerrufsformular - varosun","isPartOf":{"@id":"https:\/\/dev.varosun.com\/#website"},"datePublished":"2018-09-17T09:13:23+00:00","dateModified":"2022-11-22T11:47:33+00:00","description":"Hier finden Sie das Widerrufsformular, um den Kaufvertrag zu widerrufen.","breadcrumb":{"@id":"https:\/\/dev.varosun.com\/widerrufsformular\/#breadcrumb"},"inLanguage":"en-US","potentialAction":[{"@type":"ReadAction","target":["https:\/\/dev.varosun.com\/widerrufsformular\/"]}]},{"@type":"BreadcrumbList","@id":"https:\/\/dev.varosun.com\/widerrufsformular\/#breadcrumb","itemListElement":[{"@type":"ListItem","position":1,"name":"Startseite","item":"https:\/\/dev.varosun.com\/"},{"@type":"ListItem","position":2,"name":"Widerrufsformular"}]},{"@type":"WebSite","@id":"https:\/\/dev.varosun.com\/#website","url":"https:\/\/dev.varosun.com\/","name":"varosun","description":"Der praktische Sonnenschutz f\u00fcr Wohnungen und Gesch\u00e4ftsr\u00e4ume","publisher":{"@id":"https:\/\/dev.varosun.com\/#organization"},"potentialAction":[{"@type":"SearchAction","target":{"@type":"EntryPoint","urlTemplate":"https:\/\/dev.varosun.com\/?s={search_term_string}"},"query-input":{"@type":"PropertyValueSpecification","valueRequired":true,"valueName":"search_term_string"}}],"inLanguage":"en-US"},{"@type":"Organization","@id":"https:\/\/dev.varosun.com\/#organization","name":"varosun","url":"https:\/\/dev.varosun.com\/","logo":{"@type":"ImageObject","inLanguage":"en-US","@id":"https:\/\/dev.varosun.com\/#\/schema\/logo\/image\/","url":"https:\/\/varosun.com\/wp-content\/uploads\/2025\/03\/Logo-NEU-e1751556799274.jpg","contentUrl":"https:\/\/varosun.com\/wp-content\/uploads\/2025\/03\/Logo-NEU-e1751556799274.jpg","width":1154,"height":210,"caption":"varosun"},"image":{"@id":"https:\/\/dev.varosun.com\/#\/schema\/logo\/image\/"},"sameAs":["https:\/\/www.facebook.com\/p\/VaroSun-100066662166188\/"]}]}},"_links":{"self":[{"href":"https:\/\/dev.varosun.com\/en\/wp-json\/wp\/v2\/pages\/2523","targetHints":{"allow":["GET"]}}],"collection":[{"href":"https:\/\/dev.varosun.com\/en\/wp-json\/wp\/v2\/pages"}],"about":[{"href":"https:\/\/dev.varosun.com\/en\/wp-json\/wp\/v2\/types\/page"}],"author":[{"embeddable":true,"href":"https:\/\/dev.varosun.com\/en\/wp-json\/wp\/v2\/users\/160"}],"replies":[{"embeddable":true,"href":"https:\/\/dev.varosun.com\/en\/wp-json\/wp\/v2\/comments?post=2523"}],"version-history":[{"count":10,"href":"https:\/\/dev.varosun.com\/en\/wp-json\/wp\/v2\/pages\/2523\/revisions"}],"predecessor-version":[{"id":7863,"href":"https:\/\/dev.varosun.com\/en\/wp-json\/wp\/v2\/pages\/2523\/revisions\/7863"}],"wp:attachment":[{"href":"https:\/\/dev.varosun.com\/en\/wp-json\/wp\/v2\/media?parent=2523"}],"wp:term":[{"taxonomy":"category","embeddable":true,"href":"https:\/\/dev.varosun.com\/en\/wp-json\/wp\/v2\/categories?post=2523"},{"taxonomy":"post_tag","embeddable":true,"href":"https:\/\/dev.varosun.com\/en\/wp-json\/wp\/v2\/tags?post=2523"}],"curies":[{"name":"wp","href":"https:\/\/api.w.org\/{rel}","templated":true}]}}