{"id":291,"date":"2018-03-15T10:36:33","date_gmt":"2018-03-15T09:36:33","guid":{"rendered":"https:\/\/varosun.com\/versand__lieferung\/"},"modified":"2025-05-21T14:05:54","modified_gmt":"2025-05-21T12:05:54","slug":"versand__lieferung","status":"publish","type":"page","link":"https:\/\/dev.varosun.com\/en\/versand__lieferung\/","title":{"rendered":"Versand &amp; Lieferung"},"content":{"rendered":"<h2 class=\"wp-block-heading\">Versand und Lieferung<\/h2>\n\n\n\n<h3 class=\"wp-block-heading\">Versandbedingungen<\/h3>\n\n\n\n<p>Die Lieferung erfolgt innerhalb Deutschlands sowie in folgende L\u00e4nder:<\/p>\n\n\n\n<p>Belgien, Bulgarien, D\u00e4nemark (au\u00dfer F\u00e4r\u00f6er, Gr\u00f6nland), Estland, Finnland (au\u00dfer \u00c5landinseln), Frankreich (au\u00dfer \u00fcberseeische Gebiete), Griechenland (au\u00dfer Berg Athos), Gro\u00dfbritannien (au\u00dfer Kanalinseln), Irland, Italien (au\u00dfer Livigno und Campione d&#8217;Italia), Kroatien, Lettland, Litauen, Luxemburg, Malta, Monaco, Niederlande (au\u00dfer au\u00dfereurop\u00e4ische Gebiete), \u00d6sterreich, Polen, Portugal, Rum\u00e4nien, Schweden, Slowakei, Slowenien, Spanien (au\u00dfer Kanarische Inseln, Ceuta und Melilla), Tschechien, Ungarn, Zypern (au\u00dfer Nordteil).<\/p>\n\n\n\n<p>Zus\u00e4tzlich liefern wir auch in die Schweiz und nach Norwegen.<\/p>\n\n\n\n<h3 class=\"wp-block-heading\">Versandkosten<\/h3>\n\n\n\n<p>Die Versandkosten richten sich nach dem Lieferland sowie der Anzahl bestellter VaroSun-Produkte gem\u00e4\u00df Verpackungseinheiten (VE). Alle Preise verstehen sich inklusive gesetzlicher Mehrwertsteuer.<\/p>\n\n\n\n<h4 class=\"wp-block-heading\">Deutschland<\/h4>\n\n\n\n<ul class=\"wp-block-list\">\n<li>VE 1 (1\u20134 Hitzeschutze): 7,69 \u20ac<\/li>\n\n\n\n<li>VE 2 (5\u20138 Hitzeschutze): 10,49 \u20ac<\/li>\n\n\n\n<li>VE 3 (9\u201320 Hitzeschutze): 18,99 \u20ac<\/li>\n\n\n\n<li>VE 4 (21\u201330 Hitzeschutze): 23,99 \u20ac<\/li>\n<\/ul>\n\n\n\n<h4 class=\"wp-block-heading\">EU (Zone 1)<\/h4>\n\n\n\n<p>z. B. Frankreich, \u00d6sterreich, Italien, Polen usw.<\/p>\n\n\n\n<ul class=\"wp-block-list\">\n<li>VE 1 (1\u20134 Hitzeschutze): 19,49 \u20ac<\/li>\n\n\n\n<li>VE 2 (5\u20138 Hitzeschutze): 24,99 \u20ac<\/li>\n\n\n\n<li>VE 3 (9\u201320 Hitzeschutze): 29,82 \u20ac<\/li>\n\n\n\n<li>VE 4 (21\u201330 Hitzeschutze): 48,49 \u20ac<\/li>\n<\/ul>\n\n\n\n<h4 class=\"wp-block-heading\">Schweiz (Zone 2)<\/h4>\n\n\n\n<ul class=\"wp-block-list\">\n<li>VE 1 (1\u20134 Hitzeschutze): 29,99 \u20ac<\/li>\n\n\n\n<li>VE 2 (5\u20138 Hitzeschutze): 37,99 \u20ac<\/li>\n\n\n\n<li>VE 3 (9\u201320 Hitzeschutze): 51,99 \u20ac<\/li>\n\n\n\n<li>VE 4 (21\u201330 Hitzeschutze): 65,99 \u20ac<\/li>\n<\/ul>\n\n\n\n<h4 class=\"wp-block-heading\">Norwegen (Zone 3)<\/h4>\n\n\n\n<ul class=\"wp-block-list\">\n<li>VE 1 (1\u20134 Hitzeschutze): 32,99 \u20ac<\/li>\n\n\n\n<li>VE 2 (5\u20138 Hitzeschutze): 40,99 \u20ac<\/li>\n\n\n\n<li>VE 3 (9\u201320 Hitzeschutze): 55,99 \u20ac<\/li>\n\n\n\n<li>VE 4 (21\u201330 Hitzeschutze): 70,99 \u20ac<\/li>\n<\/ul>\n\n\n\n<h3 class=\"wp-block-heading\">Lieferzeiten<\/h3>\n\n\n\n<p>Soweit in der Artikelbeschreibung keine andere Frist angegeben ist, erfolgt die Lieferung der Ware in Deutschland innerhalb von 2 &#8211; 5 Arbeitstagen, bei Auslandslieferungen innerhalb von 7 &#8211; 14 Arbeitstagen. Beachten Sie, dass an Sonn- und Feiertagen keine Zustellung erfolgt.<\/p>\n\n\n\n<p>Bei Abholung entfallen nat\u00fcrlich die Versandkosten. Setzen Sie sich bei Abholung mit uns zwecks Terminabstimmung in Verbindung.<\/p>","protected":false},"excerpt":{"rendered":"<p>Versand und Lieferung Versandbedingungen Die Lieferung erfolgt innerhalb Deutschlands sowie in folgende L\u00e4nder: Belgien, Bulgarien, D\u00e4nemark (au\u00dfer F\u00e4r\u00f6er, Gr\u00f6nland), Estland,<\/p>","protected":false},"author":160,"featured_media":0,"parent":0,"menu_order":0,"comment_status":"closed","ping_status":"closed","template":"","meta":{"footnotes":""},"categories":[],"tags":[],"class_list":["post-291","page","type-page","status-publish","hentry"],"yoast_head":"<!-- This site is optimized with the Yoast SEO plugin v27.2 - https:\/\/yoast.com\/product\/yoast-seo-wordpress\/ -->\n<title>Versand &amp; Lieferung - varosun<\/title>\n<meta name=\"description\" content=\"Wie hoch sind die Versandkosten f\u00fcr VaroSun Artikel? Erfahren Sie mehr \u00fcber Versandbedingungen und Versandkosten.\" \/>\n<meta name=\"robots\" content=\"noindex, follow\" \/>\n<meta property=\"og:locale\" content=\"en_US\" \/>\n<meta property=\"og:type\" content=\"article\" \/>\n<meta property=\"og:title\" content=\"Versand &amp; Lieferung - varosun\" \/>\n<meta property=\"og:description\" content=\"Wie hoch sind die Versandkosten f\u00fcr VaroSun Artikel? Erfahren Sie mehr \u00fcber Versandbedingungen und Versandkosten.\" \/>\n<meta property=\"og:url\" content=\"https:\/\/dev.varosun.com\/en\/versand__lieferung\/\" \/>\n<meta property=\"og:site_name\" content=\"varosun\" \/>\n<meta property=\"article:publisher\" content=\"https:\/\/www.facebook.com\/p\/VaroSun-100066662166188\/\" \/>\n<meta property=\"article:modified_time\" content=\"2025-05-21T12:05:54+00:00\" \/>\n<meta property=\"og:image\" content=\"https:\/\/dev.varosun.com\/wp-content\/uploads\/2022\/08\/VaroSun-close-up.jpg\" \/>\n\t<meta property=\"og:image:width\" content=\"2048\" \/>\n\t<meta property=\"og:image:height\" content=\"1365\" \/>\n\t<meta property=\"og:image:type\" content=\"image\/jpeg\" \/>\n<meta name=\"twitter:card\" content=\"summary_large_image\" \/>\n<meta name=\"twitter:label1\" content=\"Est. reading time\" \/>\n\t<meta name=\"twitter:data1\" content=\"2 minutes\" \/>\n<script type=\"application\/ld+json\" class=\"yoast-schema-graph\">{\"@context\":\"https:\/\/schema.org\",\"@graph\":[{\"@type\":\"WebPage\",\"@id\":\"https:\/\/dev.varosun.com\/versand__lieferung\/\",\"url\":\"https:\/\/dev.varosun.com\/versand__lieferung\/\",\"name\":\"Versand &amp; Lieferung - varosun\",\"isPartOf\":{\"@id\":\"https:\/\/dev.varosun.com\/#website\"},\"datePublished\":\"2018-03-15T09:36:33+00:00\",\"dateModified\":\"2025-05-21T12:05:54+00:00\",\"description\":\"Wie hoch sind die Versandkosten f\u00fcr VaroSun Artikel? Erfahren Sie mehr \u00fcber Versandbedingungen und Versandkosten.\",\"breadcrumb\":{\"@id\":\"https:\/\/dev.varosun.com\/versand__lieferung\/#breadcrumb\"},\"inLanguage\":\"en-US\",\"potentialAction\":[{\"@type\":\"ReadAction\",\"target\":[\"https:\/\/dev.varosun.com\/versand__lieferung\/\"]}]},{\"@type\":\"BreadcrumbList\",\"@id\":\"https:\/\/dev.varosun.com\/versand__lieferung\/#breadcrumb\",\"itemListElement\":[{\"@type\":\"ListItem\",\"position\":1,\"name\":\"Startseite\",\"item\":\"https:\/\/dev.varosun.com\/\"},{\"@type\":\"ListItem\",\"position\":2,\"name\":\"Versand &amp; Lieferung\"}]},{\"@type\":\"WebSite\",\"@id\":\"https:\/\/dev.varosun.com\/#website\",\"url\":\"https:\/\/dev.varosun.com\/\",\"name\":\"varosun\",\"description\":\"Der praktische Sonnenschutz f\u00fcr Wohnungen und Gesch\u00e4ftsr\u00e4ume\",\"publisher\":{\"@id\":\"https:\/\/dev.varosun.com\/#organization\"},\"potentialAction\":[{\"@type\":\"SearchAction\",\"target\":{\"@type\":\"EntryPoint\",\"urlTemplate\":\"https:\/\/dev.varosun.com\/?s={search_term_string}\"},\"query-input\":{\"@type\":\"PropertyValueSpecification\",\"valueRequired\":true,\"valueName\":\"search_term_string\"}}],\"inLanguage\":\"en-US\"},{\"@type\":\"Organization\",\"@id\":\"https:\/\/dev.varosun.com\/#organization\",\"name\":\"varosun\",\"url\":\"https:\/\/dev.varosun.com\/\",\"logo\":{\"@type\":\"ImageObject\",\"inLanguage\":\"en-US\",\"@id\":\"https:\/\/dev.varosun.com\/#\/schema\/logo\/image\/\",\"url\":\"https:\/\/varosun.com\/wp-content\/uploads\/2025\/03\/Logo-NEU-e1751556799274.jpg\",\"contentUrl\":\"https:\/\/varosun.com\/wp-content\/uploads\/2025\/03\/Logo-NEU-e1751556799274.jpg\",\"width\":1154,\"height\":210,\"caption\":\"varosun\"},\"image\":{\"@id\":\"https:\/\/dev.varosun.com\/#\/schema\/logo\/image\/\"},\"sameAs\":[\"https:\/\/www.facebook.com\/p\/VaroSun-100066662166188\/\"]}]}<\/script>\n<!-- \/ Yoast SEO plugin. -->","yoast_head_json":{"title":"Versand &amp; Lieferung - varosun","description":"Wie hoch sind die Versandkosten f\u00fcr VaroSun Artikel? Erfahren Sie mehr \u00fcber Versandbedingungen und Versandkosten.","robots":{"index":"noindex","follow":"follow"},"og_locale":"en_US","og_type":"article","og_title":"Versand &amp; Lieferung - varosun","og_description":"Wie hoch sind die Versandkosten f\u00fcr VaroSun Artikel? Erfahren Sie mehr \u00fcber Versandbedingungen und Versandkosten.","og_url":"https:\/\/dev.varosun.com\/en\/versand__lieferung\/","og_site_name":"varosun","article_publisher":"https:\/\/www.facebook.com\/p\/VaroSun-100066662166188\/","article_modified_time":"2025-05-21T12:05:54+00:00","og_image":[{"width":2048,"height":1365,"url":"https:\/\/dev.varosun.com\/wp-content\/uploads\/2022\/08\/VaroSun-close-up.jpg","type":"image\/jpeg"}],"twitter_card":"summary_large_image","twitter_misc":{"Est. reading time":"2 minutes"},"schema":{"@context":"https:\/\/schema.org","@graph":[{"@type":"WebPage","@id":"https:\/\/dev.varosun.com\/versand__lieferung\/","url":"https:\/\/dev.varosun.com\/versand__lieferung\/","name":"Versand &amp; Lieferung - varosun","isPartOf":{"@id":"https:\/\/dev.varosun.com\/#website"},"datePublished":"2018-03-15T09:36:33+00:00","dateModified":"2025-05-21T12:05:54+00:00","description":"Wie hoch sind die Versandkosten f\u00fcr VaroSun Artikel? Erfahren Sie mehr \u00fcber Versandbedingungen und Versandkosten.","breadcrumb":{"@id":"https:\/\/dev.varosun.com\/versand__lieferung\/#breadcrumb"},"inLanguage":"en-US","potentialAction":[{"@type":"ReadAction","target":["https:\/\/dev.varosun.com\/versand__lieferung\/"]}]},{"@type":"BreadcrumbList","@id":"https:\/\/dev.varosun.com\/versand__lieferung\/#breadcrumb","itemListElement":[{"@type":"ListItem","position":1,"name":"Startseite","item":"https:\/\/dev.varosun.com\/"},{"@type":"ListItem","position":2,"name":"Versand &amp; Lieferung"}]},{"@type":"WebSite","@id":"https:\/\/dev.varosun.com\/#website","url":"https:\/\/dev.varosun.com\/","name":"varosun","description":"Der praktische Sonnenschutz f\u00fcr Wohnungen und Gesch\u00e4ftsr\u00e4ume","publisher":{"@id":"https:\/\/dev.varosun.com\/#organization"},"potentialAction":[{"@type":"SearchAction","target":{"@type":"EntryPoint","urlTemplate":"https:\/\/dev.varosun.com\/?s={search_term_string}"},"query-input":{"@type":"PropertyValueSpecification","valueRequired":true,"valueName":"search_term_string"}}],"inLanguage":"en-US"},{"@type":"Organization","@id":"https:\/\/dev.varosun.com\/#organization","name":"varosun","url":"https:\/\/dev.varosun.com\/","logo":{"@type":"ImageObject","inLanguage":"en-US","@id":"https:\/\/dev.varosun.com\/#\/schema\/logo\/image\/","url":"https:\/\/varosun.com\/wp-content\/uploads\/2025\/03\/Logo-NEU-e1751556799274.jpg","contentUrl":"https:\/\/varosun.com\/wp-content\/uploads\/2025\/03\/Logo-NEU-e1751556799274.jpg","width":1154,"height":210,"caption":"varosun"},"image":{"@id":"https:\/\/dev.varosun.com\/#\/schema\/logo\/image\/"},"sameAs":["https:\/\/www.facebook.com\/p\/VaroSun-100066662166188\/"]}]}},"_links":{"self":[{"href":"https:\/\/dev.varosun.com\/en\/wp-json\/wp\/v2\/pages\/291","targetHints":{"allow":["GET"]}}],"collection":[{"href":"https:\/\/dev.varosun.com\/en\/wp-json\/wp\/v2\/pages"}],"about":[{"href":"https:\/\/dev.varosun.com\/en\/wp-json\/wp\/v2\/types\/page"}],"author":[{"embeddable":true,"href":"https:\/\/dev.varosun.com\/en\/wp-json\/wp\/v2\/users\/160"}],"replies":[{"embeddable":true,"href":"https:\/\/dev.varosun.com\/en\/wp-json\/wp\/v2\/comments?post=291"}],"version-history":[{"count":10,"href":"https:\/\/dev.varosun.com\/en\/wp-json\/wp\/v2\/pages\/291\/revisions"}],"predecessor-version":[{"id":11470,"href":"https:\/\/dev.varosun.com\/en\/wp-json\/wp\/v2\/pages\/291\/revisions\/11470"}],"wp:attachment":[{"href":"https:\/\/dev.varosun.com\/en\/wp-json\/wp\/v2\/media?parent=291"}],"wp:term":[{"taxonomy":"category","embeddable":true,"href":"https:\/\/dev.varosun.com\/en\/wp-json\/wp\/v2\/categories?post=291"},{"taxonomy":"post_tag","embeddable":true,"href":"https:\/\/dev.varosun.com\/en\/wp-json\/wp\/v2\/tags?post=291"}],"curies":[{"name":"wp","href":"https:\/\/api.w.org\/{rel}","templated":true}]}}