{"id":295,"date":"2018-03-15T10:36:33","date_gmt":"2018-03-15T09:36:33","guid":{"rendered":"https:\/\/varosun.com\/zahlungsweisen\/"},"modified":"2025-11-21T14:47:35","modified_gmt":"2025-11-21T13:47:35","slug":"zahlungsweisen","status":"publish","type":"page","link":"https:\/\/dev.varosun.com\/en\/zahlungsweisen\/","title":{"rendered":"Zahlungsweisen"},"content":{"rendered":"<h2 class=\"wp-block-heading\">Zahlungsweisen<\/h2>\n\n\n\n<p>Um Ihnen den Einkauf so angenehm wie m\u00f6glich zu gestalten, bieten wir folgende Zahlungsm\u00f6glichkeiten an:<\/p>\n\n\n\n<p>Suchen Sie sich einfach die f\u00fcr Sie optimale Zahlart aus. Die Versandkosten sind teilweise abh\u00e4ngig von der gew\u00e4hlten Zahlungsart. Die in den jeweiligen Angeboten angef\u00fchrten Preise stellen Endpreise dar. Sie beinhalten alle Preisbestandteile, einschlie\u00dflich etwaige anfallender Steuern wie Mehrwertsteuer.<\/p>\n\n\n\n<p>Nur bei grenz\u00fcberschreitender Lieferung k\u00f6nnen im Einzelfall weitere Steuern (z. B. im Falle eines innergemeinschaftlichen Erwerbs) und\/oder Abgaben (z. B. Z\u00f6lle) von Ihnen zu zahlen sein, jedoch nicht an den Verk\u00e4ufer, sondern an die dort zust\u00e4ndigen Zoll- bzw. Steuerbeh\u00f6rden. Die anfallenden Liefer- und Versandkosten sind nicht im Kaufpreis enthalten, sie sind \u00fcber die Seite <a href=\"https:\/\/dev.varosun.com\/en\/versand__lieferung\/\" target=\"_blank\" rel=\"noreferrer noopener\">Versand &amp; Lieferung<\/a> aufrufbar, werden im Laufe des Bestellvorganges gesondert ausgewiesen und sind von Ihnen zus\u00e4tzlich zu tragen.<\/p>\n\n\n\n<h3 class=\"wp-block-heading\">Klarna<\/h3>\n\n\n\n<p>Zahlen Sie auf Rechnung, Teilen Sie Ihre Rechnung auf oder zahlen Sie per Sofort-\u00dcberweisung.<\/p>\n\n\n\n<h3 class=\"wp-block-heading\">PayPal<\/h3>\n\n\n\n<p>Noch schneller und sicherer bezahlen mit ihrem PayPal-Konto.<\/p>\n\n\n\n<h3 class=\"wp-block-heading\">EPS (Electronic Payment Standard)<\/h3>\n\n\n\n<p>EPS (Electronic Payment Standard) ist ein sicheres Online-Bezahlsystem in \u00d6sterreich, entwickelt von \u00f6sterreichischen Banken. Es erm\u00f6glicht direkte \u00dcberweisungen \u00fcber das Online-Banking der eigenen Bank, ohne zus\u00e4tzliche Konten oder Apps. \u00dcber 11.000 Onlineshops und viele elektronische Amtsgesch\u00e4fte nutzen EPS f\u00fcr schnelle und sichere Zahlungen. Die Vorteile umfassen hohe Sicherheit, Datenschutz, einfache Anwendung und keine zus\u00e4tzlichen Kosten. EPS ist besonders f\u00fcr E-Government-Dienste relevant.<\/p>\n\n\n\n<h3 class=\"wp-block-heading\">Bank\u00fcberweisung (Vorkasse)<\/h3>\n\n\n\n<p>1. W\u00e4hlen Sie w\u00e4hrend des Bestellvorgangs die Option &#8222;Vorkasse&#8220; aus und schlie\u00dfen sie die Bestellung ab.<\/p>\n\n\n\n<p>2. Nachdem ihre Bestellung gepr\u00fcft und bearbeitet wurde, senden wir ihnen eine Bestellbest\u00e4tigung mit dem zu zahlenden Betrag und unseren Bankdaten zu.<\/p>\n\n\n\n<p>3. Sobald ihre Zahlung bei uns eingegangen und verbucht wurde, wird ihre Ware umgehend produziert und verschickt.<\/p>\n\n\n\n<p><span style=\"font-size: 17px;\">Die angegebenen Preise verstehen sich inklusive der am Tag des Versandes g\u00fcltigen Mehrwertsteuer der Bundesrepublik Deutschland.&nbsp;<\/span><\/p>\n\n\n\n<p><span style=\"font-size: 17px;\">Versandkosten werden separat ausgewiesen.&nbsp;<\/span><\/p>\n\n\n\n<p><span style=\"font-size: 17px;\">Bis zur vollst\u00e4ndigen Bezahlung verbleiben die gelieferten Waren im Eigentum von VaroSun.<\/span><\/p>\n\n\n\n<p><span style=\"font-size: 17px;\">Kosten f\u00fcr Teillieferungen entstehen Ihnen nicht.<\/span><\/p>","protected":false},"excerpt":{"rendered":"<p>Zahlungsweisen Um Ihnen den Einkauf so angenehm wie m\u00f6glich zu gestalten, bieten wir folgende Zahlungsm\u00f6glichkeiten an: Suchen Sie sich einfach<\/p>","protected":false},"author":160,"featured_media":0,"parent":0,"menu_order":0,"comment_status":"closed","ping_status":"closed","template":"","meta":{"footnotes":""},"categories":[],"tags":[],"class_list":["post-295","page","type-page","status-publish","hentry"],"yoast_head":"<!-- This site is optimized with the Yoast SEO plugin v27.2 - https:\/\/yoast.com\/product\/yoast-seo-wordpress\/ -->\n<title>Zahlungsweisen - varosun<\/title>\n<meta name=\"description\" content=\"Um Ihnen den Einkauf so angenehm wie m\u00f6glich zu gestalten, bieten wir folgende Zahlungsm\u00f6glichkeiten an:\" \/>\n<meta name=\"robots\" content=\"noindex, follow\" \/>\n<meta property=\"og:locale\" content=\"en_US\" \/>\n<meta property=\"og:type\" content=\"article\" \/>\n<meta property=\"og:title\" content=\"Zahlungsweisen - varosun\" \/>\n<meta property=\"og:description\" content=\"Um Ihnen den Einkauf so angenehm wie m\u00f6glich zu gestalten, bieten wir folgende Zahlungsm\u00f6glichkeiten an:\" \/>\n<meta property=\"og:url\" content=\"https:\/\/dev.varosun.com\/en\/zahlungsweisen\/\" \/>\n<meta property=\"og:site_name\" content=\"varosun\" \/>\n<meta property=\"article:publisher\" content=\"https:\/\/www.facebook.com\/p\/VaroSun-100066662166188\/\" \/>\n<meta property=\"article:modified_time\" content=\"2025-11-21T13:47:35+00:00\" \/>\n<meta property=\"og:image\" content=\"https:\/\/dev.varosun.com\/wp-content\/uploads\/2022\/08\/VaroSun-close-up.jpg\" \/>\n\t<meta property=\"og:image:width\" content=\"2048\" \/>\n\t<meta property=\"og:image:height\" content=\"1365\" \/>\n\t<meta property=\"og:image:type\" content=\"image\/jpeg\" \/>\n<meta name=\"twitter:card\" content=\"summary_large_image\" \/>\n<meta name=\"twitter:label1\" content=\"Est. reading time\" \/>\n\t<meta name=\"twitter:data1\" content=\"2 minutes\" \/>\n<script type=\"application\/ld+json\" class=\"yoast-schema-graph\">{\"@context\":\"https:\/\/schema.org\",\"@graph\":[{\"@type\":\"WebPage\",\"@id\":\"https:\/\/dev.varosun.com\/zahlungsweisen\/\",\"url\":\"https:\/\/dev.varosun.com\/zahlungsweisen\/\",\"name\":\"Zahlungsweisen - varosun\",\"isPartOf\":{\"@id\":\"https:\/\/dev.varosun.com\/#website\"},\"datePublished\":\"2018-03-15T09:36:33+00:00\",\"dateModified\":\"2025-11-21T13:47:35+00:00\",\"description\":\"Um Ihnen den Einkauf so angenehm wie m\u00f6glich zu gestalten, bieten wir folgende Zahlungsm\u00f6glichkeiten an:\",\"breadcrumb\":{\"@id\":\"https:\/\/dev.varosun.com\/zahlungsweisen\/#breadcrumb\"},\"inLanguage\":\"en-US\",\"potentialAction\":[{\"@type\":\"ReadAction\",\"target\":[\"https:\/\/dev.varosun.com\/zahlungsweisen\/\"]}]},{\"@type\":\"BreadcrumbList\",\"@id\":\"https:\/\/dev.varosun.com\/zahlungsweisen\/#breadcrumb\",\"itemListElement\":[{\"@type\":\"ListItem\",\"position\":1,\"name\":\"Startseite\",\"item\":\"https:\/\/dev.varosun.com\/\"},{\"@type\":\"ListItem\",\"position\":2,\"name\":\"Zahlungsweisen\"}]},{\"@type\":\"WebSite\",\"@id\":\"https:\/\/dev.varosun.com\/#website\",\"url\":\"https:\/\/dev.varosun.com\/\",\"name\":\"varosun\",\"description\":\"Der praktische Sonnenschutz f\u00fcr Wohnungen und Gesch\u00e4ftsr\u00e4ume\",\"publisher\":{\"@id\":\"https:\/\/dev.varosun.com\/#organization\"},\"potentialAction\":[{\"@type\":\"SearchAction\",\"target\":{\"@type\":\"EntryPoint\",\"urlTemplate\":\"https:\/\/dev.varosun.com\/?s={search_term_string}\"},\"query-input\":{\"@type\":\"PropertyValueSpecification\",\"valueRequired\":true,\"valueName\":\"search_term_string\"}}],\"inLanguage\":\"en-US\"},{\"@type\":\"Organization\",\"@id\":\"https:\/\/dev.varosun.com\/#organization\",\"name\":\"varosun\",\"url\":\"https:\/\/dev.varosun.com\/\",\"logo\":{\"@type\":\"ImageObject\",\"inLanguage\":\"en-US\",\"@id\":\"https:\/\/dev.varosun.com\/#\/schema\/logo\/image\/\",\"url\":\"https:\/\/varosun.com\/wp-content\/uploads\/2025\/03\/Logo-NEU-e1751556799274.jpg\",\"contentUrl\":\"https:\/\/varosun.com\/wp-content\/uploads\/2025\/03\/Logo-NEU-e1751556799274.jpg\",\"width\":1154,\"height\":210,\"caption\":\"varosun\"},\"image\":{\"@id\":\"https:\/\/dev.varosun.com\/#\/schema\/logo\/image\/\"},\"sameAs\":[\"https:\/\/www.facebook.com\/p\/VaroSun-100066662166188\/\"]}]}<\/script>\n<!-- \/ Yoast SEO plugin. -->","yoast_head_json":{"title":"Zahlungsweisen - varosun","description":"Um Ihnen den Einkauf so angenehm wie m\u00f6glich zu gestalten, bieten wir folgende Zahlungsm\u00f6glichkeiten an:","robots":{"index":"noindex","follow":"follow"},"og_locale":"en_US","og_type":"article","og_title":"Zahlungsweisen - varosun","og_description":"Um Ihnen den Einkauf so angenehm wie m\u00f6glich zu gestalten, bieten wir folgende Zahlungsm\u00f6glichkeiten an:","og_url":"https:\/\/dev.varosun.com\/en\/zahlungsweisen\/","og_site_name":"varosun","article_publisher":"https:\/\/www.facebook.com\/p\/VaroSun-100066662166188\/","article_modified_time":"2025-11-21T13:47:35+00:00","og_image":[{"width":2048,"height":1365,"url":"https:\/\/dev.varosun.com\/wp-content\/uploads\/2022\/08\/VaroSun-close-up.jpg","type":"image\/jpeg"}],"twitter_card":"summary_large_image","twitter_misc":{"Est. reading time":"2 minutes"},"schema":{"@context":"https:\/\/schema.org","@graph":[{"@type":"WebPage","@id":"https:\/\/dev.varosun.com\/zahlungsweisen\/","url":"https:\/\/dev.varosun.com\/zahlungsweisen\/","name":"Zahlungsweisen - varosun","isPartOf":{"@id":"https:\/\/dev.varosun.com\/#website"},"datePublished":"2018-03-15T09:36:33+00:00","dateModified":"2025-11-21T13:47:35+00:00","description":"Um Ihnen den Einkauf so angenehm wie m\u00f6glich zu gestalten, bieten wir folgende Zahlungsm\u00f6glichkeiten an:","breadcrumb":{"@id":"https:\/\/dev.varosun.com\/zahlungsweisen\/#breadcrumb"},"inLanguage":"en-US","potentialAction":[{"@type":"ReadAction","target":["https:\/\/dev.varosun.com\/zahlungsweisen\/"]}]},{"@type":"BreadcrumbList","@id":"https:\/\/dev.varosun.com\/zahlungsweisen\/#breadcrumb","itemListElement":[{"@type":"ListItem","position":1,"name":"Startseite","item":"https:\/\/dev.varosun.com\/"},{"@type":"ListItem","position":2,"name":"Zahlungsweisen"}]},{"@type":"WebSite","@id":"https:\/\/dev.varosun.com\/#website","url":"https:\/\/dev.varosun.com\/","name":"varosun","description":"Der praktische Sonnenschutz f\u00fcr Wohnungen und Gesch\u00e4ftsr\u00e4ume","publisher":{"@id":"https:\/\/dev.varosun.com\/#organization"},"potentialAction":[{"@type":"SearchAction","target":{"@type":"EntryPoint","urlTemplate":"https:\/\/dev.varosun.com\/?s={search_term_string}"},"query-input":{"@type":"PropertyValueSpecification","valueRequired":true,"valueName":"search_term_string"}}],"inLanguage":"en-US"},{"@type":"Organization","@id":"https:\/\/dev.varosun.com\/#organization","name":"varosun","url":"https:\/\/dev.varosun.com\/","logo":{"@type":"ImageObject","inLanguage":"en-US","@id":"https:\/\/dev.varosun.com\/#\/schema\/logo\/image\/","url":"https:\/\/varosun.com\/wp-content\/uploads\/2025\/03\/Logo-NEU-e1751556799274.jpg","contentUrl":"https:\/\/varosun.com\/wp-content\/uploads\/2025\/03\/Logo-NEU-e1751556799274.jpg","width":1154,"height":210,"caption":"varosun"},"image":{"@id":"https:\/\/dev.varosun.com\/#\/schema\/logo\/image\/"},"sameAs":["https:\/\/www.facebook.com\/p\/VaroSun-100066662166188\/"]}]}},"_links":{"self":[{"href":"https:\/\/dev.varosun.com\/en\/wp-json\/wp\/v2\/pages\/295","targetHints":{"allow":["GET"]}}],"collection":[{"href":"https:\/\/dev.varosun.com\/en\/wp-json\/wp\/v2\/pages"}],"about":[{"href":"https:\/\/dev.varosun.com\/en\/wp-json\/wp\/v2\/types\/page"}],"author":[{"embeddable":true,"href":"https:\/\/dev.varosun.com\/en\/wp-json\/wp\/v2\/users\/160"}],"replies":[{"embeddable":true,"href":"https:\/\/dev.varosun.com\/en\/wp-json\/wp\/v2\/comments?post=295"}],"version-history":[{"count":10,"href":"https:\/\/dev.varosun.com\/en\/wp-json\/wp\/v2\/pages\/295\/revisions"}],"predecessor-version":[{"id":12738,"href":"https:\/\/dev.varosun.com\/en\/wp-json\/wp\/v2\/pages\/295\/revisions\/12738"}],"wp:attachment":[{"href":"https:\/\/dev.varosun.com\/en\/wp-json\/wp\/v2\/media?parent=295"}],"wp:term":[{"taxonomy":"category","embeddable":true,"href":"https:\/\/dev.varosun.com\/en\/wp-json\/wp\/v2\/categories?post=295"},{"taxonomy":"post_tag","embeddable":true,"href":"https:\/\/dev.varosun.com\/en\/wp-json\/wp\/v2\/tags?post=295"}],"curies":[{"name":"wp","href":"https:\/\/api.w.org\/{rel}","templated":true}]}}