{"id":4421,"date":"2021-10-11T15:29:12","date_gmt":"2021-10-11T13:29:12","guid":{"rendered":"https:\/\/varosun.com\/?page_id=4421"},"modified":"2025-12-01T22:14:09","modified_gmt":"2025-12-01T21:14:09","slug":"senkrechter-sonnenschutz","status":"publish","type":"page","link":"https:\/\/dev.varosun.com\/en\/senkrechter-sonnenschutz\/","title":{"rendered":"Senkrechter Sonnenschutz f\u00fcr Terrasse, Balkon &amp; Wintergarten"},"content":{"rendered":"<p>Sonnenlicht weckt die Lebensgeister, sorgt f\u00fcr gute Laune und wirkt freundlich und einladend. Deshalb sind helle Wohnungen mit Freisitzen begehrt und die meisten Menschen m\u00f6chten in der warmen Jahreszeit m\u00f6glichst viele Stunden auf ihrem Balkon oder ihrer Terrasse verbringen.<\/p>\n\n\n\n<figure class=\"wp-block-image alignright size-full\"><img loading=\"lazy\" decoding=\"async\" width=\"300\" height=\"232\" src=\"https:\/\/varosun.com\/wp-content\/uploads\/2024\/04\/image.jpeg\" alt=\"Senkrechter VaroSun Sonnenschutz, installiert an einem Fenster eines modernen Einfamilienhauses, bietet effektive Abschirmung vor direkter Sonneneinstrahlung und reduziert die Innentemperatur.\" class=\"wp-image-9596\" srcset=\"https:\/\/dev.varosun.com\/wp-content\/uploads\/2024\/04\/image.jpeg 300w, https:\/\/dev.varosun.com\/wp-content\/uploads\/2024\/04\/image-200x155.jpeg 200w\" sizes=\"auto, (max-width: 300px) 100vw, 300px\" \/><\/figure>\n\n\n\n<h2 class=\"wp-block-heading\">Mit einer Senkrechtmarkise zu einem angenehmeren Wohngef\u00fchl<\/h2>\n\n\n\n<p>In l\u00e4ndlichen Gegenden sind auch Winterg\u00e4rten beliebt. In ihnen l\u00e4sst sich die Sonne auch dann genie\u00dfen, wenn die Temperaturen drau\u00dfen noch frisch sind. <\/p>\n\n\n\n<p>Doch gerade bei Freisitzen, die nach S\u00fcden oder Westen ausgerichtet sind, kann die Sonneneinstrahlung im Hochsommer zu einem echten Problem werden. Denn in den Nachmittags- und Abendstunden reicht eine klassische Markise zur Beschattung nicht mehr aus. Die Sonne scheint unter der Markise hindurch. Auf S\u00fcd-Balkonen kann die Sonneneinstrahlung sogar im Winter unangenehm hell werden, vor allem, wenn sie den wichtigsten Wohnr\u00e4umen angegliedert sind. Denn in den Wintermonaten steht die Sonne den ganzen Tag \u00fcber tief und strahlt direkt in die Wohnung oder in das Haus hinein.<\/p>\n\n\n\n<figure class=\"wp-block-image alignleft\"><img decoding=\"async\" src=\"https:\/\/varosun.com\/wp-content\/uploads\/2021\/05\/Kopie-von-Markise-als-Hitzeschutz-300x200.jpg\" alt=\"VaroSun Hitzeschutz an den Balkont\u00fcren eines modernen Balkons, sch\u00fctzt effektiv vor \u00fcberm\u00e4\u00dfiger Sonneneinstrahlung und verbessert das Wohnklima.\"\/><\/figure>\n\n\n\n<p>Die perfekte L\u00f6sung f\u00fcr diese Herausforderungen: Senkrechtbeschattung. Ein vertikaler Sonnenschutz ist die ideale Erg\u00e4nzung zum Sonnenschirm oder der klassischen Markise und sch\u00fctzt nicht nur vor zu starkem Sonnenlicht und extremer W\u00e4rme, sondern auch vor neugierigen Blicken. <\/p>\n\n\n\n<p>So bietet dir ein vertikaler Sonnenschutz gleich mehrere Funktionen auf einmal, zumal er die Optik deines Balkons, deiner Terrasse oder deines Wintergartens elegant aufwerten kann.<\/p>\n\n\n\n<h2 class=\"wp-block-heading\">Vertikaler Sonnenschutz Terrasse: Unterschiedliche M\u00f6glichkeiten f\u00fcr eine perfekte L\u00f6sung<\/h2>\n\n\n\n<p><span style=\"font-weight: 400\">Vertikale Sonnenschutzsysteme gibt es inzwischen in vielen Ausf\u00fchrungen, sodass du f\u00fcr deine Bed\u00fcrfnisse die passende L\u00f6sung finden kannst. Zun\u00e4chst einmal gilt es zu kl\u00e4ren, welche besonderen Voraussetzungen dein Freisitz hat und zu welcher Himmelsrichtung er ausgerichtet ist. <\/span><\/p>\n\n\n\n<p><span style=\"font-weight: 400\">Bei einer <a href=\"https:\/\/dev.varosun.com\/en\/sonnenschutz-terrassenueberdachung\/\">Terrasse<\/a>, die nach Osten ausgerichtet ist, kann die Morgensonne zu einer Belastung werden &#8211; vor allem dann, wenn du gerne drau\u00dfen fr\u00fchst\u00fccken m\u00f6chtest. Hier ergibt es also Sinn, zus\u00e4tzlich zur normalen Markise eine vertikale Spezialmarkise installieren zu lassen. Auf Westbalkonen und Westterrassen lassen sich zwar bis zum Sonnenuntergang W\u00e4rme und Licht genie\u00dfen. Doch an wolkenlosen Tagen im Hochsommer kann die Einstrahlung der Sonne zur Tortur werden.<\/span><\/p>\n\n\n\n<figure class=\"wp-block-image alignright\"><img decoding=\"async\" src=\"https:\/\/varosun.com\/wp-content\/uploads\/2021\/05\/potted-plant-1031040_Free-Photos-300x200.jpg\" alt=\"Hitzeschutz an einem Fenster, sch\u00fctzt Zimmerpflanzen effektiv vor Austrocknung durch starke Sonneneinstrahlung und tr\u00e4gt zur Erhaltung ihrer Gesundheit bei.\"\/><\/figure>\n\n\n\n<p>Nicht nur die Menschen leiden darunter; auch Pflanzen k\u00f6nnen vertrocknen oder k\u00fcmmern in der zu starken Helligkeit vor sich hin. An einen gem\u00fctlichen Nachmittagskaffee oder einen Grillabend ist im Juli und August meistens nicht mehr zu denken. Au\u00dferdem kann ein starker Sonneneinfall auch die Innenr\u00e4ume aufheizen.<\/p>\n\n\n\n<p>Ein vertikaler Sonnenschutz au\u00dfen eignet sich also f\u00fcr alle Freisitze, die von der Sonne verw\u00f6hnt werden. Gleichzeitig kann er als Sichtschutz verwendet werden &#8211; zum Beispiel dann, wenn die H\u00e4user im Wohngebiet eng beieinander stehen oder der Balkon an eine belebte Stra\u00dfe grenzt. <\/p>\n\n\n\n<p>Auch auf einer Terrasse kann ein vertikaler Sonnenschutz f\u00fcr ein heimeligeres, geborgenes Gef\u00fchl sorgen und zum entspannten D\u00f6sen auf der Gartenliege einladen. Mit den passenden M\u00f6beln und Outdoor-Teppichen kannst du dir im Schatten eines passenden Sonnenschutzes deine pers\u00f6nliche Chillout-Oase einrichten und dich darin f\u00fchlen wie im Luxus-Urlaub.<\/p>\n\n\n\n<h2 class=\"wp-block-heading\">Vertikaler Sonnenschutz Balkon: Hochwertige Stoffe mit wetterfester Beschichtung<\/h2>\n\n\n\n<figure class=\"wp-block-image alignleft\"><img decoding=\"async\" src=\"https:\/\/varosun.com\/wp-content\/uploads\/2021\/05\/thermometer-4353328_geralt-300x200.jpg\" alt=\"Buntes Graffiti einer Frau mit \u00fcbergro\u00dfen Sonnenbrillen auf einer Backsteinmauer, hinterlegt von einem gro\u00dfen Thermometer, das hohe Temperaturen anzeigt.\"\/><\/figure>\n\n\n\n<p>Die Zeiten, in denen Markisenstoffe mit den Jahren Moos und Schimmel ansetzten, sind vorbei. Moderne Hightech-Fasern machen es m\u00f6glich, dass ein vertikaler Sonnenschutz f\u00fcr Balkon und Terrasse \u00fcber viele Jahre hinweg in seiner Farbe best\u00e4ndig bleibt und witterungsfest ist. <\/p>\n\n\n\n<p>Auch l\u00e4ngere Regeng\u00fcsse, Frost oder Temperaturschwankungen k\u00f6nnen dem Material nichts anhaben. Meistens sind die Stoffe au\u00dferdem zus\u00e4tzlich beschichtet, sodass Feuchtigkeit abperlt, anstatt einzudringen. Gleichzeitig bieten sie einen optimalen UV-Schutz, sodass du bedenkenlos mehrere Stunden im Freien sitzen und entspannen kannst.<\/p>\n\n\n\n<p>Dar\u00fcber hinaus haben die Hightech-Materialien einen sp\u00fcrbaren Einfluss auf die Temperatur, da sie das Licht der Sonne reflektieren und damit die Hitzeentwicklung minimieren. Ein vertikaler Sonnenschutz f\u00fcr Balkon und Terrasse kann deshalb auch einen wertvollen Beitrag zur Klimatisierung der Innenr\u00e4ume leisten. Das ist ganz besonders dann gefragt, wenn eine Hitzewelle heranrollt und \u00fcber Tage kein W\u00f6lkchen am Himmel steht. Du kannst das Leben nach drau\u00dfen verlegen, ohne unter der Sonne zu leiden, und nachts trotzdem erholt schlafen.<\/p>\n\n\n\n<h2 class=\"wp-block-heading\">Vertikaler Sonnenschutz innen: F\u00fcr bodentiefe Fenster und Winterg\u00e4rten<\/h2>\n\n\n\n<figure class=\"wp-block-image alignright\"><img decoding=\"async\" src=\"https:\/\/varosun.com\/wp-content\/uploads\/2021\/05\/pexels-mateusz-dach-1122463-e1620642387273-300x282.jpg\" alt=\"Gro\u00dfe Palmenpflanze vor einem hell erleuchteten Fenster in einem Raum, der durch Sonnenlicht durchflutet wird, was eine ruhige und nat\u00fcrliche Atmosph\u00e4re schafft.\"\/><\/figure>\n\n\n\n<p>Kleine Fenster sind mittlerweile h\u00f6chstens Notl\u00f6sungen &#8211; der Trend hat sich l\u00e4ngst in Richtung Licht und Sonne entwickelt. Deshalb werden H\u00e4user immer \u00f6fter mit bodentiefen Fenstern gebaut; manchmal auch mit mehreren Glasfronten, sodass tags\u00fcber im Wohnbereich kein k\u00fcnstliches Licht ben\u00f6tigt wird und ein luftiges, freundliches Ambiente entsteht.<\/p>\n\n\n\n<p>Wenn wir solch lichtdurchflutete R\u00e4ume betreten, f\u00fchlen wir uns automatisch wohl und empfinden die Atmosph\u00e4re als anregend und entspannend zugleich. Das gleiche Prinzip herrscht in einem Wintergarten. <\/p>\n\n\n\n<p>Dank der Glasfronten sind wir sp\u00fcrbar mit der Natur verbunden und k\u00f6nnen auch im Winter Sonnenstrahlen genie\u00dfen. Ein geschickt eingerichteter Wintergarten wirkt nicht k\u00fchl oder gar wie ein Gew\u00e4chshaus, sondern kann zum neuen Zentrum des gem\u00fctlichen Wohnens werden.<\/p>\n\n\n\n<figure class=\"wp-block-image alignleft\"><img decoding=\"async\" src=\"https:\/\/varosun.com\/wp-content\/uploads\/2021\/05\/apartment-3564955_qimono-300x169.jpg\" alt=\"Elegantes Wohnzimmer mit zwei modernen roten Sesseln und einem kleinen Tisch zwischen ihnen, positioniert vor einem gro\u00dffl\u00e4chigen Fenster mit atemberaubendem Blick auf felsige Berge.\"\/><\/figure>\n\n\n\n<p>Doch die vielen Glasfronten bringen auch Nachteile mit sich. Bei tiefem Sonnenstand &#8211; je nach Himmelsrichtung im Winter oder an Sommerabenden &#8211; blendet das Licht nicht nur in den Augen, sondern sorgt auch f\u00fcr eine stickige, bedr\u00fcckende W\u00e4rme in den R\u00e4umen. Ein vertikaler Sonnenschutz f\u00fcr Innenr\u00e4ume kann dann Abhilfe schaffen und nur dann zum Einsatz kommen, wenn er auch wirklich gebraucht wird. <\/p>\n\n\n\n<p>Inzwischen gibt es Senkrechtmarkisen, die zwar vor Blicken von au\u00dfen sch\u00fctzen, aber es den Bewohnern eines Hauses trotzdem erm\u00f6glichen, nach drau\u00dfen zu schauen. So f\u00fchlst du dich beim Herunterlassen dieser vertikalen Markisen nicht eingesperrt und dein Wohnraum bekommt keine dunkle, erdr\u00fcckende H\u00f6hlenatmosph\u00e4re. Die R\u00e4ume bleiben weiterhin hell und freundlich, doch die Sonnenstrahlen werden ged\u00e4mpft und gefiltert, sodass ein weiches, schmeichelndes Licht entsteht.<\/p>\n\n\n\n<h2 class=\"wp-block-heading\">Vertikaler Sonnenschutz Seilspanntechnik: Schutz nach Bedarf<\/h2>\n\n\n\n<figure class=\"wp-block-image alignright\"><img decoding=\"async\" src=\"https:\/\/varosun.com\/wp-content\/uploads\/2021\/05\/roof-414259_Antranias-300x184.jpg\" alt=\"Beige Sonnensegel, gespannt \u00fcber einem Metallgest\u00e4nge, bietet Schatten an einem sonnigen Tag, vor dem Hintergrund von blauem Himmel und gr\u00fcnen B\u00e4umen.\"\/><\/figure>\n\n\n\n<p>Die Seilspanntechnik erm\u00f6glicht einen flexiblen und ma\u00dfgeschneiderten Einsatz eines vertikalen Sonnenschutzes im Au\u00dfenbereich. Die Sonnensegel k\u00f6nnen exakt nach Ma\u00df und auch in ungew\u00f6hnlichen symmetrischen Formen konstruiert werden &#8211; zum Beispiel als Dreieck. Gleichzeitig kann der Sonnenschutz individuell an die Bauweise von Haus und Terrasse angepasst werden. <\/p>\n\n\n\n<p>Derartige Modelle eignen sich besonders gut f\u00fcr moderne Architektur, k\u00f6nnen aber auch mit etwas Geschick an einen Altbau angepasst werden. Der Sonnenschutz wird dank der Seile und der stabilen Konstruktion auf Spannung gehalten und ist im Gegensatz zu gro\u00dfen Sonnenschirmen auch wind- und wetterfest. Die Sonnensegel sind aus speziellem Hightech-Material gefertigt, dessen Farbe <a href=\"https:\/\/dev.varosun.com\/en\/wie-wirkt-uv-strahlung-und-wie-man-sich-schuetzt\/\">UV-best\u00e4ndig<\/a> ist und das zus\u00e4tzlich beschichtet wurde, sodass sich kein Stockschimmel bilden kann und Regen rasch wieder abperlt.<\/p>\n\n\n\n<p>Ein solches Sonnensegel in vertikaler Machart empfiehlt sich \u00fcbrigens auch bei <a href=\"https:\/\/dev.varosun.com\/en\/sonnenschutz-balkontuer-terrassentuer\/\">Balkonen<\/a> und Terrassen, die permanent Wind ausgesetzt sind. Die Seite, die am meisten von der Zugluft betroffen ist, kann durch einen Sonnenschutz in Seilspanntechnik gesch\u00fctzt werden. Da Wind in unseren Breitengraden w\u00e4hrend des Sommers meistens von Westen kommt, ist ein solches Segel eine geniale 2-in-1-Variante: Du kannst deine Mu\u00dfestunden im Freien sowohl sonnengesch\u00fctzt als auch windgesch\u00fctzt verbringen.<\/p>\n\n\n\n<p>Bilder Pexels: Mateusz DachBilder pixaby: Thomas H., Patrick Turban, geralt (Gerd Altmann), qimono (Arek Socha), Free-Photos, Antranias<\/p>","protected":false},"excerpt":{"rendered":"<p>Sonnenlicht weckt die Lebensgeister, sorgt f\u00fcr gute Laune und wirkt freundlich und einladend. Deshalb sind helle Wohnungen mit Freisitzen begehrt<\/p>","protected":false},"author":160,"featured_media":3061,"parent":0,"menu_order":0,"comment_status":"closed","ping_status":"closed","template":"","meta":{"footnotes":""},"categories":[142],"tags":[135,159,127,160,158],"class_list":["post-4421","page","type-page","status-publish","has-post-thumbnail","hentry","category-sonnenschutz-fuer-terrasse-balkon-garten","tag-balkon","tag-markise","tag-terrasse","tag-textil","tag-wintergarten"],"yoast_head":"<!-- This site is optimized with the Yoast SEO plugin v27.2 - https:\/\/yoast.com\/product\/yoast-seo-wordpress\/ -->\n<title>Senkrechter Sonnenschutz f\u00fcr Terrasse, Balkon &amp; Wintergarten<\/title>\n<meta name=\"description\" content=\"Senkrechter Sonnenschutz - Die besten L\u00f6sungen f\u00fcr Terrasse, Balkon &amp; Wintergarten im \u00dcberblick. Jetzt mehr erfahren!\" \/>\n<meta name=\"robots\" content=\"index, follow, max-snippet:-1, max-image-preview:large, max-video-preview:-1\" \/>\n<link rel=\"canonical\" href=\"https:\/\/dev.varosun.com\/en\/senkrechter-sonnenschutz\/\" \/>\n<meta property=\"og:locale\" content=\"en_US\" \/>\n<meta property=\"og:type\" content=\"article\" \/>\n<meta property=\"og:title\" content=\"Senkrechter Sonnenschutz f\u00fcr Terrasse, Balkon &amp; Wintergarten\" \/>\n<meta property=\"og:description\" content=\"Senkrechter Sonnenschutz - Die besten L\u00f6sungen f\u00fcr Terrasse, Balkon &amp; Wintergarten im \u00dcberblick. Jetzt mehr erfahren!\" \/>\n<meta property=\"og:url\" content=\"https:\/\/dev.varosun.com\/en\/senkrechter-sonnenschutz\/\" \/>\n<meta property=\"og:site_name\" content=\"varosun\" \/>\n<meta property=\"article:publisher\" content=\"https:\/\/www.facebook.com\/p\/VaroSun-100066662166188\/\" \/>\n<meta property=\"article:modified_time\" content=\"2025-12-01T21:14:09+00:00\" \/>\n<meta property=\"og:image\" content=\"https:\/\/dev.varosun.com\/wp-content\/uploads\/2019\/11\/Markise-f\u00fcr-das-Dach.jpg\" \/>\n\t<meta property=\"og:image:width\" content=\"1280\" \/>\n\t<meta property=\"og:image:height\" content=\"853\" \/>\n\t<meta property=\"og:image:type\" content=\"image\/jpeg\" \/>\n<meta name=\"twitter:card\" content=\"summary_large_image\" \/>\n<meta name=\"twitter:label1\" content=\"Est. reading time\" \/>\n\t<meta name=\"twitter:data1\" content=\"8 minutes\" \/>\n<script type=\"application\/ld+json\" class=\"yoast-schema-graph\">{\"@context\":\"https:\/\/schema.org\",\"@graph\":[{\"@type\":\"WebPage\",\"@id\":\"https:\/\/dev.varosun.com\/senkrechter-sonnenschutz\/\",\"url\":\"https:\/\/dev.varosun.com\/senkrechter-sonnenschutz\/\",\"name\":\"Senkrechter Sonnenschutz f\u00fcr Terrasse, Balkon & Wintergarten\",\"isPartOf\":{\"@id\":\"https:\/\/dev.varosun.com\/#website\"},\"primaryImageOfPage\":{\"@id\":\"https:\/\/dev.varosun.com\/senkrechter-sonnenschutz\/#primaryimage\"},\"image\":{\"@id\":\"https:\/\/dev.varosun.com\/senkrechter-sonnenschutz\/#primaryimage\"},\"thumbnailUrl\":\"https:\/\/dev.varosun.com\/wp-content\/uploads\/2019\/11\/Markise-f\u00fcr-das-Dach.jpg\",\"datePublished\":\"2021-10-11T13:29:12+00:00\",\"dateModified\":\"2025-12-01T21:14:09+00:00\",\"description\":\"Senkrechter Sonnenschutz - Die besten L\u00f6sungen f\u00fcr Terrasse, Balkon & Wintergarten im \u00dcberblick. Jetzt mehr erfahren!\",\"breadcrumb\":{\"@id\":\"https:\/\/dev.varosun.com\/senkrechter-sonnenschutz\/#breadcrumb\"},\"inLanguage\":\"en-US\",\"potentialAction\":[{\"@type\":\"ReadAction\",\"target\":[\"https:\/\/dev.varosun.com\/senkrechter-sonnenschutz\/\"]}]},{\"@type\":\"ImageObject\",\"inLanguage\":\"en-US\",\"@id\":\"https:\/\/dev.varosun.com\/senkrechter-sonnenschutz\/#primaryimage\",\"url\":\"https:\/\/dev.varosun.com\/wp-content\/uploads\/2019\/11\/Markise-f\u00fcr-das-Dach.jpg\",\"contentUrl\":\"https:\/\/dev.varosun.com\/wp-content\/uploads\/2019\/11\/Markise-f\u00fcr-das-Dach.jpg\",\"width\":1280,\"height\":853,\"caption\":\"Ganz nach ihren W\u00fcnschen, k\u00f6nnen die Markisen f\u00fcr den Wintergarten gestaltet werden\"},{\"@type\":\"BreadcrumbList\",\"@id\":\"https:\/\/dev.varosun.com\/senkrechter-sonnenschutz\/#breadcrumb\",\"itemListElement\":[{\"@type\":\"ListItem\",\"position\":1,\"name\":\"Startseite\",\"item\":\"https:\/\/dev.varosun.com\/\"},{\"@type\":\"ListItem\",\"position\":2,\"name\":\"Senkrechter Sonnenschutz f\u00fcr Terrasse, Balkon &amp; Wintergarten\"}]},{\"@type\":\"WebSite\",\"@id\":\"https:\/\/dev.varosun.com\/#website\",\"url\":\"https:\/\/dev.varosun.com\/\",\"name\":\"varosun\",\"description\":\"Der praktische Sonnenschutz f\u00fcr Wohnungen und Gesch\u00e4ftsr\u00e4ume\",\"publisher\":{\"@id\":\"https:\/\/dev.varosun.com\/#organization\"},\"potentialAction\":[{\"@type\":\"SearchAction\",\"target\":{\"@type\":\"EntryPoint\",\"urlTemplate\":\"https:\/\/dev.varosun.com\/?s={search_term_string}\"},\"query-input\":{\"@type\":\"PropertyValueSpecification\",\"valueRequired\":true,\"valueName\":\"search_term_string\"}}],\"inLanguage\":\"en-US\"},{\"@type\":\"Organization\",\"@id\":\"https:\/\/dev.varosun.com\/#organization\",\"name\":\"varosun\",\"url\":\"https:\/\/dev.varosun.com\/\",\"logo\":{\"@type\":\"ImageObject\",\"inLanguage\":\"en-US\",\"@id\":\"https:\/\/dev.varosun.com\/#\/schema\/logo\/image\/\",\"url\":\"https:\/\/varosun.com\/wp-content\/uploads\/2025\/03\/Logo-NEU-e1751556799274.jpg\",\"contentUrl\":\"https:\/\/varosun.com\/wp-content\/uploads\/2025\/03\/Logo-NEU-e1751556799274.jpg\",\"width\":1154,\"height\":210,\"caption\":\"varosun\"},\"image\":{\"@id\":\"https:\/\/dev.varosun.com\/#\/schema\/logo\/image\/\"},\"sameAs\":[\"https:\/\/www.facebook.com\/p\/VaroSun-100066662166188\/\"]}]}<\/script>\n<!-- \/ Yoast SEO plugin. -->","yoast_head_json":{"title":"Senkrechter Sonnenschutz f\u00fcr Terrasse, Balkon & Wintergarten","description":"Senkrechter Sonnenschutz - Die besten L\u00f6sungen f\u00fcr Terrasse, Balkon & Wintergarten im \u00dcberblick. Jetzt mehr erfahren!","robots":{"index":"index","follow":"follow","max-snippet":"max-snippet:-1","max-image-preview":"max-image-preview:large","max-video-preview":"max-video-preview:-1"},"canonical":"https:\/\/dev.varosun.com\/en\/senkrechter-sonnenschutz\/","og_locale":"en_US","og_type":"article","og_title":"Senkrechter Sonnenschutz f\u00fcr Terrasse, Balkon & Wintergarten","og_description":"Senkrechter Sonnenschutz - Die besten L\u00f6sungen f\u00fcr Terrasse, Balkon & Wintergarten im \u00dcberblick. Jetzt mehr erfahren!","og_url":"https:\/\/dev.varosun.com\/en\/senkrechter-sonnenschutz\/","og_site_name":"varosun","article_publisher":"https:\/\/www.facebook.com\/p\/VaroSun-100066662166188\/","article_modified_time":"2025-12-01T21:14:09+00:00","og_image":[{"width":1280,"height":853,"url":"https:\/\/dev.varosun.com\/wp-content\/uploads\/2019\/11\/Markise-f\u00fcr-das-Dach.jpg","type":"image\/jpeg"}],"twitter_card":"summary_large_image","twitter_misc":{"Est. reading time":"8 minutes"},"schema":{"@context":"https:\/\/schema.org","@graph":[{"@type":"WebPage","@id":"https:\/\/dev.varosun.com\/senkrechter-sonnenschutz\/","url":"https:\/\/dev.varosun.com\/senkrechter-sonnenschutz\/","name":"Senkrechter Sonnenschutz f\u00fcr Terrasse, Balkon & Wintergarten","isPartOf":{"@id":"https:\/\/dev.varosun.com\/#website"},"primaryImageOfPage":{"@id":"https:\/\/dev.varosun.com\/senkrechter-sonnenschutz\/#primaryimage"},"image":{"@id":"https:\/\/dev.varosun.com\/senkrechter-sonnenschutz\/#primaryimage"},"thumbnailUrl":"https:\/\/dev.varosun.com\/wp-content\/uploads\/2019\/11\/Markise-f\u00fcr-das-Dach.jpg","datePublished":"2021-10-11T13:29:12+00:00","dateModified":"2025-12-01T21:14:09+00:00","description":"Senkrechter Sonnenschutz - Die besten L\u00f6sungen f\u00fcr Terrasse, Balkon & Wintergarten im \u00dcberblick. Jetzt mehr erfahren!","breadcrumb":{"@id":"https:\/\/dev.varosun.com\/senkrechter-sonnenschutz\/#breadcrumb"},"inLanguage":"en-US","potentialAction":[{"@type":"ReadAction","target":["https:\/\/dev.varosun.com\/senkrechter-sonnenschutz\/"]}]},{"@type":"ImageObject","inLanguage":"en-US","@id":"https:\/\/dev.varosun.com\/senkrechter-sonnenschutz\/#primaryimage","url":"https:\/\/dev.varosun.com\/wp-content\/uploads\/2019\/11\/Markise-f\u00fcr-das-Dach.jpg","contentUrl":"https:\/\/dev.varosun.com\/wp-content\/uploads\/2019\/11\/Markise-f\u00fcr-das-Dach.jpg","width":1280,"height":853,"caption":"Ganz nach ihren W\u00fcnschen, k\u00f6nnen die Markisen f\u00fcr den Wintergarten gestaltet werden"},{"@type":"BreadcrumbList","@id":"https:\/\/dev.varosun.com\/senkrechter-sonnenschutz\/#breadcrumb","itemListElement":[{"@type":"ListItem","position":1,"name":"Startseite","item":"https:\/\/dev.varosun.com\/"},{"@type":"ListItem","position":2,"name":"Senkrechter Sonnenschutz f\u00fcr Terrasse, Balkon &amp; Wintergarten"}]},{"@type":"WebSite","@id":"https:\/\/dev.varosun.com\/#website","url":"https:\/\/dev.varosun.com\/","name":"varosun","description":"Der praktische Sonnenschutz f\u00fcr Wohnungen und Gesch\u00e4ftsr\u00e4ume","publisher":{"@id":"https:\/\/dev.varosun.com\/#organization"},"potentialAction":[{"@type":"SearchAction","target":{"@type":"EntryPoint","urlTemplate":"https:\/\/dev.varosun.com\/?s={search_term_string}"},"query-input":{"@type":"PropertyValueSpecification","valueRequired":true,"valueName":"search_term_string"}}],"inLanguage":"en-US"},{"@type":"Organization","@id":"https:\/\/dev.varosun.com\/#organization","name":"varosun","url":"https:\/\/dev.varosun.com\/","logo":{"@type":"ImageObject","inLanguage":"en-US","@id":"https:\/\/dev.varosun.com\/#\/schema\/logo\/image\/","url":"https:\/\/varosun.com\/wp-content\/uploads\/2025\/03\/Logo-NEU-e1751556799274.jpg","contentUrl":"https:\/\/varosun.com\/wp-content\/uploads\/2025\/03\/Logo-NEU-e1751556799274.jpg","width":1154,"height":210,"caption":"varosun"},"image":{"@id":"https:\/\/dev.varosun.com\/#\/schema\/logo\/image\/"},"sameAs":["https:\/\/www.facebook.com\/p\/VaroSun-100066662166188\/"]}]}},"_links":{"self":[{"href":"https:\/\/dev.varosun.com\/en\/wp-json\/wp\/v2\/pages\/4421","targetHints":{"allow":["GET"]}}],"collection":[{"href":"https:\/\/dev.varosun.com\/en\/wp-json\/wp\/v2\/pages"}],"about":[{"href":"https:\/\/dev.varosun.com\/en\/wp-json\/wp\/v2\/types\/page"}],"author":[{"embeddable":true,"href":"https:\/\/dev.varosun.com\/en\/wp-json\/wp\/v2\/users\/160"}],"replies":[{"embeddable":true,"href":"https:\/\/dev.varosun.com\/en\/wp-json\/wp\/v2\/comments?post=4421"}],"version-history":[{"count":7,"href":"https:\/\/dev.varosun.com\/en\/wp-json\/wp\/v2\/pages\/4421\/revisions"}],"predecessor-version":[{"id":12750,"href":"https:\/\/dev.varosun.com\/en\/wp-json\/wp\/v2\/pages\/4421\/revisions\/12750"}],"wp:featuredmedia":[{"embeddable":true,"href":"https:\/\/dev.varosun.com\/en\/wp-json\/wp\/v2\/media\/3061"}],"wp:attachment":[{"href":"https:\/\/dev.varosun.com\/en\/wp-json\/wp\/v2\/media?parent=4421"}],"wp:term":[{"taxonomy":"category","embeddable":true,"href":"https:\/\/dev.varosun.com\/en\/wp-json\/wp\/v2\/categories?post=4421"},{"taxonomy":"post_tag","embeddable":true,"href":"https:\/\/dev.varosun.com\/en\/wp-json\/wp\/v2\/tags?post=4421"}],"curies":[{"name":"wp","href":"https:\/\/api.w.org\/{rel}","templated":true}]}}