{"id":7331,"date":"2022-07-21T23:36:40","date_gmt":"2022-07-21T21:36:40","guid":{"rendered":"https:\/\/varosun.com\/?page_id=7331"},"modified":"2025-12-18T21:05:46","modified_gmt":"2025-12-18T20:05:46","slug":"sonnenschutz-nach-mass","status":"publish","type":"page","link":"https:\/\/dev.varosun.com\/en\/sonnenschutz-nach-mass\/","title":{"rendered":"Sonnenschutz nach Ma\u00df"},"content":{"rendered":"<div data-elementor-type=\"wp-page\" data-elementor-id=\"7331\" class=\"elementor elementor-7331\" data-elementor-post-type=\"page\">\n\t\t\t\t<div class=\"wd-negative-gap elementor-element elementor-element-4bc7acd e-flex e-con-boxed e-con e-parent\" data-id=\"4bc7acd\" data-element_type=\"container\" data-e-type=\"container\">\n\t\t\t\t\t<div class=\"e-con-inner\">\n\t\t<div class=\"elementor-element elementor-element-b8e55c1 e-con-full e-flex e-con e-child\" data-id=\"b8e55c1\" data-element_type=\"container\" data-e-type=\"container\">\n\t\t\t\t<div class=\"elementor-element elementor-element-c1a903a elementor-widget elementor-widget-image\" data-id=\"c1a903a\" data-element_type=\"widget\" data-e-type=\"widget\" data-widget_type=\"image.default\">\n\t\t\t\t\t\t\t\t\t\t\t\t\t\t\t<img loading=\"lazy\" decoding=\"async\" width=\"200\" height=\"150\" src=\"https:\/\/dev.varosun.com\/wp-content\/uploads\/2024\/04\/Group-2289.png\" class=\"attachment-medium size-medium wp-image-9535\" alt=\"VaroSun Dachfenster Hitzeschutz\" \/>\t\t\t\t\t\t\t\t\t\t\t\t\t\t\t<\/div>\n\t\t\t\t<div class=\"elementor-element elementor-element-7dd60e8 elementor-widget elementor-widget-heading\" data-id=\"7dd60e8\" data-element_type=\"widget\" data-e-type=\"widget\" data-widget_type=\"heading.default\">\n\t\t\t\t\t<h2 class=\"elementor-heading-title elementor-size-default\">Hitzeschutz f\u00fcr Dachfenster\n<\/h2>\t\t\t\t<\/div>\n\t\t\t\t<div class=\"elementor-element elementor-element-8b5ca33 elementor-widget elementor-widget-wd_button\" data-id=\"8b5ca33\" data-element_type=\"widget\" data-e-type=\"widget\" data-widget_type=\"wd_button.default\">\n\t\t\t\t<div class=\"elementor-widget-container\">\n\t\t\t\t\t\t\t<div class=\"wd-button-wrapper text-center\" >\n\t\t\t<a class=\"btn btn-style-default btn-shape-rectangle btn-size-default btn-color-primary btn-icon-pos-right\"  href=\"\/en\/sonnenschutz-dachfenster-bestellen\/\">\n\t\t\t\t<span class=\"wd-btn-text\" data-elementor-setting-key=\"text\">\n\t\t\t\t\tJetzt konfigurieren\t\t\t\t<\/span>\n\n\t\t\t\t\t\t\t<\/a>\n\t\t<\/div>\n\t\t\t\t\t\t<\/div>\n\t\t\t\t<\/div>\n\t\t\t\t<\/div>\n\t\t<div class=\"elementor-element elementor-element-bf85ae0 e-con-full e-flex e-con e-child\" data-id=\"bf85ae0\" data-element_type=\"container\" data-e-type=\"container\">\n\t\t\t\t<div class=\"elementor-element elementor-element-f1a1b94 elementor-widget elementor-widget-image\" data-id=\"f1a1b94\" data-element_type=\"widget\" data-e-type=\"widget\" data-widget_type=\"image.default\">\n\t\t\t\t\t\t\t\t\t\t\t\t\t\t\t<img loading=\"lazy\" decoding=\"async\" width=\"129\" height=\"196\" src=\"https:\/\/dev.varosun.com\/wp-content\/uploads\/2024\/04\/Group-2290.png\" class=\"attachment-medium size-medium wp-image-9536\" alt=\"VaroSun\" \/>\t\t\t\t\t\t\t\t\t\t\t\t\t\t\t<\/div>\n\t\t\t\t<div class=\"elementor-element elementor-element-ea94b94 elementor-widget elementor-widget-heading\" data-id=\"ea94b94\" data-element_type=\"widget\" data-e-type=\"widget\" data-widget_type=\"heading.default\">\n\t\t\t\t\t<h2 class=\"elementor-heading-title elementor-size-default\">Hitzeschutz f\u00fcr Fenster<\/h2>\t\t\t\t<\/div>\n\t\t\t\t<div class=\"elementor-element elementor-element-d692039 elementor-widget elementor-widget-wd_button\" data-id=\"d692039\" data-element_type=\"widget\" data-e-type=\"widget\" data-widget_type=\"wd_button.default\">\n\t\t\t\t<div class=\"elementor-widget-container\">\n\t\t\t\t\t\t\t<div class=\"wd-button-wrapper text-center\" >\n\t\t\t<a class=\"btn btn-style-default btn-shape-rectangle btn-size-default btn-color-primary btn-icon-pos-right\"  href=\"\/en\/hitzeschutz-bestellen\/\">\n\t\t\t\t<span class=\"wd-btn-text\" data-elementor-setting-key=\"text\">\n\t\t\t\t\tJetzt konfigurieren\t\t\t\t<\/span>\n\n\t\t\t\t\t\t\t<\/a>\n\t\t<\/div>\n\t\t\t\t\t\t<\/div>\n\t\t\t\t<\/div>\n\t\t\t\t<\/div>\n\t\t<div class=\"elementor-element elementor-element-31cbf15 e-con-full e-flex e-con e-child\" data-id=\"31cbf15\" data-element_type=\"container\" data-e-type=\"container\">\n\t\t\t\t<div class=\"elementor-element elementor-element-6368fd5 elementor-widget elementor-widget-image\" data-id=\"6368fd5\" data-element_type=\"widget\" data-e-type=\"widget\" data-widget_type=\"image.default\">\n\t\t\t\t\t\t\t\t\t\t\t\t\t\t\t<img loading=\"lazy\" decoding=\"async\" width=\"140\" height=\"187\" src=\"https:\/\/dev.varosun.com\/wp-content\/uploads\/2024\/04\/Group-2291.png\" class=\"attachment-medium size-medium wp-image-9534\" alt=\"Hitzeschutz f\u00fcr Fenster\" \/>\t\t\t\t\t\t\t\t\t\t\t\t\t\t\t<\/div>\n\t\t\t\t<div class=\"elementor-element elementor-element-6deac07 elementor-widget elementor-widget-heading\" data-id=\"6deac07\" data-element_type=\"widget\" data-e-type=\"widget\" data-widget_type=\"heading.default\">\n\t\t\t\t\t<h2 class=\"elementor-heading-title elementor-size-default\">Hitzeschutz f\u00fcr Glast\u00fcren<\/h2>\t\t\t\t<\/div>\n\t\t\t\t<div class=\"elementor-element elementor-element-3ac6fc6 elementor-widget elementor-widget-wd_button\" data-id=\"3ac6fc6\" data-element_type=\"widget\" data-e-type=\"widget\" data-widget_type=\"wd_button.default\">\n\t\t\t\t<div class=\"elementor-widget-container\">\n\t\t\t\t\t\t\t<div class=\"wd-button-wrapper text-center\" >\n\t\t\t<a class=\"btn btn-style-default btn-shape-rectangle btn-size-default btn-color-primary btn-icon-pos-right\"  href=\"\/en\/sonnenschutz-tuer-bestellen\/\">\n\t\t\t\t<span class=\"wd-btn-text\" data-elementor-setting-key=\"text\">\n\t\t\t\t\tJetzt konfigurieren\t\t\t\t<\/span>\n\n\t\t\t\t\t\t\t<\/a>\n\t\t<\/div>\n\t\t\t\t\t\t<\/div>\n\t\t\t\t<\/div>\n\t\t\t\t<\/div>\n\t\t\t\t\t<\/div>\n\t\t\t\t<\/div>\n\t\t<div class=\"wd-negative-gap elementor-element elementor-element-3e33d25 e-flex e-con-boxed e-con e-parent\" data-id=\"3e33d25\" data-element_type=\"container\" data-e-type=\"container\">\n\t\t\t\t\t<div class=\"e-con-inner\">\n\t\t<div class=\"elementor-element elementor-element-bdfb4d6 e-con-full e-flex e-con e-child\" data-id=\"bdfb4d6\" data-element_type=\"container\" data-e-type=\"container\">\n\t\t\t\t<div class=\"elementor-element elementor-element-2dcbeb5 elementor-widget elementor-widget-image\" data-id=\"2dcbeb5\" data-element_type=\"widget\" data-e-type=\"widget\" data-widget_type=\"image.default\">\n\t\t\t\t\t\t\t\t\t\t\t\t\t\t\t<img loading=\"lazy\" decoding=\"async\" width=\"188\" height=\"145\" src=\"https:\/\/dev.varosun.com\/wp-content\/uploads\/2024\/04\/Group-2292.png\" class=\"attachment-medium size-medium wp-image-9537\" alt=\"Hitzeschutz f\u00fcr Sonderma\u00dfe\" \/>\t\t\t\t\t\t\t\t\t\t\t\t\t\t\t<\/div>\n\t\t\t\t<div class=\"elementor-element elementor-element-20cac16 elementor-widget elementor-widget-heading\" data-id=\"20cac16\" data-element_type=\"widget\" data-e-type=\"widget\" data-widget_type=\"heading.default\">\n\t\t\t\t\t<h2 class=\"elementor-heading-title elementor-size-default\">Hitzeschutz f\u00fcr Sonderma\u00dfe<\/h2>\t\t\t\t<\/div>\n\t\t\t\t<div class=\"elementor-element elementor-element-9ee0832 elementor-widget elementor-widget-wd_button\" data-id=\"9ee0832\" data-element_type=\"widget\" data-e-type=\"widget\" data-widget_type=\"wd_button.default\">\n\t\t\t\t<div class=\"elementor-widget-container\">\n\t\t\t\t\t\t\t<div class=\"wd-button-wrapper text-center\" >\n\t\t\t<a class=\"btn btn-style-default btn-shape-rectangle btn-size-default btn-color-primary btn-icon-pos-right\"  href=\"\/en\/hitzeschutz-fuer-sondermasse-bestellen\/\">\n\t\t\t\t<span class=\"wd-btn-text\" data-elementor-setting-key=\"text\">\n\t\t\t\t\tJetzt Anfragen\t\t\t\t<\/span>\n\n\t\t\t\t\t\t\t<\/a>\n\t\t<\/div>\n\t\t\t\t\t\t<\/div>\n\t\t\t\t<\/div>\n\t\t\t\t<\/div>\n\t\t<div class=\"elementor-element elementor-element-c8ba50e e-con-full e-flex e-con e-child\" data-id=\"c8ba50e\" data-element_type=\"container\" data-e-type=\"container\">\n\t\t\t\t<div class=\"elementor-element elementor-element-81ed65a elementor-widget elementor-widget-image\" data-id=\"81ed65a\" data-element_type=\"widget\" data-e-type=\"widget\" data-widget_type=\"image.default\">\n\t\t\t\t\t\t\t\t\t\t\t\t\t\t\t<img loading=\"lazy\" decoding=\"async\" width=\"185\" height=\"130\" src=\"https:\/\/dev.varosun.com\/wp-content\/uploads\/2024\/04\/Group-2287.png\" class=\"attachment-medium size-medium wp-image-9538\" alt=\"Hitzeschutz f\u00fcr Wohnwagen\" \/>\t\t\t\t\t\t\t\t\t\t\t\t\t\t\t<\/div>\n\t\t\t\t<div class=\"elementor-element elementor-element-b143dff elementor-widget elementor-widget-heading\" data-id=\"b143dff\" data-element_type=\"widget\" data-e-type=\"widget\" data-widget_type=\"heading.default\">\n\t\t\t\t\t<h2 class=\"elementor-heading-title elementor-size-default\">Hitzeschutz f\u00fcr Wohnwagen<\/h2>\t\t\t\t<\/div>\n\t\t\t\t<div class=\"elementor-element elementor-element-f4c2038 elementor-widget elementor-widget-wd_button\" data-id=\"f4c2038\" data-element_type=\"widget\" data-e-type=\"widget\" data-widget_type=\"wd_button.default\">\n\t\t\t\t<div class=\"elementor-widget-container\">\n\t\t\t\t\t\t\t<div class=\"wd-button-wrapper text-center\" >\n\t\t\t<a class=\"btn btn-style-default btn-shape-rectangle btn-size-default btn-color-primary btn-icon-pos-right\"  href=\"\/en\/sonnenschutz-fuer-wohnwagen-bestellen\/\">\n\t\t\t\t<span class=\"wd-btn-text\" data-elementor-setting-key=\"text\">\n\t\t\t\t\tJetzt Anfragen\t\t\t\t<\/span>\n\n\t\t\t\t\t\t\t<\/a>\n\t\t<\/div>\n\t\t\t\t\t\t<\/div>\n\t\t\t\t<\/div>\n\t\t\t\t<\/div>\n\t\t<div class=\"elementor-element elementor-element-52f5b02 e-con-full e-flex e-con e-child\" data-id=\"52f5b02\" data-element_type=\"container\" data-e-type=\"container\">\n\t\t\t\t<div class=\"elementor-element elementor-element-5c5f13f elementor-widget elementor-widget-image\" data-id=\"5c5f13f\" data-element_type=\"widget\" data-e-type=\"widget\" data-widget_type=\"image.default\">\n\t\t\t\t\t\t\t\t\t\t\t\t\t\t\t<img loading=\"lazy\" decoding=\"async\" width=\"176\" height=\"112\" src=\"https:\/\/dev.varosun.com\/wp-content\/uploads\/2024\/04\/Group-2288.png\" class=\"attachment-medium size-medium wp-image-9539\" alt=\"VaroSun Befestigungsstreifen\" \/>\t\t\t\t\t\t\t\t\t\t\t\t\t\t\t<\/div>\n\t\t\t\t<div class=\"elementor-element elementor-element-897add0 elementor-widget elementor-widget-heading\" data-id=\"897add0\" data-element_type=\"widget\" data-e-type=\"widget\" data-widget_type=\"heading.default\">\n\t\t\t\t\t<h2 class=\"elementor-heading-title elementor-size-default\">VaroSun Befestigungsstreifen<\/h2>\t\t\t\t<\/div>\n\t\t\t\t<div class=\"elementor-element elementor-element-3aa927d elementor-widget elementor-widget-wd_button\" data-id=\"3aa927d\" data-element_type=\"widget\" data-e-type=\"widget\" data-widget_type=\"wd_button.default\">\n\t\t\t\t<div class=\"elementor-widget-container\">\n\t\t\t\t\t\t\t<div class=\"wd-button-wrapper text-center\" >\n\t\t\t<a class=\"btn btn-style-default btn-shape-rectangle btn-size-default btn-color-primary btn-icon-pos-right\"  href=\"\/en\/varosun-befestigungsstreifen\/\">\n\t\t\t\t<span class=\"wd-btn-text\" data-elementor-setting-key=\"text\">\n\t\t\t\t\tJetzt bestellen\t\t\t\t<\/span>\n\n\t\t\t\t\t\t\t<\/a>\n\t\t<\/div>\n\t\t\t\t\t\t<\/div>\n\t\t\t\t<\/div>\n\t\t\t\t<\/div>\n\t\t\t\t\t<\/div>\n\t\t\t\t<\/div>\n\t\t\t\t<\/div>","protected":false},"excerpt":{"rendered":"<p>Hitzeschutz f\u00fcr Dachfenster Jetzt konfigurieren Hitzeschutz f\u00fcr Fenster Jetzt konfigurieren Hitzeschutz f\u00fcr Glast\u00fcren Jetzt konfigurieren Hitzeschutz f\u00fcr Sonderma\u00dfe Jetzt Anfragen<\/p>","protected":false},"author":160,"featured_media":0,"parent":0,"menu_order":0,"comment_status":"closed","ping_status":"closed","template":"","meta":{"footnotes":""},"categories":[],"tags":[],"class_list":["post-7331","page","type-page","status-publish","hentry"],"yoast_head":"<!-- This site is optimized with the Yoast SEO plugin v27.2 - https:\/\/yoast.com\/product\/yoast-seo-wordpress\/ -->\n<title>Sonnenschutz nach Ma\u00df - varosun<\/title>\n<meta name=\"description\" content=\"Hier finden Sie eine \u00dcbersicht aller ma\u00dfgeschneiderten Sonnenschutz-Produkte. Konfigurieren Sie sich Ihren Hitzeschutz online!\" \/>\n<meta name=\"robots\" content=\"index, follow, max-snippet:-1, max-image-preview:large, max-video-preview:-1\" \/>\n<link rel=\"canonical\" href=\"https:\/\/dev.varosun.com\/en\/sonnenschutz-nach-mass\/\" \/>\n<meta property=\"og:locale\" content=\"en_US\" \/>\n<meta property=\"og:type\" content=\"article\" \/>\n<meta property=\"og:title\" content=\"Sonnenschutz nach Ma\u00df - varosun\" \/>\n<meta property=\"og:description\" content=\"Hier finden Sie eine \u00dcbersicht aller ma\u00dfgeschneiderten Sonnenschutz-Produkte. Konfigurieren Sie sich Ihren Hitzeschutz online!\" \/>\n<meta property=\"og:url\" content=\"https:\/\/dev.varosun.com\/en\/sonnenschutz-nach-mass\/\" \/>\n<meta property=\"og:site_name\" content=\"varosun\" \/>\n<meta property=\"article:publisher\" content=\"https:\/\/www.facebook.com\/p\/VaroSun-100066662166188\/\" \/>\n<meta property=\"article:modified_time\" content=\"2025-12-18T20:05:46+00:00\" \/>\n<meta property=\"og:image\" content=\"https:\/\/dev.varosun.com\/wp-content\/uploads\/2024\/04\/Group-2289.png\" \/>\n\t<meta property=\"og:image:width\" content=\"200\" \/>\n\t<meta property=\"og:image:height\" content=\"150\" \/>\n\t<meta property=\"og:image:type\" content=\"image\/png\" \/>\n<meta name=\"twitter:card\" content=\"summary_large_image\" \/>\n<meta name=\"twitter:label1\" content=\"Est. reading time\" \/>\n\t<meta name=\"twitter:data1\" content=\"1 minute\" \/>\n<script type=\"application\/ld+json\" class=\"yoast-schema-graph\">{\"@context\":\"https:\/\/schema.org\",\"@graph\":[{\"@type\":\"WebPage\",\"@id\":\"https:\/\/dev.varosun.com\/sonnenschutz-nach-mass\/\",\"url\":\"https:\/\/dev.varosun.com\/sonnenschutz-nach-mass\/\",\"name\":\"Sonnenschutz nach Ma\u00df - varosun\",\"isPartOf\":{\"@id\":\"https:\/\/dev.varosun.com\/#website\"},\"primaryImageOfPage\":{\"@id\":\"https:\/\/dev.varosun.com\/sonnenschutz-nach-mass\/#primaryimage\"},\"image\":{\"@id\":\"https:\/\/dev.varosun.com\/sonnenschutz-nach-mass\/#primaryimage\"},\"thumbnailUrl\":\"https:\/\/dev.varosun.com\/wp-content\/uploads\/2024\/04\/Group-2289.png\",\"datePublished\":\"2022-07-21T21:36:40+00:00\",\"dateModified\":\"2025-12-18T20:05:46+00:00\",\"description\":\"Hier finden Sie eine \u00dcbersicht aller ma\u00dfgeschneiderten Sonnenschutz-Produkte. Konfigurieren Sie sich Ihren Hitzeschutz online!\",\"breadcrumb\":{\"@id\":\"https:\/\/dev.varosun.com\/sonnenschutz-nach-mass\/#breadcrumb\"},\"inLanguage\":\"en-US\",\"potentialAction\":[{\"@type\":\"ReadAction\",\"target\":[\"https:\/\/dev.varosun.com\/sonnenschutz-nach-mass\/\"]}]},{\"@type\":\"ImageObject\",\"inLanguage\":\"en-US\",\"@id\":\"https:\/\/dev.varosun.com\/sonnenschutz-nach-mass\/#primaryimage\",\"url\":\"https:\/\/dev.varosun.com\/wp-content\/uploads\/2024\/04\/Group-2289.png\",\"contentUrl\":\"https:\/\/dev.varosun.com\/wp-content\/uploads\/2024\/04\/Group-2289.png\"},{\"@type\":\"BreadcrumbList\",\"@id\":\"https:\/\/dev.varosun.com\/sonnenschutz-nach-mass\/#breadcrumb\",\"itemListElement\":[{\"@type\":\"ListItem\",\"position\":1,\"name\":\"Startseite\",\"item\":\"https:\/\/dev.varosun.com\/\"},{\"@type\":\"ListItem\",\"position\":2,\"name\":\"Sonnenschutz nach Ma\u00df\"}]},{\"@type\":\"WebSite\",\"@id\":\"https:\/\/dev.varosun.com\/#website\",\"url\":\"https:\/\/dev.varosun.com\/\",\"name\":\"varosun\",\"description\":\"Der praktische Sonnenschutz f\u00fcr Wohnungen und Gesch\u00e4ftsr\u00e4ume\",\"publisher\":{\"@id\":\"https:\/\/dev.varosun.com\/#organization\"},\"potentialAction\":[{\"@type\":\"SearchAction\",\"target\":{\"@type\":\"EntryPoint\",\"urlTemplate\":\"https:\/\/dev.varosun.com\/?s={search_term_string}\"},\"query-input\":{\"@type\":\"PropertyValueSpecification\",\"valueRequired\":true,\"valueName\":\"search_term_string\"}}],\"inLanguage\":\"en-US\"},{\"@type\":\"Organization\",\"@id\":\"https:\/\/dev.varosun.com\/#organization\",\"name\":\"varosun\",\"url\":\"https:\/\/dev.varosun.com\/\",\"logo\":{\"@type\":\"ImageObject\",\"inLanguage\":\"en-US\",\"@id\":\"https:\/\/dev.varosun.com\/#\/schema\/logo\/image\/\",\"url\":\"https:\/\/varosun.com\/wp-content\/uploads\/2025\/03\/Logo-NEU-e1751556799274.jpg\",\"contentUrl\":\"https:\/\/varosun.com\/wp-content\/uploads\/2025\/03\/Logo-NEU-e1751556799274.jpg\",\"width\":1154,\"height\":210,\"caption\":\"varosun\"},\"image\":{\"@id\":\"https:\/\/dev.varosun.com\/#\/schema\/logo\/image\/\"},\"sameAs\":[\"https:\/\/www.facebook.com\/p\/VaroSun-100066662166188\/\"]}]}<\/script>\n<!-- \/ Yoast SEO plugin. -->","yoast_head_json":{"title":"Sonnenschutz nach Ma\u00df - varosun","description":"Hier finden Sie eine \u00dcbersicht aller ma\u00dfgeschneiderten Sonnenschutz-Produkte. Konfigurieren Sie sich Ihren Hitzeschutz online!","robots":{"index":"index","follow":"follow","max-snippet":"max-snippet:-1","max-image-preview":"max-image-preview:large","max-video-preview":"max-video-preview:-1"},"canonical":"https:\/\/dev.varosun.com\/en\/sonnenschutz-nach-mass\/","og_locale":"en_US","og_type":"article","og_title":"Sonnenschutz nach Ma\u00df - varosun","og_description":"Hier finden Sie eine \u00dcbersicht aller ma\u00dfgeschneiderten Sonnenschutz-Produkte. Konfigurieren Sie sich Ihren Hitzeschutz online!","og_url":"https:\/\/dev.varosun.com\/en\/sonnenschutz-nach-mass\/","og_site_name":"varosun","article_publisher":"https:\/\/www.facebook.com\/p\/VaroSun-100066662166188\/","article_modified_time":"2025-12-18T20:05:46+00:00","og_image":[{"width":200,"height":150,"url":"https:\/\/dev.varosun.com\/wp-content\/uploads\/2024\/04\/Group-2289.png","type":"image\/png"}],"twitter_card":"summary_large_image","twitter_misc":{"Est. reading time":"1 minute"},"schema":{"@context":"https:\/\/schema.org","@graph":[{"@type":"WebPage","@id":"https:\/\/dev.varosun.com\/sonnenschutz-nach-mass\/","url":"https:\/\/dev.varosun.com\/sonnenschutz-nach-mass\/","name":"Sonnenschutz nach Ma\u00df - varosun","isPartOf":{"@id":"https:\/\/dev.varosun.com\/#website"},"primaryImageOfPage":{"@id":"https:\/\/dev.varosun.com\/sonnenschutz-nach-mass\/#primaryimage"},"image":{"@id":"https:\/\/dev.varosun.com\/sonnenschutz-nach-mass\/#primaryimage"},"thumbnailUrl":"https:\/\/dev.varosun.com\/wp-content\/uploads\/2024\/04\/Group-2289.png","datePublished":"2022-07-21T21:36:40+00:00","dateModified":"2025-12-18T20:05:46+00:00","description":"Hier finden Sie eine \u00dcbersicht aller ma\u00dfgeschneiderten Sonnenschutz-Produkte. Konfigurieren Sie sich Ihren Hitzeschutz online!","breadcrumb":{"@id":"https:\/\/dev.varosun.com\/sonnenschutz-nach-mass\/#breadcrumb"},"inLanguage":"en-US","potentialAction":[{"@type":"ReadAction","target":["https:\/\/dev.varosun.com\/sonnenschutz-nach-mass\/"]}]},{"@type":"ImageObject","inLanguage":"en-US","@id":"https:\/\/dev.varosun.com\/sonnenschutz-nach-mass\/#primaryimage","url":"https:\/\/dev.varosun.com\/wp-content\/uploads\/2024\/04\/Group-2289.png","contentUrl":"https:\/\/dev.varosun.com\/wp-content\/uploads\/2024\/04\/Group-2289.png"},{"@type":"BreadcrumbList","@id":"https:\/\/dev.varosun.com\/sonnenschutz-nach-mass\/#breadcrumb","itemListElement":[{"@type":"ListItem","position":1,"name":"Startseite","item":"https:\/\/dev.varosun.com\/"},{"@type":"ListItem","position":2,"name":"Sonnenschutz nach Ma\u00df"}]},{"@type":"WebSite","@id":"https:\/\/dev.varosun.com\/#website","url":"https:\/\/dev.varosun.com\/","name":"varosun","description":"Der praktische Sonnenschutz f\u00fcr Wohnungen und Gesch\u00e4ftsr\u00e4ume","publisher":{"@id":"https:\/\/dev.varosun.com\/#organization"},"potentialAction":[{"@type":"SearchAction","target":{"@type":"EntryPoint","urlTemplate":"https:\/\/dev.varosun.com\/?s={search_term_string}"},"query-input":{"@type":"PropertyValueSpecification","valueRequired":true,"valueName":"search_term_string"}}],"inLanguage":"en-US"},{"@type":"Organization","@id":"https:\/\/dev.varosun.com\/#organization","name":"varosun","url":"https:\/\/dev.varosun.com\/","logo":{"@type":"ImageObject","inLanguage":"en-US","@id":"https:\/\/dev.varosun.com\/#\/schema\/logo\/image\/","url":"https:\/\/varosun.com\/wp-content\/uploads\/2025\/03\/Logo-NEU-e1751556799274.jpg","contentUrl":"https:\/\/varosun.com\/wp-content\/uploads\/2025\/03\/Logo-NEU-e1751556799274.jpg","width":1154,"height":210,"caption":"varosun"},"image":{"@id":"https:\/\/dev.varosun.com\/#\/schema\/logo\/image\/"},"sameAs":["https:\/\/www.facebook.com\/p\/VaroSun-100066662166188\/"]}]}},"_links":{"self":[{"href":"https:\/\/dev.varosun.com\/en\/wp-json\/wp\/v2\/pages\/7331","targetHints":{"allow":["GET"]}}],"collection":[{"href":"https:\/\/dev.varosun.com\/en\/wp-json\/wp\/v2\/pages"}],"about":[{"href":"https:\/\/dev.varosun.com\/en\/wp-json\/wp\/v2\/types\/page"}],"author":[{"embeddable":true,"href":"https:\/\/dev.varosun.com\/en\/wp-json\/wp\/v2\/users\/160"}],"replies":[{"embeddable":true,"href":"https:\/\/dev.varosun.com\/en\/wp-json\/wp\/v2\/comments?post=7331"}],"version-history":[{"count":9,"href":"https:\/\/dev.varosun.com\/en\/wp-json\/wp\/v2\/pages\/7331\/revisions"}],"predecessor-version":[{"id":30121,"href":"https:\/\/dev.varosun.com\/en\/wp-json\/wp\/v2\/pages\/7331\/revisions\/30121"}],"wp:attachment":[{"href":"https:\/\/dev.varosun.com\/en\/wp-json\/wp\/v2\/media?parent=7331"}],"wp:term":[{"taxonomy":"category","embeddable":true,"href":"https:\/\/dev.varosun.com\/en\/wp-json\/wp\/v2\/categories?post=7331"},{"taxonomy":"post_tag","embeddable":true,"href":"https:\/\/dev.varosun.com\/en\/wp-json\/wp\/v2\/tags?post=7331"}],"curies":[{"name":"wp","href":"https:\/\/api.w.org\/{rel}","templated":true}]}}