{"id":4549,"date":"2021-11-26T17:20:49","date_gmt":"2021-11-26T16:20:49","guid":{"rendered":"https:\/\/varosun.com\/?post_type=product&#038;p=4549"},"modified":"2025-06-10T12:58:01","modified_gmt":"2025-06-10T10:58:01","slug":"varosun-befestigungsstreifen","status":"publish","type":"product","link":"https:\/\/dev.varosun.com\/en\/varosun-befestigungsstreifen\/","title":{"rendered":"VaroSun Befestigungsstreifen"},"content":{"rendered":"<div class=\"page\" title=\"Page 1\">\n<div class=\"layoutArea\">\n<div class=\"column\">\n<p>Ihre VaroSun Befestigungsstreifen halten nicht mehr richtig oder sind stark verschmutzt? Kein Problem. Gern ko\u0308nnen sie hier die passenden Befestigungsstreifen fu\u0308r Ihr VaroSun nachbestellen. Wa\u0308hlen sie ganz einfach Ihre Fensterart aus und geben die gewu\u0308nschte La\u0308nge des Befestigungsstreifens an.<\/p>\n<div class=\"page\" title=\"Page 1\">\n<div class=\"layoutArea\">\n<div class=\"column\">\n<p>Hinweis: Um Ihr VaroSun richtig justieren zu ko\u0308nnen, empfehlen wir fu\u0308r normale Fenster einen 8 cm &#8211; 12 cm langen Befestigungsstreifen. Dieser wird in 4 gleichgro\u00dfe Teile geteilt und kann dann wie gewohnt angebracht werden.<\/p>\n<\/div>\n<\/div>\n<\/div>\n<\/div>\n<\/div>\n<\/div>","protected":false},"excerpt":{"rendered":"<p>Ihre VaroSun Befestigungsstreifen halten nicht mehr richtig oder sind stark verschmutzt? Kein Problem. Gern ko\u0308nnen sie hier die passenden Befestigungsstreifen<\/p>","protected":false},"featured_media":4550,"comment_status":"closed","ping_status":"closed","template":"","meta":[],"product_brand":[],"product_cat":[165],"product_tag":[],"class_list":{"0":"post-4549","1":"product","2":"type-product","3":"status-publish","4":"has-post-thumbnail","6":"product_cat-zubehoer","7":"product_shipping_class-kostenloser-versand","9":"first","10":"instock","11":"taxable","12":"shipping-taxable","13":"purchasable","14":"product-type-variable"},"yoast_head":"<!-- This site is optimized with the Yoast SEO plugin v27.2 - https:\/\/yoast.com\/product\/yoast-seo-wordpress\/ -->\n<title>VaroSun Befestigungsstreifen g\u00fcnstig kaufen<\/title>\n<meta name=\"robots\" content=\"noindex, follow\" \/>\n<meta property=\"og:locale\" content=\"en_US\" \/>\n<meta property=\"og:type\" content=\"article\" \/>\n<meta property=\"og:title\" content=\"VaroSun Befestigungsstreifen g\u00fcnstig kaufen\" \/>\n<meta property=\"og:description\" content=\"Ihre VaroSun Befestigungsstreifen halten nicht mehr richtig oder sind stark verschmutzt? Kein Problem. Gern ko\u0308nnen sie hier die passenden Befestigungsstreifen\" \/>\n<meta property=\"og:url\" content=\"https:\/\/dev.varosun.com\/en\/varosun-befestigungsstreifen\/\" \/>\n<meta property=\"og:site_name\" content=\"varosun\" \/>\n<meta property=\"article:publisher\" content=\"https:\/\/www.facebook.com\/p\/VaroSun-100066662166188\/\" \/>\n<meta property=\"article:modified_time\" content=\"2025-06-10T10:58:01+00:00\" \/>\n<meta property=\"og:image\" content=\"https:\/\/dev.varosun.com\/wp-content\/uploads\/2021\/11\/varosun-Befestigungsstreifen.png\" \/>\n\t<meta property=\"og:image:width\" content=\"1398\" \/>\n\t<meta property=\"og:image:height\" content=\"1556\" \/>\n\t<meta property=\"og:image:type\" content=\"image\/png\" \/>\n<meta name=\"twitter:card\" content=\"summary_large_image\" \/>\n<meta name=\"twitter:label1\" content=\"Est. reading time\" \/>\n\t<meta name=\"twitter:data1\" content=\"1 minute\" \/>\n<script type=\"application\/ld+json\" class=\"yoast-schema-graph\">{\"@context\":\"https:\/\/schema.org\",\"@graph\":[{\"@type\":\"WebPage\",\"@id\":\"https:\/\/dev.varosun.com\/varosun-befestigungsstreifen\/\",\"url\":\"https:\/\/dev.varosun.com\/varosun-befestigungsstreifen\/\",\"name\":\"VaroSun Befestigungsstreifen g\u00fcnstig kaufen\",\"isPartOf\":{\"@id\":\"https:\/\/dev.varosun.com\/#website\"},\"primaryImageOfPage\":{\"@id\":\"https:\/\/dev.varosun.com\/varosun-befestigungsstreifen\/#primaryimage\"},\"image\":{\"@id\":\"https:\/\/dev.varosun.com\/varosun-befestigungsstreifen\/#primaryimage\"},\"thumbnailUrl\":\"https:\/\/dev.varosun.com\/wp-content\/uploads\/2021\/11\/varosun-Befestigungsstreifen.png\",\"datePublished\":\"2021-11-26T16:20:49+00:00\",\"dateModified\":\"2025-06-10T10:58:01+00:00\",\"breadcrumb\":{\"@id\":\"https:\/\/dev.varosun.com\/varosun-befestigungsstreifen\/#breadcrumb\"},\"inLanguage\":\"en-US\",\"potentialAction\":[{\"@type\":\"ReadAction\",\"target\":[\"https:\/\/dev.varosun.com\/varosun-befestigungsstreifen\/\"]}]},{\"@type\":\"ImageObject\",\"inLanguage\":\"en-US\",\"@id\":\"https:\/\/dev.varosun.com\/varosun-befestigungsstreifen\/#primaryimage\",\"url\":\"https:\/\/dev.varosun.com\/wp-content\/uploads\/2021\/11\/varosun-Befestigungsstreifen.png\",\"contentUrl\":\"https:\/\/dev.varosun.com\/wp-content\/uploads\/2021\/11\/varosun-Befestigungsstreifen.png\",\"width\":1398,\"height\":1556,\"caption\":\"varosun Befestigungsstreifen\"},{\"@type\":\"BreadcrumbList\",\"@id\":\"https:\/\/dev.varosun.com\/varosun-befestigungsstreifen\/#breadcrumb\",\"itemListElement\":[{\"@type\":\"ListItem\",\"position\":1,\"name\":\"Startseite\",\"item\":\"https:\/\/dev.varosun.com\/\"},{\"@type\":\"ListItem\",\"position\":2,\"name\":\"Shop\",\"item\":\"https:\/\/dev.varosun.com\/shop\/\"},{\"@type\":\"ListItem\",\"position\":3,\"name\":\"VaroSun Befestigungsstreifen\"}]},{\"@type\":\"WebSite\",\"@id\":\"https:\/\/dev.varosun.com\/#website\",\"url\":\"https:\/\/dev.varosun.com\/\",\"name\":\"varosun\",\"description\":\"Der praktische Sonnenschutz f\u00fcr Wohnungen und Gesch\u00e4ftsr\u00e4ume\",\"publisher\":{\"@id\":\"https:\/\/dev.varosun.com\/#organization\"},\"potentialAction\":[{\"@type\":\"SearchAction\",\"target\":{\"@type\":\"EntryPoint\",\"urlTemplate\":\"https:\/\/dev.varosun.com\/?s={search_term_string}\"},\"query-input\":{\"@type\":\"PropertyValueSpecification\",\"valueRequired\":true,\"valueName\":\"search_term_string\"}}],\"inLanguage\":\"en-US\"},{\"@type\":\"Organization\",\"@id\":\"https:\/\/dev.varosun.com\/#organization\",\"name\":\"varosun\",\"url\":\"https:\/\/dev.varosun.com\/\",\"logo\":{\"@type\":\"ImageObject\",\"inLanguage\":\"en-US\",\"@id\":\"https:\/\/dev.varosun.com\/#\/schema\/logo\/image\/\",\"url\":\"https:\/\/varosun.com\/wp-content\/uploads\/2025\/03\/Logo-NEU-e1751556799274.jpg\",\"contentUrl\":\"https:\/\/varosun.com\/wp-content\/uploads\/2025\/03\/Logo-NEU-e1751556799274.jpg\",\"width\":1154,\"height\":210,\"caption\":\"varosun\"},\"image\":{\"@id\":\"https:\/\/dev.varosun.com\/#\/schema\/logo\/image\/\"},\"sameAs\":[\"https:\/\/www.facebook.com\/p\/VaroSun-100066662166188\/\"]}]}<\/script>\n<!-- \/ Yoast SEO plugin. -->","yoast_head_json":{"title":"VaroSun Befestigungsstreifen g\u00fcnstig kaufen","robots":{"index":"noindex","follow":"follow"},"og_locale":"en_US","og_type":"article","og_title":"VaroSun Befestigungsstreifen g\u00fcnstig kaufen","og_description":"Ihre VaroSun Befestigungsstreifen halten nicht mehr richtig oder sind stark verschmutzt? Kein Problem. Gern ko\u0308nnen sie hier die passenden Befestigungsstreifen","og_url":"https:\/\/dev.varosun.com\/en\/varosun-befestigungsstreifen\/","og_site_name":"varosun","article_publisher":"https:\/\/www.facebook.com\/p\/VaroSun-100066662166188\/","article_modified_time":"2025-06-10T10:58:01+00:00","og_image":[{"width":1398,"height":1556,"url":"https:\/\/dev.varosun.com\/wp-content\/uploads\/2021\/11\/varosun-Befestigungsstreifen.png","type":"image\/png"}],"twitter_card":"summary_large_image","twitter_misc":{"Est. reading time":"1 minute"},"schema":{"@context":"https:\/\/schema.org","@graph":[{"@type":"WebPage","@id":"https:\/\/dev.varosun.com\/varosun-befestigungsstreifen\/","url":"https:\/\/dev.varosun.com\/varosun-befestigungsstreifen\/","name":"VaroSun Befestigungsstreifen g\u00fcnstig kaufen","isPartOf":{"@id":"https:\/\/dev.varosun.com\/#website"},"primaryImageOfPage":{"@id":"https:\/\/dev.varosun.com\/varosun-befestigungsstreifen\/#primaryimage"},"image":{"@id":"https:\/\/dev.varosun.com\/varosun-befestigungsstreifen\/#primaryimage"},"thumbnailUrl":"https:\/\/dev.varosun.com\/wp-content\/uploads\/2021\/11\/varosun-Befestigungsstreifen.png","datePublished":"2021-11-26T16:20:49+00:00","dateModified":"2025-06-10T10:58:01+00:00","breadcrumb":{"@id":"https:\/\/dev.varosun.com\/varosun-befestigungsstreifen\/#breadcrumb"},"inLanguage":"en-US","potentialAction":[{"@type":"ReadAction","target":["https:\/\/dev.varosun.com\/varosun-befestigungsstreifen\/"]}]},{"@type":"ImageObject","inLanguage":"en-US","@id":"https:\/\/dev.varosun.com\/varosun-befestigungsstreifen\/#primaryimage","url":"https:\/\/dev.varosun.com\/wp-content\/uploads\/2021\/11\/varosun-Befestigungsstreifen.png","contentUrl":"https:\/\/dev.varosun.com\/wp-content\/uploads\/2021\/11\/varosun-Befestigungsstreifen.png","width":1398,"height":1556,"caption":"varosun Befestigungsstreifen"},{"@type":"BreadcrumbList","@id":"https:\/\/dev.varosun.com\/varosun-befestigungsstreifen\/#breadcrumb","itemListElement":[{"@type":"ListItem","position":1,"name":"Startseite","item":"https:\/\/dev.varosun.com\/"},{"@type":"ListItem","position":2,"name":"Shop","item":"https:\/\/dev.varosun.com\/shop\/"},{"@type":"ListItem","position":3,"name":"VaroSun Befestigungsstreifen"}]},{"@type":"WebSite","@id":"https:\/\/dev.varosun.com\/#website","url":"https:\/\/dev.varosun.com\/","name":"varosun","description":"Der praktische Sonnenschutz f\u00fcr Wohnungen und Gesch\u00e4ftsr\u00e4ume","publisher":{"@id":"https:\/\/dev.varosun.com\/#organization"},"potentialAction":[{"@type":"SearchAction","target":{"@type":"EntryPoint","urlTemplate":"https:\/\/dev.varosun.com\/?s={search_term_string}"},"query-input":{"@type":"PropertyValueSpecification","valueRequired":true,"valueName":"search_term_string"}}],"inLanguage":"en-US"},{"@type":"Organization","@id":"https:\/\/dev.varosun.com\/#organization","name":"varosun","url":"https:\/\/dev.varosun.com\/","logo":{"@type":"ImageObject","inLanguage":"en-US","@id":"https:\/\/dev.varosun.com\/#\/schema\/logo\/image\/","url":"https:\/\/varosun.com\/wp-content\/uploads\/2025\/03\/Logo-NEU-e1751556799274.jpg","contentUrl":"https:\/\/varosun.com\/wp-content\/uploads\/2025\/03\/Logo-NEU-e1751556799274.jpg","width":1154,"height":210,"caption":"varosun"},"image":{"@id":"https:\/\/dev.varosun.com\/#\/schema\/logo\/image\/"},"sameAs":["https:\/\/www.facebook.com\/p\/VaroSun-100066662166188\/"]}]}},"_links":{"self":[{"href":"https:\/\/dev.varosun.com\/en\/wp-json\/wp\/v2\/product\/4549","targetHints":{"allow":["GET"]}}],"collection":[{"href":"https:\/\/dev.varosun.com\/en\/wp-json\/wp\/v2\/product"}],"about":[{"href":"https:\/\/dev.varosun.com\/en\/wp-json\/wp\/v2\/types\/product"}],"replies":[{"embeddable":true,"href":"https:\/\/dev.varosun.com\/en\/wp-json\/wp\/v2\/comments?post=4549"}],"version-history":[{"count":1,"href":"https:\/\/dev.varosun.com\/en\/wp-json\/wp\/v2\/product\/4549\/revisions"}],"predecessor-version":[{"id":10606,"href":"https:\/\/dev.varosun.com\/en\/wp-json\/wp\/v2\/product\/4549\/revisions\/10606"}],"wp:featuredmedia":[{"embeddable":true,"href":"https:\/\/dev.varosun.com\/en\/wp-json\/wp\/v2\/media\/4550"}],"wp:attachment":[{"href":"https:\/\/dev.varosun.com\/en\/wp-json\/wp\/v2\/media?parent=4549"}],"wp:term":[{"taxonomy":"product_brand","embeddable":true,"href":"https:\/\/dev.varosun.com\/en\/wp-json\/wp\/v2\/product_brand?post=4549"},{"taxonomy":"product_cat","embeddable":true,"href":"https:\/\/dev.varosun.com\/en\/wp-json\/wp\/v2\/product_cat?post=4549"},{"taxonomy":"product_tag","embeddable":true,"href":"https:\/\/dev.varosun.com\/en\/wp-json\/wp\/v2\/product_tag?post=4549"}],"curies":[{"name":"wp","href":"https:\/\/api.w.org\/{rel}","templated":true}]}}