{"id":7296,"date":"2022-07-21T16:56:51","date_gmt":"2022-07-21T14:56:51","guid":{"rendered":"https:\/\/varosun.com\/?post_type=product&#038;p=7296"},"modified":"2025-05-26T12:25:16","modified_gmt":"2025-05-26T10:25:16","slug":"sondermass","status":"publish","type":"product","link":"https:\/\/dev.varosun.com\/en\/sondermass\/","title":{"rendered":"Sonderma\u00df"},"content":{"rendered":"","protected":false},"excerpt":{"rendered":"<p>Wie per Email besprochen &#8211; bitte als St\u00fcckzahl den Preis aus der Email angeben.<br \/>\nWichtig: Mit der gleichen Email bestellen, wie auch die Kommunikation stattgefunden hat (f\u00fcr die Zuordnung).<\/p>","protected":false},"featured_media":7302,"comment_status":"closed","ping_status":"closed","template":"","meta":[],"product_brand":[],"product_cat":[227],"product_tag":[],"class_list":{"0":"post-7296","1":"product","2":"type-product","3":"status-publish","4":"has-post-thumbnail","6":"product_cat-sondermasse","8":"first","9":"instock","10":"taxable","11":"shipping-taxable","12":"purchasable","13":"product-type-simple"},"yoast_head":"<!-- This site is optimized with the Yoast SEO plugin v27.2 - https:\/\/yoast.com\/product\/yoast-seo-wordpress\/ -->\n<title>Sonderma\u00df - varosun<\/title>\n<meta name=\"robots\" content=\"noindex, follow\" \/>\n<meta property=\"og:locale\" content=\"en_US\" \/>\n<meta property=\"og:type\" content=\"article\" \/>\n<meta property=\"og:title\" content=\"Sonderma\u00df - varosun\" \/>\n<meta property=\"og:description\" content=\"Wie per Email besprochen - bitte als St\u00fcckzahl den Preis aus der Email angeben. Wichtig: Mit der gleichen Email bestellen, wie auch die Kommunikation stattgefunden hat (f\u00fcr die Zuordnung).\" \/>\n<meta property=\"og:url\" content=\"https:\/\/dev.varosun.com\/en\/sondermass\/\" \/>\n<meta property=\"og:site_name\" content=\"varosun\" \/>\n<meta property=\"article:publisher\" content=\"https:\/\/www.facebook.com\/p\/VaroSun-100066662166188\/\" \/>\n<meta property=\"article:modified_time\" content=\"2025-05-26T10:25:16+00:00\" \/>\n<meta property=\"og:image\" content=\"https:\/\/dev.varosun.com\/wp-content\/uploads\/2022\/07\/Design-ohne-Titel-3.png\" \/>\n\t<meta property=\"og:image:width\" content=\"250\" \/>\n\t<meta property=\"og:image:height\" content=\"250\" \/>\n\t<meta property=\"og:image:type\" content=\"image\/png\" \/>\n<meta name=\"twitter:card\" content=\"summary_large_image\" \/>\n<meta name=\"twitter:label1\" content=\"Est. reading time\" \/>\n\t<meta name=\"twitter:data1\" content=\"1 minute\" \/>\n<script type=\"application\/ld+json\" class=\"yoast-schema-graph\">{\"@context\":\"https:\/\/schema.org\",\"@graph\":[{\"@type\":\"WebPage\",\"@id\":\"https:\/\/dev.varosun.com\/sondermass\/\",\"url\":\"https:\/\/dev.varosun.com\/sondermass\/\",\"name\":\"Sonderma\u00df - varosun\",\"isPartOf\":{\"@id\":\"https:\/\/dev.varosun.com\/#website\"},\"primaryImageOfPage\":{\"@id\":\"https:\/\/dev.varosun.com\/sondermass\/#primaryimage\"},\"image\":{\"@id\":\"https:\/\/dev.varosun.com\/sondermass\/#primaryimage\"},\"thumbnailUrl\":\"https:\/\/dev.varosun.com\/wp-content\/uploads\/2022\/07\/Design-ohne-Titel-3.png\",\"datePublished\":\"2022-07-21T14:56:51+00:00\",\"dateModified\":\"2025-05-26T10:25:16+00:00\",\"breadcrumb\":{\"@id\":\"https:\/\/dev.varosun.com\/sondermass\/#breadcrumb\"},\"inLanguage\":\"en-US\",\"potentialAction\":[{\"@type\":\"ReadAction\",\"target\":[\"https:\/\/dev.varosun.com\/sondermass\/\"]}]},{\"@type\":\"ImageObject\",\"inLanguage\":\"en-US\",\"@id\":\"https:\/\/dev.varosun.com\/sondermass\/#primaryimage\",\"url\":\"https:\/\/dev.varosun.com\/wp-content\/uploads\/2022\/07\/Design-ohne-Titel-3.png\",\"contentUrl\":\"https:\/\/dev.varosun.com\/wp-content\/uploads\/2022\/07\/Design-ohne-Titel-3.png\",\"width\":250,\"height\":250,\"caption\":\"Fenster mit Sonderma\u00df 1\"},{\"@type\":\"BreadcrumbList\",\"@id\":\"https:\/\/dev.varosun.com\/sondermass\/#breadcrumb\",\"itemListElement\":[{\"@type\":\"ListItem\",\"position\":1,\"name\":\"Startseite\",\"item\":\"https:\/\/dev.varosun.com\/\"},{\"@type\":\"ListItem\",\"position\":2,\"name\":\"Shop\",\"item\":\"https:\/\/dev.varosun.com\/shop\/\"},{\"@type\":\"ListItem\",\"position\":3,\"name\":\"Sonderma\u00df\"}]},{\"@type\":\"WebSite\",\"@id\":\"https:\/\/dev.varosun.com\/#website\",\"url\":\"https:\/\/dev.varosun.com\/\",\"name\":\"varosun\",\"description\":\"Der praktische Sonnenschutz f\u00fcr Wohnungen und Gesch\u00e4ftsr\u00e4ume\",\"publisher\":{\"@id\":\"https:\/\/dev.varosun.com\/#organization\"},\"potentialAction\":[{\"@type\":\"SearchAction\",\"target\":{\"@type\":\"EntryPoint\",\"urlTemplate\":\"https:\/\/dev.varosun.com\/?s={search_term_string}\"},\"query-input\":{\"@type\":\"PropertyValueSpecification\",\"valueRequired\":true,\"valueName\":\"search_term_string\"}}],\"inLanguage\":\"en-US\"},{\"@type\":\"Organization\",\"@id\":\"https:\/\/dev.varosun.com\/#organization\",\"name\":\"varosun\",\"url\":\"https:\/\/dev.varosun.com\/\",\"logo\":{\"@type\":\"ImageObject\",\"inLanguage\":\"en-US\",\"@id\":\"https:\/\/dev.varosun.com\/#\/schema\/logo\/image\/\",\"url\":\"https:\/\/varosun.com\/wp-content\/uploads\/2025\/03\/Logo-NEU-e1751556799274.jpg\",\"contentUrl\":\"https:\/\/varosun.com\/wp-content\/uploads\/2025\/03\/Logo-NEU-e1751556799274.jpg\",\"width\":1154,\"height\":210,\"caption\":\"varosun\"},\"image\":{\"@id\":\"https:\/\/dev.varosun.com\/#\/schema\/logo\/image\/\"},\"sameAs\":[\"https:\/\/www.facebook.com\/p\/VaroSun-100066662166188\/\"]}]}<\/script>\n<!-- \/ Yoast SEO plugin. -->","yoast_head_json":{"title":"Sonderma\u00df - varosun","robots":{"index":"noindex","follow":"follow"},"og_locale":"en_US","og_type":"article","og_title":"Sonderma\u00df - varosun","og_description":"Wie per Email besprochen - bitte als St\u00fcckzahl den Preis aus der Email angeben. Wichtig: Mit der gleichen Email bestellen, wie auch die Kommunikation stattgefunden hat (f\u00fcr die Zuordnung).","og_url":"https:\/\/dev.varosun.com\/en\/sondermass\/","og_site_name":"varosun","article_publisher":"https:\/\/www.facebook.com\/p\/VaroSun-100066662166188\/","article_modified_time":"2025-05-26T10:25:16+00:00","og_image":[{"width":250,"height":250,"url":"https:\/\/dev.varosun.com\/wp-content\/uploads\/2022\/07\/Design-ohne-Titel-3.png","type":"image\/png"}],"twitter_card":"summary_large_image","twitter_misc":{"Est. reading time":"1 minute"},"schema":{"@context":"https:\/\/schema.org","@graph":[{"@type":"WebPage","@id":"https:\/\/dev.varosun.com\/sondermass\/","url":"https:\/\/dev.varosun.com\/sondermass\/","name":"Sonderma\u00df - varosun","isPartOf":{"@id":"https:\/\/dev.varosun.com\/#website"},"primaryImageOfPage":{"@id":"https:\/\/dev.varosun.com\/sondermass\/#primaryimage"},"image":{"@id":"https:\/\/dev.varosun.com\/sondermass\/#primaryimage"},"thumbnailUrl":"https:\/\/dev.varosun.com\/wp-content\/uploads\/2022\/07\/Design-ohne-Titel-3.png","datePublished":"2022-07-21T14:56:51+00:00","dateModified":"2025-05-26T10:25:16+00:00","breadcrumb":{"@id":"https:\/\/dev.varosun.com\/sondermass\/#breadcrumb"},"inLanguage":"en-US","potentialAction":[{"@type":"ReadAction","target":["https:\/\/dev.varosun.com\/sondermass\/"]}]},{"@type":"ImageObject","inLanguage":"en-US","@id":"https:\/\/dev.varosun.com\/sondermass\/#primaryimage","url":"https:\/\/dev.varosun.com\/wp-content\/uploads\/2022\/07\/Design-ohne-Titel-3.png","contentUrl":"https:\/\/dev.varosun.com\/wp-content\/uploads\/2022\/07\/Design-ohne-Titel-3.png","width":250,"height":250,"caption":"Fenster mit Sonderma\u00df 1"},{"@type":"BreadcrumbList","@id":"https:\/\/dev.varosun.com\/sondermass\/#breadcrumb","itemListElement":[{"@type":"ListItem","position":1,"name":"Startseite","item":"https:\/\/dev.varosun.com\/"},{"@type":"ListItem","position":2,"name":"Shop","item":"https:\/\/dev.varosun.com\/shop\/"},{"@type":"ListItem","position":3,"name":"Sonderma\u00df"}]},{"@type":"WebSite","@id":"https:\/\/dev.varosun.com\/#website","url":"https:\/\/dev.varosun.com\/","name":"varosun","description":"Der praktische Sonnenschutz f\u00fcr Wohnungen und Gesch\u00e4ftsr\u00e4ume","publisher":{"@id":"https:\/\/dev.varosun.com\/#organization"},"potentialAction":[{"@type":"SearchAction","target":{"@type":"EntryPoint","urlTemplate":"https:\/\/dev.varosun.com\/?s={search_term_string}"},"query-input":{"@type":"PropertyValueSpecification","valueRequired":true,"valueName":"search_term_string"}}],"inLanguage":"en-US"},{"@type":"Organization","@id":"https:\/\/dev.varosun.com\/#organization","name":"varosun","url":"https:\/\/dev.varosun.com\/","logo":{"@type":"ImageObject","inLanguage":"en-US","@id":"https:\/\/dev.varosun.com\/#\/schema\/logo\/image\/","url":"https:\/\/varosun.com\/wp-content\/uploads\/2025\/03\/Logo-NEU-e1751556799274.jpg","contentUrl":"https:\/\/varosun.com\/wp-content\/uploads\/2025\/03\/Logo-NEU-e1751556799274.jpg","width":1154,"height":210,"caption":"varosun"},"image":{"@id":"https:\/\/dev.varosun.com\/#\/schema\/logo\/image\/"},"sameAs":["https:\/\/www.facebook.com\/p\/VaroSun-100066662166188\/"]}]}},"_links":{"self":[{"href":"https:\/\/dev.varosun.com\/en\/wp-json\/wp\/v2\/product\/7296","targetHints":{"allow":["GET"]}}],"collection":[{"href":"https:\/\/dev.varosun.com\/en\/wp-json\/wp\/v2\/product"}],"about":[{"href":"https:\/\/dev.varosun.com\/en\/wp-json\/wp\/v2\/types\/product"}],"replies":[{"embeddable":true,"href":"https:\/\/dev.varosun.com\/en\/wp-json\/wp\/v2\/comments?post=7296"}],"version-history":[{"count":0,"href":"https:\/\/dev.varosun.com\/en\/wp-json\/wp\/v2\/product\/7296\/revisions"}],"wp:featuredmedia":[{"embeddable":true,"href":"https:\/\/dev.varosun.com\/en\/wp-json\/wp\/v2\/media\/7302"}],"wp:attachment":[{"href":"https:\/\/dev.varosun.com\/en\/wp-json\/wp\/v2\/media?parent=7296"}],"wp:term":[{"taxonomy":"product_brand","embeddable":true,"href":"https:\/\/dev.varosun.com\/en\/wp-json\/wp\/v2\/product_brand?post=7296"},{"taxonomy":"product_cat","embeddable":true,"href":"https:\/\/dev.varosun.com\/en\/wp-json\/wp\/v2\/product_cat?post=7296"},{"taxonomy":"product_tag","embeddable":true,"href":"https:\/\/dev.varosun.com\/en\/wp-json\/wp\/v2\/product_tag?post=7296"}],"curies":[{"name":"wp","href":"https:\/\/api.w.org\/{rel}","templated":true}]}}