{"id":7794,"date":"2022-09-29T15:40:00","date_gmt":"2022-09-29T13:40:00","guid":{"rendered":"https:\/\/varosun.com\/?post_type=product&#038;p=7794"},"modified":"2026-02-27T13:54:20","modified_gmt":"2026-02-27T12:54:20","slug":"sonnenschutz-fuer-wohnwagen-bestellen","status":"publish","type":"product","link":"https:\/\/dev.varosun.com\/en\/sonnenschutz-fuer-wohnwagen-bestellen\/","title":{"rendered":"Hitzeschutz f\u00fcr Wohnwagen"},"content":{"rendered":"\t\t<div data-elementor-type=\"product-post\" data-elementor-id=\"7794\" class=\"elementor elementor-7794\" data-elementor-post-type=\"product\">\n\t\t\t\t<div class=\"wd-negative-gap elementor-element elementor-element-bd89b1e wd-section-stretch e-flex e-con-boxed e-con e-parent\" data-id=\"bd89b1e\" data-element_type=\"container\" data-e-type=\"container\" data-settings=\"{&quot;background_background&quot;:&quot;classic&quot;}\">\n\t\t\t\t\t<div class=\"e-con-inner\">\n\t\t<div class=\"elementor-element elementor-element-43467ec e-con-full e-flex e-con e-child\" data-id=\"43467ec\" data-element_type=\"container\" data-e-type=\"container\">\n\t\t\t\t<div class=\"elementor-element elementor-element-1361bdf elementor-widget elementor-widget-heading\" data-id=\"1361bdf\" data-element_type=\"widget\" data-e-type=\"widget\" data-widget_type=\"heading.default\">\n\t\t\t\t\t<h2 class=\"elementor-heading-title elementor-size-default\">Kontaktformular<\/h2>\t\t\t\t<\/div>\n\t\t\t\t<div class=\"elementor-element elementor-element-91a5459 elementor-widget elementor-widget-wpforms\" data-id=\"91a5459\" data-element_type=\"widget\" data-e-type=\"widget\" data-widget_type=\"wpforms.default\">\n\t\t\t\t<div class=\"elementor-widget-container\">\n\t\t\t\t\t<style id=\"wpforms-css-vars-root\">\n\t\t\t\t:root {\n\t\t\t\t\t--wpforms-field-border-radius: 3px;\n--wpforms-field-border-style: solid;\n--wpforms-field-border-size: 1px;\n--wpforms-field-background-color: #ffffff;\n--wpforms-field-border-color: rgba( 0, 0, 0, 0.25 );\n--wpforms-field-border-color-spare: rgba( 0, 0, 0, 0.25 );\n--wpforms-field-text-color: rgba( 0, 0, 0, 0.7 );\n--wpforms-field-menu-color: #ffffff;\n--wpforms-label-color: rgba( 0, 0, 0, 0.85 );\n--wpforms-label-sublabel-color: rgba( 0, 0, 0, 0.55 );\n--wpforms-label-error-color: #d63637;\n--wpforms-button-border-radius: 3px;\n--wpforms-button-border-style: none;\n--wpforms-button-border-size: 1px;\n--wpforms-button-background-color: #066aab;\n--wpforms-button-border-color: #066aab;\n--wpforms-button-text-color: #ffffff;\n--wpforms-page-break-color: #066aab;\n--wpforms-background-image: none;\n--wpforms-background-position: center center;\n--wpforms-background-repeat: no-repeat;\n--wpforms-background-size: cover;\n--wpforms-background-width: 100px;\n--wpforms-background-height: 100px;\n--wpforms-background-color: rgba( 0, 0, 0, 0 );\n--wpforms-background-url: none;\n--wpforms-container-padding: 0px;\n--wpforms-container-border-style: none;\n--wpforms-container-border-width: 1px;\n--wpforms-container-border-color: #000000;\n--wpforms-container-border-radius: 3px;\n--wpforms-field-size-input-height: 43px;\n--wpforms-field-size-input-spacing: 15px;\n--wpforms-field-size-font-size: 16px;\n--wpforms-field-size-line-height: 19px;\n--wpforms-field-size-padding-h: 14px;\n--wpforms-field-size-checkbox-size: 16px;\n--wpforms-field-size-sublabel-spacing: 5px;\n--wpforms-field-size-icon-size: 1;\n--wpforms-label-size-font-size: 16px;\n--wpforms-label-size-line-height: 19px;\n--wpforms-label-size-sublabel-font-size: 14px;\n--wpforms-label-size-sublabel-line-height: 17px;\n--wpforms-button-size-font-size: 17px;\n--wpforms-button-size-height: 41px;\n--wpforms-button-size-padding-h: 15px;\n--wpforms-button-size-margin-top: 10px;\n--wpforms-container-shadow-size-box-shadow: none;\n\n\t\t\t\t}\n\t\t\t<\/style><style id=\"wpforms-css-vars-elementor-widget-91a5459\">\n\t\t\t\t.elementor-widget-wpforms.elementor-element-91a5459 {\n\t\t\t\t\t--wpforms-field-size-input-height: 43px;\n--wpforms-field-size-input-spacing: 15px;\n--wpforms-field-size-font-size: 16px;\n--wpforms-field-size-line-height: 19px;\n--wpforms-field-size-padding-h: 14px;\n--wpforms-field-size-checkbox-size: 16px;\n--wpforms-field-size-sublabel-spacing: 5px;\n--wpforms-field-size-icon-size: 1;\n--wpforms-label-size-font-size: 16px;\n--wpforms-label-size-line-height: 19px;\n--wpforms-label-size-sublabel-font-size: 14px;\n--wpforms-label-size-sublabel-line-height: 17px;\n--wpforms-button-size-font-size: 17px;\n--wpforms-button-size-height: 41px;\n--wpforms-button-size-padding-h: 15px;\n--wpforms-button-size-margin-top: 10px;\n\n\t\t\t\t}\n\t\t\t<\/style><div class=\"wpforms-container wpforms-container-full wpforms-render-modern\" id=\"wpforms-5858\"><form id=\"wpforms-form-5858\" class=\"wpforms-validate wpforms-form wpforms-ajax-form\" data-formid=\"5858\" method=\"post\" enctype=\"multipart\/form-data\" action=\"\/en\/wp-json\/wp\/v2\/product\/7794?wpforms_form_id=5858\" data-token=\"e24438ee17e2443cf192d8b16e6ba235\" data-token-time=\"1776144913\"><noscript class=\"wpforms-error-noscript\">Please enable JavaScript in your browser to complete this form.<\/noscript><div class=\"wpforms-hidden\" id=\"wpforms-error-noscript\">Please enable JavaScript in your browser to complete this form.<\/div><div class=\"wpforms-field-container\"><div id=\"wpforms-5858-field_0-container\" class=\"wpforms-field wpforms-field-name\" data-field-id=\"0\"><fieldset><legend class=\"wpforms-field-label\">Ihr Name <span class=\"wpforms-required-label\" aria-hidden=\"true\">*<\/span><\/legend><div class=\"wpforms-field-row wpforms-field-medium\"><div class=\"wpforms-field-row-block wpforms-first wpforms-one-half\"><input type=\"text\" id=\"wpforms-5858-field_0\" class=\"wpforms-field-name-first wpforms-field-required\" name=\"wpforms[fields][0][first]\" aria-errormessage=\"wpforms-5858-field_0-error\" required><label for=\"wpforms-5858-field_0\" class=\"wpforms-field-sublabel after\">First<\/label><\/div><div class=\"wpforms-field-row-block wpforms-one-half\"><input type=\"text\" id=\"wpforms-5858-field_0-last\" class=\"wpforms-field-name-last wpforms-field-required\" name=\"wpforms[fields][0][last]\" aria-errormessage=\"wpforms-5858-field_0-last-error\" required><label for=\"wpforms-5858-field_0-last\" class=\"wpforms-field-sublabel after\">Last<\/label><\/div><\/div><\/fieldset><\/div><div id=\"wpforms-5858-field_8-container\" class=\"wpforms-field wpforms-field-number\" data-field-id=\"8\"><label class=\"wpforms-field-label\" for=\"wpforms-5858-field_8\">PLZ <span class=\"wpforms-required-label\" aria-hidden=\"true\">*<\/span><\/label><input type=\"number\" id=\"wpforms-5858-field_8\" class=\"wpforms-field-medium wpforms-field-required\" name=\"wpforms[fields][8]\" aria-errormessage=\"wpforms-5858-field_8-error\" required><\/div><div id=\"wpforms-5858-field_1-container\" class=\"wpforms-field wpforms-field-email wpforms-one-half wpforms-first\" data-field-id=\"1\"><label class=\"wpforms-field-label\" for=\"wpforms-5858-field_1\">Ihre E-Mail-Adresse <span class=\"wpforms-required-label\" aria-hidden=\"true\">*<\/span><\/label><input type=\"email\" id=\"wpforms-5858-field_1\" class=\"wpforms-field-medium wpforms-field-required\" name=\"wpforms[fields][1]\" spellcheck=\"false\" aria-errormessage=\"wpforms-5858-field_1-error\" required><\/div><div id=\"wpforms-5858-field_2-container\" class=\"wpforms-field wpforms-field-textarea\" data-field-id=\"2\"><label class=\"wpforms-field-label\" for=\"wpforms-5858-field_2\">Ihre Nachricht <span class=\"wpforms-required-label\" aria-hidden=\"true\">*<\/span><\/label><textarea id=\"wpforms-5858-field_2\" class=\"wpforms-field-medium wpforms-field-required\" name=\"wpforms[fields][2]\" aria-errormessage=\"wpforms-5858-field_2-error\" required><\/textarea><\/div><div id=\"wpforms-5858-field_7-container\" class=\"wpforms-field wpforms-field-file-upload\" data-field-id=\"7\"><label class=\"wpforms-field-label\" for=\"wpforms-5858-field_7\">Datei hochladen<\/label><div\n\t\tclass=\"wpforms-uploader\"\n\t\tdata-field-id=\"7\"\n\t\tdata-form-id=\"5858\"\n\t\tdata-input-name=\"wpforms_5858_7\"\n\t\tdata-extensions=\"jpg,jpeg,jpe,gif,png,bmp,tiff,tif,webp,avif,ico,heic,heif,heics,heifs,asf,asx,wmv,wmx,wm,avi,divx,mov,qt,mpeg,mpg,mpe,mp4,m4v,ogv,webm,mkv,3gp,3gpp,3g2,3gp2,txt,asc,c,cc,h,srt,csv,tsv,ics,rtx,css,vtt,mp3,m4a,m4b,aac,ra,ram,wav,x-wav,ogg,oga,flac,mid,midi,wma,wax,mka,rtf,pdf,class,tar,zip,gz,gzip,rar,7z,psd,xcf,doc,pot,pps,ppt,wri,xla,xls,xlt,xlw,mpp,docx,docm,dotx,dotm,xlsx,xlsm,xlsb,xltx,xltm,xlam,pptx,pptm,ppsx,ppsm,potx,potm,ppam,sldx,sldm,onetoc,onetoc2,onepkg,oxps,xps,odt,odp,ods,odg,odc,odb,odf,wp,wpd,key,numbers,pages,svg,svgz,woff,woff2,ttf,eot\"\n\t\tdata-max-size=\"402653184\"\n\t\tdata-max-file-number=\"6\"\n\t\tdata-post-max-size=\"402653184\"\n\t\tdata-max-parallel-uploads=\"4\"\n\t\tdata-parallel-uploads=\"true\"\n\t\tdata-file-chunk-size=\"2097152\">\n\t<div class=\"dz-message\">\n\t\t<svg viewBox=\"0 0 1024 1024\" focusable=\"false\" data-icon=\"inbox\" width=\"50px\" height=\"50px\" fill=\"currentColor\" aria-hidden=\"true\">\n\t\t\t<path d=\"M885.2 446.3l-.2-.8-112.2-285.1c-5-16.1-19.9-27.2-36.8-27.2H281.2c-17 0-32.1 11.3-36.9 27.6L139.4 443l-.3.7-.2.8c-1.3 4.9-1.7 9.9-1 14.8-.1 1.6-.2 3.2-.2 4.8V830a60.9 60.9 0 0 0 60.8 60.8h627.2c33.5 0 60.8-27.3 60.9-60.8V464.1c0-1.3 0-2.6-.1-3.7.4-4.9 0-9.6-1.3-14.1zm-295.8-43l-.3 15.7c-.8 44.9-31.8 75.1-77.1 75.1-22.1 0-41.1-7.1-54.8-20.6S436 441.2 435.6 419l-.3-15.7H229.5L309 210h399.2l81.7 193.3H589.4zm-375 76.8h157.3c24.3 57.1 76 90.8 140.4 90.8 33.7 0 65-9.4 90.3-27.2 22.2-15.6 39.5-37.4 50.7-63.6h156.5V814H214.4V480.1z\"><\/path>\n\t\t<\/svg>\n\t\t<span class=\"modern-title\">Click or drag files to this area to upload.<\/span>\n\n\t\t\t\t\t<span class=\"modern-hint\">You can upload up to 6 files.<\/span>\n\t\t\t<\/div>\n<\/div>\n<input\n\t\ttype=\"text\"\n\t\tautocomplete=\"off\"\n\t\treadonly\n\t\tclass=\"dropzone-input\"\n\t\tstyle=\"position:absolute!important;clip:rect(0,0,0,0)!important;height:1px!important;width:1px!important;border:0!important;overflow:hidden!important;padding:0!important;margin:0!important;\"\n\t\tid=\"wpforms-5858-field_7\"\n\t\tname=\"wpforms_5858_7\" \t\tvalue=\"\">\n<div id=\"wpforms-5858-field_7-description\" class=\"wpforms-field-description\">Sie k\u00f6nnen uns auch gerne eine Skizze oder ein Bild Ihres Fensters schicken. <\/div><\/div><\/div><!-- .wpforms-field-container --><div class=\"wpforms-recaptcha-container wpforms-is-recaptcha wpforms-is-recaptcha-type-v3\" ><input type=\"hidden\" name=\"wpforms[recaptcha]\" value=\"\"><\/div><div class=\"wpforms-submit-container\" ><input type=\"hidden\" name=\"wpforms[id]\" value=\"5858\"><input type=\"hidden\" name=\"page_title\" value=\"\"><input type=\"hidden\" name=\"page_url\" value=\"https:\/\/dev.varosun.com\/en\/wp-json\/wp\/v2\/product\/7794\"><button type=\"submit\" name=\"wpforms[submit]\" id=\"wpforms-submit-5858\" class=\"wpforms-submit\" data-alt-text=\"Sendet...\" data-submit-text=\"Absenden\" aria-live=\"assertive\" value=\"wpforms-submit\">Absenden<\/button><img loading=\"lazy\" decoding=\"async\" src=\"https:\/\/dev.varosun.com\/wp-content\/plugins\/wpforms\/assets\/images\/submit-spin.svg\" class=\"wpforms-submit-spinner\" style=\"display: none;\" width=\"26\" height=\"26\" alt=\"Loading\"><\/div><\/form><\/div>  <!-- .wpforms-container -->\t\t\t\t<\/div>\n\t\t\t\t<\/div>\n\t\t\t\t<\/div>\n\t\t<div class=\"elementor-element elementor-element-1c4563f e-con-full e-flex e-con e-child\" data-id=\"1c4563f\" data-element_type=\"container\" data-e-type=\"container\">\n\t\t\t\t<div class=\"elementor-element elementor-element-da94fcf elementor-widget elementor-widget-image\" data-id=\"da94fcf\" data-element_type=\"widget\" data-e-type=\"widget\" data-widget_type=\"image.default\">\n\t\t\t\t\t\t\t\t\t\t\t\t\t\t\t<img loading=\"lazy\" decoding=\"async\" width=\"750\" height=\"750\" src=\"https:\/\/dev.varosun.com\/wp-content\/uploads\/2022\/09\/VaroSun-Logo-quadrat-kleiner.png.webp\" class=\"attachment-full size-full wp-image-30145\" alt=\"\" srcset=\"https:\/\/dev.varosun.com\/wp-content\/uploads\/2022\/09\/VaroSun-Logo-quadrat-kleiner.png.webp 750w, https:\/\/dev.varosun.com\/wp-content\/uploads\/2022\/09\/VaroSun-Logo-quadrat-kleiner.png-300x300.webp 300w, https:\/\/dev.varosun.com\/wp-content\/uploads\/2022\/09\/VaroSun-Logo-quadrat-kleiner.png-150x150.webp 150w, https:\/\/dev.varosun.com\/wp-content\/uploads\/2022\/09\/VaroSun-Logo-quadrat-kleiner.png-12x12.webp 12w, https:\/\/dev.varosun.com\/wp-content\/uploads\/2022\/09\/VaroSun-Logo-quadrat-kleiner.png-430x430.webp 430w, https:\/\/dev.varosun.com\/wp-content\/uploads\/2022\/09\/VaroSun-Logo-quadrat-kleiner.png-700x700.webp 700w, https:\/\/dev.varosun.com\/wp-content\/uploads\/2022\/09\/VaroSun-Logo-quadrat-kleiner.png-200x200.webp 200w\" sizes=\"auto, (max-width: 750px) 100vw, 750px\" \/>\t\t\t\t\t\t\t\t\t\t\t\t\t\t\t<\/div>\n\t\t\t\t<div class=\"elementor-element elementor-element-dbbbad4 elementor-widget elementor-widget-heading\" data-id=\"dbbbad4\" data-element_type=\"widget\" data-e-type=\"widget\" data-widget_type=\"heading.default\">\n\t\t\t\t\t<h2 class=\"elementor-heading-title elementor-size-default\">Kontaktieren Sie uns\n<\/h2>\t\t\t\t<\/div>\n\t\t\t\t<div class=\"elementor-element elementor-element-a685354 text-center elementor-widget__width-initial color-scheme-inherit elementor-widget elementor-widget-text-editor\" data-id=\"a685354\" data-element_type=\"widget\" data-e-type=\"widget\" data-widget_type=\"text-editor.default\">\n\t\t\t\t\t\t\t\t\t<p>Wir sind jederzeit per <a href=\"info@varosun.com\">E-Mail<\/a> oder \u00fcber unser Kontaktformular erreichbar.<\/p><p>Bei Fragen oder f\u00fcr eine <strong>telefonische Bestellung<\/strong> rufen Sie uns gerne unter <a href=\"tel:+4915758087703\">0157 58087703<\/a> an.<\/p>\t\t\t\t\t\t\t\t<\/div>\n\t\t\t\t<\/div>\n\t\t\t\t\t<\/div>\n\t\t\t\t<\/div>\n\t\t\t\t<\/div>\n\t\t","protected":false},"excerpt":{"rendered":"<p>Da sich die Fenstersysteme meist sehr stark unterscheiden, k\u00f6nnen wir hier <strong>kein pauschales Produkt<\/strong> f\u00fcr Wohnwagen- und Wohnmobilfenster anbieten. Gerne finden wir aber mit Ihnen gemeinsam eine L\u00f6sung. Senden Sie uns daf\u00fcr bitte Informationen zu Schlie\u00dfsystem, Fensterkanten und Fenstergr\u00f6\u00dfe Ihres Wohnwagen-Fensters zu.<\/p>\n<p>Sie k\u00f6nnen im Kontaktformular Bilder anh\u00e4ngen oder uns diese per Mail an <a href=\"mailto:info@varosun.com\">info@varosun.com<\/a> zusenden.<\/p>\n<p>Sobald wir f\u00fcr Ihr Modell eine L\u00f6sung gefunden haben, fertigen wir Ihren Hitzeschutz anschlie\u00dfend ma\u00dfgeschneidert an.<\/p>","protected":false},"featured_media":7796,"comment_status":"closed","ping_status":"closed","template":"","meta":[],"product_brand":[],"product_cat":[107],"product_tag":[],"class_list":{"0":"post-7794","1":"product","2":"type-product","3":"status-publish","4":"has-post-thumbnail","6":"product_cat-hitzeschutz-nach-mass","8":"first","9":"instock","10":"product-type-simple"},"yoast_head":"<!-- This site is optimized with the Yoast SEO plugin v27.2 - https:\/\/yoast.com\/product\/yoast-seo-wordpress\/ -->\n<title>Hitzeschutz f\u00fcr Wohnwagen - varosun<\/title>\n<meta name=\"description\" content=\"Sch\u00fctzen Sie Ihren Wohnwagen vor Hitze und ungew\u00fcnschten Einblicken mit den ma\u00dfgefertigten Sonnenschutzl\u00f6sungen von VaroSun. Unsere Produkte sind einfach zu montieren, wiederverwendbar und jederzeit abnehmbar. Perfekt angepasst an die individuellen Bed\u00fcrfnisse Ihres Wohnwagens. Bestellen Sie jetzt, um die Vorteile unserer Sonnenschutzl\u00f6sungen zu genie\u00dfen und Ihr Wohnwagen-Erlebnis zu verbessern!\" \/>\n<meta name=\"robots\" content=\"index, follow, max-snippet:-1, max-image-preview:large, max-video-preview:-1\" \/>\n<link rel=\"canonical\" href=\"https:\/\/dev.varosun.com\/en\/sonnenschutz-fuer-wohnwagen-bestellen\/\" \/>\n<meta property=\"og:locale\" content=\"en_US\" \/>\n<meta property=\"og:type\" content=\"article\" \/>\n<meta property=\"og:title\" content=\"Hitzeschutz f\u00fcr Wohnwagen - varosun\" \/>\n<meta property=\"og:description\" content=\"Sch\u00fctzen Sie Ihren Wohnwagen vor Hitze und ungew\u00fcnschten Einblicken mit den ma\u00dfgefertigten Sonnenschutzl\u00f6sungen von VaroSun. Unsere Produkte sind einfach zu montieren, wiederverwendbar und jederzeit abnehmbar. Perfekt angepasst an die individuellen Bed\u00fcrfnisse Ihres Wohnwagens. Bestellen Sie jetzt, um die Vorteile unserer Sonnenschutzl\u00f6sungen zu genie\u00dfen und Ihr Wohnwagen-Erlebnis zu verbessern!\" \/>\n<meta property=\"og:url\" content=\"https:\/\/dev.varosun.com\/en\/sonnenschutz-fuer-wohnwagen-bestellen\/\" \/>\n<meta property=\"og:site_name\" content=\"varosun\" \/>\n<meta property=\"article:publisher\" content=\"https:\/\/www.facebook.com\/p\/VaroSun-100066662166188\/\" \/>\n<meta property=\"article:modified_time\" content=\"2026-02-27T12:54:20+00:00\" \/>\n<meta property=\"og:image\" content=\"https:\/\/dev.varosun.com\/wp-content\/uploads\/2022\/09\/VaroSun-Wohnwagen-Hitzeschutz-QUADRAT.jpg\" \/>\n\t<meta property=\"og:image:width\" content=\"1512\" \/>\n\t<meta property=\"og:image:height\" content=\"1512\" \/>\n\t<meta property=\"og:image:type\" content=\"image\/jpeg\" \/>\n<meta name=\"twitter:card\" content=\"summary_large_image\" \/>\n<script type=\"application\/ld+json\" class=\"yoast-schema-graph\">{\"@context\":\"https:\/\/schema.org\",\"@graph\":[{\"@type\":\"WebPage\",\"@id\":\"https:\/\/dev.varosun.com\/sonnenschutz-fuer-wohnwagen-bestellen\/\",\"url\":\"https:\/\/dev.varosun.com\/sonnenschutz-fuer-wohnwagen-bestellen\/\",\"name\":\"Hitzeschutz f\u00fcr Wohnwagen - varosun\",\"isPartOf\":{\"@id\":\"https:\/\/dev.varosun.com\/#website\"},\"primaryImageOfPage\":{\"@id\":\"https:\/\/dev.varosun.com\/sonnenschutz-fuer-wohnwagen-bestellen\/#primaryimage\"},\"image\":{\"@id\":\"https:\/\/dev.varosun.com\/sonnenschutz-fuer-wohnwagen-bestellen\/#primaryimage\"},\"thumbnailUrl\":\"https:\/\/dev.varosun.com\/wp-content\/uploads\/2022\/09\/VaroSun-Wohnwagen-Hitzeschutz-QUADRAT.jpg\",\"datePublished\":\"2022-09-29T13:40:00+00:00\",\"dateModified\":\"2026-02-27T12:54:20+00:00\",\"description\":\"Sch\u00fctzen Sie Ihren Wohnwagen vor Hitze und ungew\u00fcnschten Einblicken mit den ma\u00dfgefertigten Sonnenschutzl\u00f6sungen von VaroSun. Unsere Produkte sind einfach zu montieren, wiederverwendbar und jederzeit abnehmbar. Perfekt angepasst an die individuellen Bed\u00fcrfnisse Ihres Wohnwagens. Bestellen Sie jetzt, um die Vorteile unserer Sonnenschutzl\u00f6sungen zu genie\u00dfen und Ihr Wohnwagen-Erlebnis zu verbessern!\",\"breadcrumb\":{\"@id\":\"https:\/\/dev.varosun.com\/sonnenschutz-fuer-wohnwagen-bestellen\/#breadcrumb\"},\"inLanguage\":\"en-US\",\"potentialAction\":[{\"@type\":\"ReadAction\",\"target\":[\"https:\/\/dev.varosun.com\/sonnenschutz-fuer-wohnwagen-bestellen\/\"]}]},{\"@type\":\"ImageObject\",\"inLanguage\":\"en-US\",\"@id\":\"https:\/\/dev.varosun.com\/sonnenschutz-fuer-wohnwagen-bestellen\/#primaryimage\",\"url\":\"https:\/\/dev.varosun.com\/wp-content\/uploads\/2022\/09\/VaroSun-Wohnwagen-Hitzeschutz-QUADRAT.jpg\",\"contentUrl\":\"https:\/\/dev.varosun.com\/wp-content\/uploads\/2022\/09\/VaroSun-Wohnwagen-Hitzeschutz-QUADRAT.jpg\",\"width\":1512,\"height\":1512,\"caption\":\"VaroSun Wohnwagen Hitzeschutz QUADRAT\"},{\"@type\":\"BreadcrumbList\",\"@id\":\"https:\/\/dev.varosun.com\/sonnenschutz-fuer-wohnwagen-bestellen\/#breadcrumb\",\"itemListElement\":[{\"@type\":\"ListItem\",\"position\":1,\"name\":\"Startseite\",\"item\":\"https:\/\/dev.varosun.com\/\"},{\"@type\":\"ListItem\",\"position\":2,\"name\":\"Shop\",\"item\":\"https:\/\/dev.varosun.com\/shop\/\"},{\"@type\":\"ListItem\",\"position\":3,\"name\":\"Hitzeschutz f\u00fcr Wohnwagen\"}]},{\"@type\":\"WebSite\",\"@id\":\"https:\/\/dev.varosun.com\/#website\",\"url\":\"https:\/\/dev.varosun.com\/\",\"name\":\"varosun\",\"description\":\"Der praktische Sonnenschutz f\u00fcr Wohnungen und Gesch\u00e4ftsr\u00e4ume\",\"publisher\":{\"@id\":\"https:\/\/dev.varosun.com\/#organization\"},\"potentialAction\":[{\"@type\":\"SearchAction\",\"target\":{\"@type\":\"EntryPoint\",\"urlTemplate\":\"https:\/\/dev.varosun.com\/?s={search_term_string}\"},\"query-input\":{\"@type\":\"PropertyValueSpecification\",\"valueRequired\":true,\"valueName\":\"search_term_string\"}}],\"inLanguage\":\"en-US\"},{\"@type\":\"Organization\",\"@id\":\"https:\/\/dev.varosun.com\/#organization\",\"name\":\"varosun\",\"url\":\"https:\/\/dev.varosun.com\/\",\"logo\":{\"@type\":\"ImageObject\",\"inLanguage\":\"en-US\",\"@id\":\"https:\/\/dev.varosun.com\/#\/schema\/logo\/image\/\",\"url\":\"https:\/\/varosun.com\/wp-content\/uploads\/2025\/03\/Logo-NEU-e1751556799274.jpg\",\"contentUrl\":\"https:\/\/varosun.com\/wp-content\/uploads\/2025\/03\/Logo-NEU-e1751556799274.jpg\",\"width\":1154,\"height\":210,\"caption\":\"varosun\"},\"image\":{\"@id\":\"https:\/\/dev.varosun.com\/#\/schema\/logo\/image\/\"},\"sameAs\":[\"https:\/\/www.facebook.com\/p\/VaroSun-100066662166188\/\"]}]}<\/script>\n<!-- \/ Yoast SEO plugin. -->","yoast_head_json":{"title":"Hitzeschutz f\u00fcr Wohnwagen - varosun","description":"Sch\u00fctzen Sie Ihren Wohnwagen vor Hitze und ungew\u00fcnschten Einblicken mit den ma\u00dfgefertigten Sonnenschutzl\u00f6sungen von VaroSun. Unsere Produkte sind einfach zu montieren, wiederverwendbar und jederzeit abnehmbar. Perfekt angepasst an die individuellen Bed\u00fcrfnisse Ihres Wohnwagens. Bestellen Sie jetzt, um die Vorteile unserer Sonnenschutzl\u00f6sungen zu genie\u00dfen und Ihr Wohnwagen-Erlebnis zu verbessern!","robots":{"index":"index","follow":"follow","max-snippet":"max-snippet:-1","max-image-preview":"max-image-preview:large","max-video-preview":"max-video-preview:-1"},"canonical":"https:\/\/dev.varosun.com\/en\/sonnenschutz-fuer-wohnwagen-bestellen\/","og_locale":"en_US","og_type":"article","og_title":"Hitzeschutz f\u00fcr Wohnwagen - varosun","og_description":"Sch\u00fctzen Sie Ihren Wohnwagen vor Hitze und ungew\u00fcnschten Einblicken mit den ma\u00dfgefertigten Sonnenschutzl\u00f6sungen von VaroSun. Unsere Produkte sind einfach zu montieren, wiederverwendbar und jederzeit abnehmbar. Perfekt angepasst an die individuellen Bed\u00fcrfnisse Ihres Wohnwagens. Bestellen Sie jetzt, um die Vorteile unserer Sonnenschutzl\u00f6sungen zu genie\u00dfen und Ihr Wohnwagen-Erlebnis zu verbessern!","og_url":"https:\/\/dev.varosun.com\/en\/sonnenschutz-fuer-wohnwagen-bestellen\/","og_site_name":"varosun","article_publisher":"https:\/\/www.facebook.com\/p\/VaroSun-100066662166188\/","article_modified_time":"2026-02-27T12:54:20+00:00","og_image":[{"width":1512,"height":1512,"url":"https:\/\/dev.varosun.com\/wp-content\/uploads\/2022\/09\/VaroSun-Wohnwagen-Hitzeschutz-QUADRAT.jpg","type":"image\/jpeg"}],"twitter_card":"summary_large_image","schema":{"@context":"https:\/\/schema.org","@graph":[{"@type":"WebPage","@id":"https:\/\/dev.varosun.com\/sonnenschutz-fuer-wohnwagen-bestellen\/","url":"https:\/\/dev.varosun.com\/sonnenschutz-fuer-wohnwagen-bestellen\/","name":"Hitzeschutz f\u00fcr Wohnwagen - varosun","isPartOf":{"@id":"https:\/\/dev.varosun.com\/#website"},"primaryImageOfPage":{"@id":"https:\/\/dev.varosun.com\/sonnenschutz-fuer-wohnwagen-bestellen\/#primaryimage"},"image":{"@id":"https:\/\/dev.varosun.com\/sonnenschutz-fuer-wohnwagen-bestellen\/#primaryimage"},"thumbnailUrl":"https:\/\/dev.varosun.com\/wp-content\/uploads\/2022\/09\/VaroSun-Wohnwagen-Hitzeschutz-QUADRAT.jpg","datePublished":"2022-09-29T13:40:00+00:00","dateModified":"2026-02-27T12:54:20+00:00","description":"Sch\u00fctzen Sie Ihren Wohnwagen vor Hitze und ungew\u00fcnschten Einblicken mit den ma\u00dfgefertigten Sonnenschutzl\u00f6sungen von VaroSun. Unsere Produkte sind einfach zu montieren, wiederverwendbar und jederzeit abnehmbar. Perfekt angepasst an die individuellen Bed\u00fcrfnisse Ihres Wohnwagens. Bestellen Sie jetzt, um die Vorteile unserer Sonnenschutzl\u00f6sungen zu genie\u00dfen und Ihr Wohnwagen-Erlebnis zu verbessern!","breadcrumb":{"@id":"https:\/\/dev.varosun.com\/sonnenschutz-fuer-wohnwagen-bestellen\/#breadcrumb"},"inLanguage":"en-US","potentialAction":[{"@type":"ReadAction","target":["https:\/\/dev.varosun.com\/sonnenschutz-fuer-wohnwagen-bestellen\/"]}]},{"@type":"ImageObject","inLanguage":"en-US","@id":"https:\/\/dev.varosun.com\/sonnenschutz-fuer-wohnwagen-bestellen\/#primaryimage","url":"https:\/\/dev.varosun.com\/wp-content\/uploads\/2022\/09\/VaroSun-Wohnwagen-Hitzeschutz-QUADRAT.jpg","contentUrl":"https:\/\/dev.varosun.com\/wp-content\/uploads\/2022\/09\/VaroSun-Wohnwagen-Hitzeschutz-QUADRAT.jpg","width":1512,"height":1512,"caption":"VaroSun Wohnwagen Hitzeschutz QUADRAT"},{"@type":"BreadcrumbList","@id":"https:\/\/dev.varosun.com\/sonnenschutz-fuer-wohnwagen-bestellen\/#breadcrumb","itemListElement":[{"@type":"ListItem","position":1,"name":"Startseite","item":"https:\/\/dev.varosun.com\/"},{"@type":"ListItem","position":2,"name":"Shop","item":"https:\/\/dev.varosun.com\/shop\/"},{"@type":"ListItem","position":3,"name":"Hitzeschutz f\u00fcr Wohnwagen"}]},{"@type":"WebSite","@id":"https:\/\/dev.varosun.com\/#website","url":"https:\/\/dev.varosun.com\/","name":"varosun","description":"Der praktische Sonnenschutz f\u00fcr Wohnungen und Gesch\u00e4ftsr\u00e4ume","publisher":{"@id":"https:\/\/dev.varosun.com\/#organization"},"potentialAction":[{"@type":"SearchAction","target":{"@type":"EntryPoint","urlTemplate":"https:\/\/dev.varosun.com\/?s={search_term_string}"},"query-input":{"@type":"PropertyValueSpecification","valueRequired":true,"valueName":"search_term_string"}}],"inLanguage":"en-US"},{"@type":"Organization","@id":"https:\/\/dev.varosun.com\/#organization","name":"varosun","url":"https:\/\/dev.varosun.com\/","logo":{"@type":"ImageObject","inLanguage":"en-US","@id":"https:\/\/dev.varosun.com\/#\/schema\/logo\/image\/","url":"https:\/\/varosun.com\/wp-content\/uploads\/2025\/03\/Logo-NEU-e1751556799274.jpg","contentUrl":"https:\/\/varosun.com\/wp-content\/uploads\/2025\/03\/Logo-NEU-e1751556799274.jpg","width":1154,"height":210,"caption":"varosun"},"image":{"@id":"https:\/\/dev.varosun.com\/#\/schema\/logo\/image\/"},"sameAs":["https:\/\/www.facebook.com\/p\/VaroSun-100066662166188\/"]}]}},"_links":{"self":[{"href":"https:\/\/dev.varosun.com\/en\/wp-json\/wp\/v2\/product\/7794","targetHints":{"allow":["GET"]}}],"collection":[{"href":"https:\/\/dev.varosun.com\/en\/wp-json\/wp\/v2\/product"}],"about":[{"href":"https:\/\/dev.varosun.com\/en\/wp-json\/wp\/v2\/types\/product"}],"replies":[{"embeddable":true,"href":"https:\/\/dev.varosun.com\/en\/wp-json\/wp\/v2\/comments?post=7794"}],"version-history":[{"count":10,"href":"https:\/\/dev.varosun.com\/en\/wp-json\/wp\/v2\/product\/7794\/revisions"}],"predecessor-version":[{"id":30323,"href":"https:\/\/dev.varosun.com\/en\/wp-json\/wp\/v2\/product\/7794\/revisions\/30323"}],"wp:featuredmedia":[{"embeddable":true,"href":"https:\/\/dev.varosun.com\/en\/wp-json\/wp\/v2\/media\/7796"}],"wp:attachment":[{"href":"https:\/\/dev.varosun.com\/en\/wp-json\/wp\/v2\/media?parent=7794"}],"wp:term":[{"taxonomy":"product_brand","embeddable":true,"href":"https:\/\/dev.varosun.com\/en\/wp-json\/wp\/v2\/product_brand?post=7794"},{"taxonomy":"product_cat","embeddable":true,"href":"https:\/\/dev.varosun.com\/en\/wp-json\/wp\/v2\/product_cat?post=7794"},{"taxonomy":"product_tag","embeddable":true,"href":"https:\/\/dev.varosun.com\/en\/wp-json\/wp\/v2\/product_tag?post=7794"}],"curies":[{"name":"wp","href":"https:\/\/api.w.org\/{rel}","templated":true}]}}